{"id":18,"date":"2023-06-15T12:33:43","date_gmt":"2023-06-15T12:33:43","guid":{"rendered":"https:\/\/dummy.xtemos.com\/woodmart2\/kids-elementor\/?page_id=18"},"modified":"2024-05-19T17:25:38","modified_gmt":"2024-05-19T14:25:38","slug":"bize-ulasin","status":"publish","type":"page","link":"https:\/\/gizemkis.com\/ar\/\u0627\u062a\u0635\u0644-\u0628\u0646\u0627\/","title":{"rendered":"\u0627\u062a\u0635\u0644 \u0628\u0646\u0627"},"content":{"rendered":"<div data-elementor-type=\"wp-page\" data-elementor-id=\"18\" class=\"elementor elementor-18\" data-elementor-post-type=\"page\">\n\t\t\t\t<div class=\"elementor-element elementor-element-18f1cbd wd-section-stretch-content e-con-full e-flex e-con e-parent\" data-id=\"18f1cbd\" data-element_type=\"container\" data-e-type=\"container\">\n\t\t<div class=\"elementor-element elementor-element-243d503 e-con-full e-flex e-con e-child\" data-id=\"243d503\" data-element_type=\"container\" data-e-type=\"container\">\n\t\t\t\t<div class=\"elementor-element elementor-element-8353ebf wd-width-100 elementor-widget elementor-widget-wd_google_map\" data-id=\"8353ebf\" data-element_type=\"widget\" data-e-type=\"widget\" data-widget_type=\"wd_google_map.default\">\n\t\t\t\t<div class=\"elementor-widget-container\">\n\t\t\t\t\t\t\t<div class=\"google-map-container wd-map-container map-container-with-content\" style=\"--wd-justify-content: left; --wd-align-items: center;\" data-map-args='{&quot;multiple_markers&quot;:&quot;no&quot;,&quot;latitude&quot;:&quot;38.424218646135884&quot;,&quot;longitude&quot;:&quot;27.134824896809285&quot;,&quot;zoom&quot;:16,&quot;mouse_zoom&quot;:&quot;no&quot;,&quot;init_type&quot;:&quot;page_load&quot;,&quot;init_offset&quot;:&quot;&quot;,&quot;json_style&quot;:&quot;&quot;,&quot;marker_icon&quot;:&quot;https:\\\/\\\/gizemkis.com\\\/wp-content\\\/themes\\\/woodmart\\\/inc\\\/admin\\\/assets\\\/images\\\/google-icon.png&quot;,&quot;marker_icon_size&quot;:&quot;&quot;,&quot;elementor&quot;:true,&quot;marker_text_needed&quot;:&quot;no&quot;,&quot;marker_text&quot;:&quot;&lt;h3 style=\\&quot;min-width:300px; text-align:center; margin:15px;\\&quot;&gt;&lt;\\\/h3&gt;&quot;,&quot;selector&quot;:&quot;wd-map-id-69f36fe61e45c&quot;,&quot;markers&quot;:null,&quot;center&quot;:&quot;&quot;}'>\n\n\t\t\t\n\t\t\t\n\t\t\t<div class=\"wd-google-map-wrapper wd-map-wrapper wd-fill\">\n\t\t\t\t<div id=\"wd-map-id-69f36fe61e45c\" class=\"wd-google-map without-content wd-fill\"><\/div>\n\t\t\t<\/div>\n\n\t\t\t\t\t\t\t<div class=\"wd-google-map-content-wrap wd-map-content-wrap\">\n\t\t\t\t\t<div class=\"wd-google-map-content wd-map-content wd-entry-content\">\n\t\t\t\t\t\t\t\t\t\t\t\t\t<div>\u0645\u062a\u062c\u0631 \u0645\u0644\u0627\u0628\u0633 \u0646\u0633\u0627\u0626\u064a\u0629<\/div>\n<h4>\u062c\u064a\u0632\u0645 \u0648\u064a\u0646\u062a\u0631<\/h4>\n<div>\n<p>\u0645\u0639\u0645\u0627\u0631 \u0643\u0645\u0627\u0644 \u0627\u0644\u062f\u064a\u0646 \u0643\u0627\u062f 1329 \u0634\u0627\u0631\u0639 \u0631\u0642\u0645: 20 \u0627\u0644\u0637\u0627\u0628\u0642:1 \u062f:104 \u0628\u0627\u0632\u0627\u0631 \u0627\u0643\u0633\u0627\u0632\u060c 35220 \u0643\u0648\u0646\u0627\u0643 \/ \u0625\u0632\u0645\u064a\u0631<\/p>\n<\/div>\n<div>\n<div><a href=\"https:\/\/maps.app.goo.gl\/VagBq3tHU9XTeMdH8\" target=\"_blank\" rel=\"noopener\"><u>\u062a\u0639\u0631\u064a\u0641 \u0627\u0644\u0637\u0631\u064a\u0642<\/u><\/a><\/div>\n<\/div>\n\t\t\t\t\t\t\t\t\t\t\t<\/div>\n\t\t\t\t<\/div>\n\t\t\t\t\t<\/div>\n\t\t\t\t\t\t<\/div>\n\t\t\t\t<\/div>\n\t\t\t\t<\/div>\n\t\t\t\t<\/div>\n\t\t<div class=\"wd-negative-gap elementor-element elementor-element-ba19780 e-flex e-con-boxed e-con e-parent\" data-id=\"ba19780\" data-element_type=\"container\" data-e-type=\"container\">\n\t\t\t\t\t<div class=\"e-con-inner\">\n\t\t<div class=\"elementor-element elementor-element-d78fe8e e-con-full e-flex e-con e-child\" data-id=\"d78fe8e\" data-element_type=\"container\" data-e-type=\"container\">\n\t\t\t\t<div class=\"elementor-element elementor-element-6540561 elementor-widget elementor-widget-wd_infobox\" data-id=\"6540561\" data-element_type=\"widget\" data-e-type=\"widget\" data-widget_type=\"wd_infobox.default\">\n\t\t\t\t<div class=\"elementor-widget-container\">\n\t\t\t\t\t\t\t<div class=\"info-box-wrapper\">\n\t\t\t<div class=\"wd-info-box text-left box-icon-align-top box-style-base color-scheme-\">\n\t\t\t\t\n\t\t\t\t<div class=\"info-box-content\">\n\t\t\t\t\t\n\t\t\t\t\t\t\t\t\t\t\t<h4\t\t\t\t\t\tclass=\"info-box-title title box-title-style-underlined wd-fontsize-s\" data-elementor-setting-key=\"title\">\n\t\t\t\t\t\t\t\t\u0639\u0646\u0648\u0627\u0646\t\t\t\t\t\t<\/h4>\n\t\t\t\t\t\n\t\t\t\t\t<div class=\"info-box-inner reset-last-child\"data-elementor-setting-key=\"content\"><p>1326 \u0634. \u0631\u0642\u0645: 20\u060c \u0627\u0644\u0637\u0627\u0628\u0642 1\u060c \u0634\u0642\u0629 104\u060c Aksaz Car\u015f\u0131s\u0131\u060c \u062a\u0634\u0627\u0646\u0643\u0627\u064a\u0627\u060c \u0625\u0632\u0645\u064a\u0631<\/p>\n<\/div>\n\n\t\t\t\t\t\t\t\t\t<\/div>\n\n\t\t\t\t\t\t\t<\/div>\n\t\t<\/div>\n\t\t\t\t\t\t<\/div>\n\t\t\t\t<\/div>\n\t\t\t\t<\/div>\n\t\t<div class=\"elementor-element elementor-element-cd4aeaf e-con-full e-flex e-con e-child\" data-id=\"cd4aeaf\" data-element_type=\"container\" data-e-type=\"container\">\n\t\t\t\t<div class=\"elementor-element elementor-element-c1a7bed elementor-widget elementor-widget-wd_infobox\" data-id=\"c1a7bed\" data-element_type=\"widget\" data-e-type=\"widget\" data-widget_type=\"wd_infobox.default\">\n\t\t\t\t<div class=\"elementor-widget-container\">\n\t\t\t\t\t\t\t<div class=\"info-box-wrapper\">\n\t\t\t<div class=\"wd-info-box text-left box-icon-align-top box-style-base color-scheme-\">\n\t\t\t\t\n\t\t\t\t<div class=\"info-box-content\">\n\t\t\t\t\t\n\t\t\t\t\t\t\t\t\t\t\t<h4\t\t\t\t\t\tclass=\"info-box-title title box-title-style-underlined wd-fontsize-s\" data-elementor-setting-key=\"title\">\n\t\t\t\t\t\t\t\t\u0647\u0627\u062a\u0641\t\t\t\t\t\t<\/h4>\n\t\t\t\t\t\n\t\t\t\t\t<div class=\"info-box-inner reset-last-child\"data-elementor-setting-key=\"content\"><p><a href=\"\/ar\/\u0647\u0627\u062a\u0641: 905466291831\/\"><u>0546 629 1831<\/u><\/a><\/p>\n<\/div>\n\n\t\t\t\t\t\t\t\t\t<\/div>\n\n\t\t\t\t\t\t\t<\/div>\n\t\t<\/div>\n\t\t\t\t\t\t<\/div>\n\t\t\t\t<\/div>\n\t\t\t\t<\/div>\n\t\t<div class=\"elementor-element elementor-element-3983646 e-con-full e-flex e-con e-child\" data-id=\"3983646\" data-element_type=\"container\" data-e-type=\"container\">\n\t\t\t\t<div class=\"elementor-element elementor-element-5f31434 elementor-widget elementor-widget-wd_infobox\" data-id=\"5f31434\" data-element_type=\"widget\" data-e-type=\"widget\" data-widget_type=\"wd_infobox.default\">\n\t\t\t\t<div class=\"elementor-widget-container\">\n\t\t\t\t\t\t\t<div class=\"info-box-wrapper\">\n\t\t\t<div class=\"wd-info-box text-left box-icon-align-top box-style-base color-scheme-\">\n\t\t\t\t\n\t\t\t\t<div class=\"info-box-content\">\n\t\t\t\t\t\n\t\t\t\t\t\t\t\t\t\t\t<h4\t\t\t\t\t\tclass=\"info-box-title title box-title-style-underlined wd-fontsize-s\" data-elementor-setting-key=\"title\">\n\t\t\t\t\t\t\t\t\u0628\u0631\u064a\u062f \u0625\u0644\u0643\u062a\u0631\u0648\u0646\u064a\t\t\t\t\t\t<\/h4>\n\t\t\t\t\t\n\t\t\t\t\t<div class=\"info-box-inner reset-last-child\"data-elementor-setting-key=\"content\"><p><a href=\"mailto:gizem.kis35@gmail.com\"><u>gizem.kis35@gmail.com<\/u><\/a><\/p>\n<\/div>\n\n\t\t\t\t\t\t\t\t\t<\/div>\n\n\t\t\t\t\t\t\t<\/div>\n\t\t<\/div>\n\t\t\t\t\t\t<\/div>\n\t\t\t\t<\/div>\n\t\t\t\t<\/div>\n\t\t<div class=\"elementor-element elementor-element-d499756 e-con-full e-flex e-con e-child\" data-id=\"d499756\" data-element_type=\"container\" data-e-type=\"container\">\n\t\t\t\t<div class=\"elementor-element elementor-element-26f6ab5 elementor-widget elementor-widget-wd_infobox\" data-id=\"26f6ab5\" data-element_type=\"widget\" data-e-type=\"widget\" data-widget_type=\"wd_infobox.default\">\n\t\t\t\t<div class=\"elementor-widget-container\">\n\t\t\t\t\t\t\t<div class=\"info-box-wrapper\">\n\t\t\t<div class=\"wd-info-box text-left box-icon-align-top box-style-base color-scheme-\">\n\t\t\t\t\n\t\t\t\t<div class=\"info-box-content\">\n\t\t\t\t\t\n\t\t\t\t\t\t\t\t\t\t\t<h4\t\t\t\t\t\tclass=\"info-box-title title box-title-style-underlined wd-fontsize-s\" data-elementor-setting-key=\"title\">\n\t\t\t\t\t\t\t\t\u0633\u0627\u0639\u0627\u062a \u0627\u0644\u0639\u0645\u0644 \u0644\u062f\u064a\u0646\u0627\t\t\t\t\t\t<\/h4>\n\t\t\t\t\t\n\t\t\t\t\t<div class=\"info-box-inner reset-last-child\"data-elementor-setting-key=\"content\"><p><strong>\u0627\u0644\u0625\u062b\u0646\u064a\u0646\u060c \u0627\u0644\u062c\u0645\u0639\u0629<\/strong> : 09:00 - 19:00<\/p>\n<p><strong>\u0627\u0644\u0633\u0628\u062a<\/strong> : 09:00 - 16:00<\/p>\n<\/div>\n\n\t\t\t\t\t\t\t\t\t<\/div>\n\n\t\t\t\t\t\t\t<\/div>\n\t\t<\/div>\n\t\t\t\t\t\t<\/div>\n\t\t\t\t<\/div>\n\t\t\t\t<\/div>\n\t\t\t\t\t<\/div>\n\t\t\t\t<\/div>\n\t\t<div class=\"elementor-element elementor-element-2fb8de6 e-flex e-con-boxed e-con e-parent\" data-id=\"2fb8de6\" data-element_type=\"container\" data-e-type=\"container\">\n\t\t\t\t\t<div class=\"e-con-inner\">\n\t\t<div class=\"elementor-element elementor-element-2950149 e-con-full e-flex e-con e-child\" data-id=\"2950149\" data-element_type=\"container\" data-e-type=\"container\">\n\t\t\t\t<div class=\"elementor-element elementor-element-5ff4210 wd-width-100 elementor-widget elementor-widget-wd_title\" data-id=\"5ff4210\" data-element_type=\"widget\" data-e-type=\"widget\" data-widget_type=\"wd_title.default\">\n\t\t\t\t<div class=\"elementor-widget-container\">\n\t\t\t\t\t\t\t<div class=\"title-wrapper wd-set-mb reset-last-child wd-title-color-default wd-title-style-default wd-title-size-extra-large text-center\">\n\n\t\t\t\n\t\t\t<div class=\"liner-continer\">\n\t\t\t\t<h1 class=\"woodmart-title-container title wd-fontsize-xxxl\">\u0627\u062a\u0635\u0644 \u0628\u0646\u0627<\/h1> \n\t\t\t\t\t\t\t<\/div>\n\n\t\t\t\t\t\t\t<div class=\"title-after_title reset-last-child wd-fontsize-s\">\n\t\t\t\t\t\u0633\u0646\u0643\u0648\u0646 \u0633\u0639\u062f\u0627\u0621 \u0644\u0644\u0625\u062c\u0627\u0628\u0629 \u0639\u0644\u0649 \u0623\u064a \u0623\u0633\u0626\u0644\u0629 \u0642\u062f \u062a\u0643\u0648\u0646 \u0644\u062f\u064a\u0643\u0645 \u0641\u064a\u0645\u0627 \u064a\u062a\u0639\u0644\u0642 \u0628\u0645\u0628\u064a\u0639\u0627\u062a\u0646\u0627 \u0623\u0648 \u062d\u0642\u0648\u0642\u0646\u0627 \u0623\u0648 \u0645\u0646\u062a\u062c\u0627\u062a\u0646\u0627 \u0639\u0628\u0631 \u0627\u0644\u0625\u0646\u062a\u0631\u0646\u062a.\t\t\t\t<\/div>\n\t\t\t\t\t<\/div>\n\t\t\t\t\t\t<\/div>\n\t\t\t\t<\/div>\n\t\t\t\t<div class=\"elementor-element elementor-element-891b3c0 wd-cf7 elementor-widget elementor-widget-wd_contact_form_7\" data-id=\"891b3c0\" data-element_type=\"widget\" data-e-type=\"widget\" data-widget_type=\"wd_contact_form_7.default\">\n\t\t\t\t<div class=\"elementor-widget-container\">\n\t\t\t\t\t\n<div class=\"wpcf7 no-js\" id=\"wpcf7-f2127-o1\" lang=\"tr-TR\" dir=\"ltr\" data-wpcf7-id=\"2127\">\n<div class=\"screen-reader-response\"><p role=\"status\" aria-live=\"polite\" aria-atomic=\"true\"><\/p> <ul><\/ul><\/div>\n<form action=\"\/ar\/wp-json\/wp\/v2\/pages\/18#wpcf7-f2127-o1\" method=\"post\" class=\"wpcf7-form init\" aria-label=\"\u0646\u0645\u0648\u0630\u062c \u0627\u0644\u0627\u062a\u0635\u0627\u0644\" novalidate=\"novalidate\" data-status=\"init\" data-trp-original-action=\"\/ar\/wp-json\/wp\/v2\/pages\/18#wpcf7-f2127-o1\">\n<fieldset class=\"hidden-fields-container\"><input type=\"hidden\" name=\"_wpcf7\" value=\"2127\" \/><input type=\"hidden\" name=\"_wpcf7_version\" value=\"6.1.5\" \/><input type=\"hidden\" name=\"_wpcf7_locale\" value=\"tr_TR\" \/><input type=\"hidden\" name=\"_wpcf7_unit_tag\" value=\"wpcf7-f2127-o1\" \/><input type=\"hidden\" name=\"_wpcf7_container_post\" value=\"0\" \/><input type=\"hidden\" name=\"_wpcf7_posted_data_hash\" value=\"\" \/>\n<\/fieldset>\n<div class=\"row\">\n\t<p class=\"col-md-6\"><span class=\"wpcf7-form-control-wrap\" data-name=\"your-name\"><input size=\"40\" maxlength=\"400\" class=\"wpcf7-form-control wpcf7-text wpcf7-validates-as-required\" autocomplete=\"name\" aria-required=\"true\" aria-invalid=\"false\" value=\"Ad\u0131n\u0131z Soyad\u0131n\u0131z\" type=\"text\" name=\"your-name\" \/><\/span>\n\t<\/p>\n\t<p class=\"col-md-6\"><span class=\"wpcf7-form-control-wrap\" data-name=\"your-email\"><input size=\"40\" maxlength=\"400\" class=\"wpcf7-form-control wpcf7-email wpcf7-validates-as-required wpcf7-text wpcf7-validates-as-email\" autocomplete=\"email\" aria-required=\"true\" aria-invalid=\"false\" value=\"E-Posta\" type=\"email\" name=\"your-email\" \/><\/span>\n\t<\/p>\n<\/div>\n<p><span class=\"wpcf7-form-control-wrap\" data-name=\"your-message\"><textarea cols=\"40\" rows=\"10\" maxlength=\"2000\" class=\"wpcf7-form-control wpcf7-textarea\" aria-invalid=\"false\" name=\"your-message\">Mesaj\u0131n\u0131z<\/textarea><\/span>\n<\/p>\n<p><input class=\"wpcf7-form-control wpcf7-submit has-spinner btn btn-color-primary btn-style-semi-round\" type=\"submit\" value=\"\u064a\u0631\u0633\u0644\" \/>\n<\/p><div class=\"wpcf7-response-output\" aria-hidden=\"true\"><\/div>\n<input type=\"hidden\" name=\"trp-form-language\" value=\"ar\"\/><\/form>\n<\/div>\n\t\t\t\t<\/div>\n\t\t\t\t<\/div>\n\t\t\t\t<\/div>\n\t\t\t\t\t<\/div>\n\t\t\t\t<\/div>\n\t\t<div class=\"wd-negative-gap elementor-element elementor-element-1e0e217 wd-collapsible-content e-flex e-con-boxed e-con e-parent\" data-id=\"1e0e217\" data-element_type=\"container\" data-e-type=\"container\">\n\t\t\t\t\t<div class=\"e-con-inner\">\n\t\t\t\t<div class=\"elementor-element elementor-element-900afa5 elementor-widget elementor-widget-wd_text_block\" data-id=\"900afa5\" data-element_type=\"widget\" data-e-type=\"widget\" data-widget_type=\"wd_text_block.default\">\n\t\t\t\t<div class=\"elementor-widget-container\">\n\t\t\t\t\t\t\t<div class=\"wd-text-block reset-last-child text-left\">\n\t\t\t\n\t\t\t<p><strong>\u0627\u062a\u0635\u0644 \u0628\u0646\u0627: \u0627\u062a\u0635\u0644 \u0628\u0640 Gizem K\u0131\u015f<\/strong><\/p><h3>\u0645\u0639\u0644\u0648\u0645\u0627\u062a \u0627\u0644\u0627\u062a\u0635\u0627\u0644<\/h3><p>\u0623\u0635\u0628\u062d \u0627\u0644\u0622\u0646 \u0645\u0646 \u0627\u0644\u0633\u0647\u0644 \u062c\u062f\u064b\u0627 \u0627\u0644\u0627\u062a\u0635\u0627\u0644 \u0628\u0640 Gizem K\u0131\u015f. \u062e\u062f\u0645\u0629 \u0627\u0644\u0639\u0645\u0644\u0627\u0621 \u0644\u062f\u064a\u0646\u0627 \u0647\u0646\u0627 \u0644\u062a\u0648\u0641\u0631 \u0644\u0643 \u0623\u0641\u0636\u0644 \u062e\u062f\u0645\u0629. \u064a\u0645\u0643\u0646\u0643 \u0645\u0634\u0627\u0631\u0643\u0629 \u0623\u0633\u0626\u0644\u062a\u0643 \u0623\u0648 \u0627\u0642\u062a\u0631\u0627\u062d\u0627\u062a\u0643 \u0623\u0648 \u0623\u064a \u0645\u0634\u0643\u0644\u0629 \u062a\u062a\u0639\u0644\u0642 \u0628\u0637\u0644\u0628\u0627\u062a\u0643 \u0645\u0639\u0646\u0627.<\/p><h3>\u0627\u0644\u062f\u0639\u0645 \u0648\u0627\u0644\u0645\u0633\u0627\u0639\u062f\u0629<\/h3><p>\u0631\u0636\u0627 \u0627\u0644\u0639\u0645\u0644\u0627\u0621 \u0645\u0647\u0645 \u062c\u062f\u0627 \u0628\u0627\u0644\u0646\u0633\u0628\u0629 \u0644\u0646\u0627. \u0646\u062d\u0646 \u0639\u0644\u0649 \u0627\u0633\u062a\u0639\u062f\u0627\u062f \u0644\u0645\u0633\u0627\u0639\u062f\u062a\u0643 \u0641\u064a \u0623\u064a \u0645\u0633\u0623\u0644\u0629. \u064a\u0645\u0643\u0646\u0643 \u0627\u0644\u062a\u0648\u0627\u0635\u0644 \u0645\u0639\u0646\u0627 \u0639\u0646 \u0637\u0631\u064a\u0642 \u0645\u0644\u0621 \u0646\u0645\u0648\u0630\u062c \u0627\u0644\u0627\u062a\u0635\u0627\u0644 \u0623\u0648 \u0645\u0628\u0627\u0634\u0631\u0629 \u0639\u0628\u0631 \u0627\u0644\u0628\u0631\u064a\u062f \u0627\u0644\u0625\u0644\u0643\u062a\u0631\u0648\u0646\u064a \u0648\u0631\u0642\u0645 \u0627\u0644\u0647\u0627\u062a\u0641.<\/p><h3>\u062a\u0639\u0644\u064a\u0642\u0627\u062a\u0643<\/h3><p>\u0645\u0644\u0627\u062d\u0638\u0627\u062a\u0643 \u062a\u0631\u0634\u062f\u0646\u0627 \u0625\u0644\u0649 \u062a\u062d\u0633\u064a\u0646 \u062c\u0648\u062f\u0629 \u062e\u062f\u0645\u0627\u062a\u0646\u0627. \u064a\u0645\u0643\u0646\u0643 \u0627\u0644\u0645\u0633\u0627\u0647\u0645\u0629 \u0641\u064a \u062a\u062d\u0633\u064a\u0646 \u062e\u062f\u0645\u0627\u062a\u0646\u0627 \u0645\u0646 \u062e\u0644\u0627\u0644 \u0645\u0634\u0627\u0631\u0643\u0629 \u0622\u0631\u0627\u0626\u0643 \u0645\u0639\u0646\u0627. \u0628\u0627\u0639\u062a\u0628\u0627\u0631\u0646\u0627 \u0639\u0627\u0626\u0644\u0629 Gizem K\u0131\u015f\u060c \u0646\u0647\u062f\u0641 \u0625\u0644\u0649 \u062a\u0642\u062f\u064a\u0645 \u0623\u0641\u0636\u0644 \u062a\u062c\u0631\u0628\u0629 \u062a\u0633\u0648\u0642 \u0644\u0643.<\/p><p>\u0644\u0644\u062a\u0648\u0627\u0635\u0644 \u0645\u0639\u0646\u0627\u060c \u0627\u0645\u0644\u0623 \u0627\u0644\u0646\u0645\u0648\u0630\u062c \u0627\u0644\u0645\u0648\u062c\u0648\u062f \u0639\u0644\u0649 \u0635\u0641\u062d\u062a\u0646\u0627 \u0623\u0648 \u062a\u0648\u0627\u0635\u0644 \u0645\u0639\u0646\u0627 \u0639\u0628\u0631 \u0645\u0639\u0644\u0648\u0645\u0627\u062a \u0627\u0644\u0627\u062a\u0635\u0627\u0644 \u0627\u0644\u062e\u0627\u0635\u0629 \u0628\u0646\u0627.<\/p>\n\t\t\t\t\t<\/div>\n\t\t\t\t\t\t<\/div>\n\t\t\t\t<\/div>\n\t\t\t\t<div class=\"elementor-element elementor-element-4d15b38 elementor-widget elementor-widget-wd_button\" data-id=\"4d15b38\" data-element_type=\"widget\" data-e-type=\"widget\" data-widget_type=\"wd_button.default\">\n\t\t\t\t<div class=\"elementor-widget-container\">\n\t\t\t\t\t\t\t<div class=\"wd-button-wrapper text-left wd-collapsible-button\" >\n\t\t\t<a class=\"btn btn-style-link btn-shape- btn-size-default btn-color-primary btn-icon-pos-right\"  href=\"#\">\n\t\t\t\t<span class=\"wd-btn-text\" data-elementor-setting-key=\"text\">\n\t\t\t\t\t\u0627\u0642\u0631\u0623 \u0623\u0643\u062b\u0631\t\t\t\t<\/span>\n\n\t\t\t\t\t\t\t<\/a>\n\t\t<\/div>\n\t\t\t\t\t\t<\/div>\n\t\t\t\t<\/div>\n\t\t\t\t\t<\/div>\n\t\t\t\t<\/div>\n\t\t\t\t<\/div>","protected":false},"excerpt":{"rendered":"<p>\u201c,selector&quot;:\u201dwd-map-id-664a0be2c8af8\u2033,markers\u201d:null,&quot;center&quot;:&quot;&quot;}&#039;&gt; \u0645\u062a\u062c\u0631 \u0627\u0644\u0645\u0644\u0627\u0628\u0633 \u0627\u0644\u0646\u0633\u0627\u0626\u064a\u0629 G\u0130ZEM KI\u015e Mimar Kemalettin cad 1329 Sokak No: 20 Floor:1 D:104 \u0623\u0643\u0632\u0627\u0632 \u0628\u0627\u0632\u0627\u0631\u060c 35220 \u0643\u0648\u0646\u0627\u0643 \/ \u0625\u0632\u0645\u064a\u0631 \u064a\u0648\u0644<\/p>","protected":false},"author":2,"featured_media":0,"parent":0,"menu_order":0,"comment_status":"closed","ping_status":"closed","template":"","meta":{"footnotes":""},"class_list":["post-18","page","type-page","status-publish","hentry"],"_links":{"self":[{"href":"https:\/\/gizemkis.com\/ar\/wp-json\/wp\/v2\/pages\/18","targetHints":{"allow":["GET"]}}],"collection":[{"href":"https:\/\/gizemkis.com\/ar\/wp-json\/wp\/v2\/pages"}],"about":[{"href":"https:\/\/gizemkis.com\/ar\/wp-json\/wp\/v2\/types\/page"}],"author":[{"embeddable":true,"href":"https:\/\/gizemkis.com\/ar\/wp-json\/wp\/v2\/users\/2"}],"replies":[{"embeddable":true,"href":"https:\/\/gizemkis.com\/ar\/wp-json\/wp\/v2\/comments?post=18"}],"version-history":[{"count":0,"href":"https:\/\/gizemkis.com\/ar\/wp-json\/wp\/v2\/pages\/18\/revisions"}],"wp:attachment":[{"href":"https:\/\/gizemkis.com\/ar\/wp-json\/wp\/v2\/media?parent=18"}],"curies":[{"name":"wp","href":"https:\/\/api.w.org\/{rel}","templated":true}]}}