{"id":1863,"date":"2024-04-13T04:55:26","date_gmt":"2024-04-13T01:55:26","guid":{"rendered":"https:\/\/gizemkis.com\/?page_id=1863"},"modified":"2024-04-17T01:58:37","modified_gmt":"2024-04-16T22:58:37","slug":"siparis-takip","status":"publish","type":"page","link":"https:\/\/gizemkis.com\/ar\/\u062a\u062a\u0628\u0639-\u0627\u0644\u0637\u0644\u0628\/","title":{"rendered":"\u062a\u062a\u0628\u0639 \u0627\u0644\u0637\u0644\u0628"},"content":{"rendered":"<div data-elementor-type=\"wp-page\" data-elementor-id=\"1863\" class=\"elementor elementor-1863\" data-elementor-post-type=\"page\">\n\t\t\t\t<div class=\"wd-negative-gap elementor-element elementor-element-e6e39d0 wd-section-stretch e-flex e-con-boxed e-con e-parent\" data-id=\"e6e39d0\" data-element_type=\"container\" data-e-type=\"container\">\n\t\t\t\t\t<div class=\"e-con-inner\">\n\t\t<div class=\"elementor-element elementor-element-16c4689 e-con-full e-flex e-con e-child\" data-id=\"16c4689\" data-element_type=\"container\" data-e-type=\"container\">\n\t\t\t\t<div class=\"elementor-element elementor-element-4072136 wd-width-100 elementor-widget elementor-widget-wd_title\" data-id=\"4072136\" data-element_type=\"widget\" data-e-type=\"widget\" data-widget_type=\"wd_title.default\">\n\t\t\t\t<div class=\"elementor-widget-container\">\n\t\t\t\t\t\t\t<div class=\"title-wrapper wd-set-mb reset-last-child wd-title-color-primary wd-title-style-default wd-title-size-large text-center\">\n\n\t\t\t\n\t\t\t<div class=\"liner-continer\">\n\t\t\t\t<h4 class=\"woodmart-title-container title wd-fontsize-xxl\">\u062a\u062a\u0628\u0639 \u0627\u0644\u0637\u0644\u0628<\/h4> \n\t\t\t\t\t\t\t<\/div>\n\n\t\t\t\t\t<\/div>\n\t\t\t\t\t\t<\/div>\n\t\t\t\t<\/div>\n\t\t\t\t<div class=\"elementor-element elementor-element-ca268d3 elementor-widget elementor-widget-wd_text_block\" data-id=\"ca268d3\" data-element_type=\"widget\" data-e-type=\"widget\" data-widget_type=\"wd_text_block.default\">\n\t\t\t\t<div class=\"elementor-widget-container\">\n\t\t\t\t\t\t\t<div class=\"wd-text-block reset-last-child text-center\">\n\t\t\t\n\t\t\t<p>\u0645\u0627 \u0639\u0644\u064a\u0643 \u0633\u0648\u0649 \u0645\u0644\u0621 \u0627\u0644\u0646\u0645\u0648\u0630\u062c \u0623\u062f\u0646\u0627\u0647 \u0644\u0645\u0639\u0631\u0641\u0629 \u0627\u0644\u0648\u0636\u0639 \u0627\u0644\u062d\u0627\u0644\u064a \u0644\u0637\u0644\u0628\u0627\u062a\u0643! \u0645\u0627 \u0639\u0644\u064a\u0643 \u0633\u0648\u0649 \u0625\u062f\u062e\u0627\u0644 \u0631\u0642\u0645 \u0637\u0644\u0628\u0643 \u0648\u0639\u0646\u0648\u0627\u0646 \u0627\u0644\u0628\u0631\u064a\u062f \u0627\u0644\u0625\u0644\u0643\u062a\u0631\u0648\u0646\u064a \u0627\u0644\u0630\u064a \u0627\u0633\u062a\u062e\u062f\u0645\u062a\u0647 \u0639\u0646\u062f \u062a\u0642\u062f\u064a\u0645 \u0627\u0644\u0637\u0644\u0628 \u0648\u0639\u0631\u0636 \u0623\u062d\u062f\u062b \u062d\u0627\u0644\u0629 \u0644\u0637\u0644\u0628\u0643 \u0639\u0644\u0649 \u0627\u0644\u0641\u0648\u0631.<\/p><h4>\u0643\u064a\u0641\u064a\u0629 \u062a\u062a\u0628\u0639 \u0627\u0644\u0637\u0644\u0628\u061f<\/h4><p><strong>\u0631\u0642\u0645 \u0627\u0644\u0637\u0644\u0628:<\/strong> \u0623\u062f\u062e\u0644 \u0627\u0644\u0631\u0642\u0645 \u0627\u0644\u0641\u0631\u064a\u062f \u0644\u0637\u0644\u0628\u0643. \u062a\u0645 \u0625\u0631\u0633\u0627\u0644 \u0647\u0630\u0627 \u0627\u0644\u0631\u0642\u0645 \u0625\u0644\u064a\u0643 \u0639\u0628\u0631 \u0627\u0644\u0628\u0631\u064a\u062f \u0627\u0644\u0625\u0644\u0643\u062a\u0631\u0648\u0646\u064a \u0623\u062b\u0646\u0627\u0621 \u062a\u0623\u0643\u064a\u062f \u0627\u0644\u0637\u0644\u0628.<\/p><p><strong>\u0639\u0646\u0648\u0627\u0646 \u0627\u0644\u0628\u0631\u064a\u062f \u0627\u0644\u0625\u0644\u0643\u062a\u0631\u0648\u0646\u064a:<\/strong> \u0623\u062f\u062e\u0644 \u0639\u0646\u0648\u0627\u0646 \u0627\u0644\u0628\u0631\u064a\u062f \u0627\u0644\u0625\u0644\u0643\u062a\u0631\u0648\u0646\u064a \u0627\u0644\u0630\u064a \u0627\u0633\u062a\u062e\u062f\u0645\u062a\u0647 \u0639\u0646\u062f \u062a\u0642\u062f\u064a\u0645 \u0637\u0644\u0628\u0643. \u0647\u0630\u0647 \u0627\u0644\u0645\u0639\u0644\u0648\u0645\u0627\u062a \u0645\u0637\u0644\u0648\u0628\u0629 \u0644\u0644\u062a\u062d\u0642\u0642 \u0645\u0646 \u0637\u0644\u0628\u0643 \u0648\u0636\u0645\u0627\u0646 \u0623\u0645\u0646\u0643.<\/p><p>\u062b\u0645\u060c &#039;<b>\u064a\u062a\u0628\u0639<\/b>\u064a\u0645\u0643\u0646\u0643 \u0627\u0644\u0648\u0635\u0648\u0644 \u0625\u0644\u0649 \u062c\u0645\u064a\u0639 \u062a\u0641\u0627\u0635\u064a\u0644 \u0637\u0644\u0628\u0643 \u0645\u0646 \u062e\u0644\u0627\u0644 \u0627\u0644\u0646\u0642\u0631 \u0639\u0644\u0649 \u0627\u0644\u0632\u0631 &quot;&quot;. \u0625\u0630\u0627 \u0643\u0627\u0646 \u0644\u062f\u064a\u0643 \u0623\u064a \u0623\u0633\u0626\u0644\u0629 \u062d\u0648\u0644 \u0637\u0644\u0628\u0643\u060c \u0641\u0644\u0627 \u062a\u062a\u0631\u062f\u062f \u0641\u064a \u0627\u0644\u0627\u062a\u0635\u0627\u0644 \u0628\u0646\u0627. \u062e\u062f\u0645\u0629 \u0627\u0644\u0639\u0645\u0644\u0627\u0621 \u0644\u062f\u064a\u0646\u0627 \u0633\u0639\u064a\u062f\u0629 \u0628\u0645\u0633\u0627\u0639\u062f\u062a\u0643.<\/p><p><i style=\"font-size: 14px;\"><b>\u0645\u0644\u062d\u0648\u0638\u0629: \u0644\u0627 \u062a\u0642\u0644\u0642 \u0625\u0630\u0627 \u0643\u0627\u0646\u062a \u0639\u0645\u0644\u0629 \u0627\u0644\u0631\u0633\u0648\u0645 \u0627\u0644\u0645\u062f\u0641\u0648\u0639\u0629 \u063a\u064a\u0631 \u0635\u062d\u064a\u062d\u0629 \u0628\u0639\u062f \u0627\u0644\u0627\u0633\u062a\u0641\u0633\u0627\u0631 \u0639\u0646 \u0627\u0644\u0637\u0644\u0628. \u0643\u0644 \u0634\u064a\u0621 \u0633\u0627\u0631 \u0628\u0634\u0643\u0644 \u062c\u064a\u062f \u0628\u0627\u0644\u0641\u0639\u0644 \u0648\u0627\u0646\u062a\u0647\u0649 \u0628\u0634\u0643\u0644 \u0635\u062d\u064a\u062d. \u0623\u0647\u0645 \u0634\u064a\u0621 \u0639\u0644\u064a\u0643 \u0645\u062a\u0627\u0628\u0639\u062a\u0647 \u0645\u0646 \u0647\u0646\u0627 \u0647\u0648 \u062d\u0627\u0644\u0629 \u0627\u0644\u0637\u0644\u0628.<\/b><\/i><\/p>\n\t\t\t\t\t<\/div>\n\t\t\t\t\t\t<\/div>\n\t\t\t\t<\/div>\n\t\t\t\t<div class=\"elementor-element elementor-element-1ff22b3 elementor-widget elementor-widget-html\" data-id=\"1ff22b3\" data-element_type=\"widget\" data-e-type=\"widget\" data-widget_type=\"html.default\">\n\t\t\t\t<div class=\"elementor-widget-container\">\n\t\t\t\t\t<div class=\"woocommerce\"><\/div>\t\t\t\t<\/div>\n\t\t\t\t<\/div>\n\t\t\t\t<\/div>\n\t\t\t\t\t<\/div>\n\t\t\t\t<\/div>\n\t\t\t\t<\/div>","protected":false},"excerpt":{"rendered":"<p>Sipari\u015f Takip Sipari\u015flerinizin g\u00fcncel durumunu \u00f6\u011frenmek i\u00e7in a\u015fa\u011f\u0131daki formu doldurman\u0131z yeterli! Sadece sipari\u015f numaran\u0131z\u0131 ve sipari\u015fi verirken kulland\u0131\u011f\u0131n\u0131z e-posta adresinizi<\/p>","protected":false},"author":2,"featured_media":0,"parent":0,"menu_order":0,"comment_status":"closed","ping_status":"closed","template":"","meta":{"footnotes":""},"class_list":["post-1863","page","type-page","status-publish","hentry"],"_links":{"self":[{"href":"https:\/\/gizemkis.com\/ar\/wp-json\/wp\/v2\/pages\/1863","targetHints":{"allow":["GET"]}}],"collection":[{"href":"https:\/\/gizemkis.com\/ar\/wp-json\/wp\/v2\/pages"}],"about":[{"href":"https:\/\/gizemkis.com\/ar\/wp-json\/wp\/v2\/types\/page"}],"author":[{"embeddable":true,"href":"https:\/\/gizemkis.com\/ar\/wp-json\/wp\/v2\/users\/2"}],"replies":[{"embeddable":true,"href":"https:\/\/gizemkis.com\/ar\/wp-json\/wp\/v2\/comments?post=1863"}],"version-history":[{"count":0,"href":"https:\/\/gizemkis.com\/ar\/wp-json\/wp\/v2\/pages\/1863\/revisions"}],"wp:attachment":[{"href":"https:\/\/gizemkis.com\/ar\/wp-json\/wp\/v2\/media?parent=1863"}],"curies":[{"name":"wp","href":"https:\/\/api.w.org\/{rel}","templated":true}]}}