{"id":1868,"date":"2024-04-16T23:50:31","date_gmt":"2024-04-16T20:50:31","guid":{"rendered":"https:\/\/gizemkis.com\/?page_id=1868"},"modified":"2024-04-17T01:43:18","modified_gmt":"2024-04-16T22:43:18","slug":"satis-sozlesmesi","status":"publish","type":"page","link":"https:\/\/gizemkis.com\/ar\/\u0639\u0642\u062f-\u0645\u0628\u064a\u0639\u0627\u062a\/","title":{"rendered":"\u0625\u062a\u0641\u0627\u0642 \u0627\u0644\u0628\u064a\u0639"},"content":{"rendered":"<p><strong>\u062c\u064a\u0632\u0645 \u0648\u064a\u0646\u062a\u0631\u00a0<\/strong>\u2013 \u0639\u0642\u062f \u0627\u0644\u0628\u064a\u0639 \u0639\u0646 \u0628\u0639\u062f<br>\u0627\u0644\u0645\u0627\u062f\u0629 1 - \u0627\u0644\u0645\u0648\u0636\u0648\u0639<br>\u064a\u063a\u0637\u064a \u0645\u0648\u0636\u0648\u0639 \u0647\u0630\u0627 \u0627\u0644\u0639\u0642\u062f \u062d\u0642\u0648\u0642 \u0648\u0627\u0644\u062a\u0632\u0627\u0645\u0627\u062a \u0627\u0644\u0623\u0637\u0631\u0627\u0641 \u0648\u0641\u0642\u0627 \u0644\u0623\u062d\u0643\u0627\u0645 \u0627\u0644\u0642\u0627\u0646\u0648\u0646 \u0631\u0642\u0645 4077 \u0628\u0634\u0623\u0646 \u062d\u0645\u0627\u064a\u0629 \u0627\u0644\u0645\u0633\u062a\u0647\u0644\u0643\u064a\u0646 - \u0644\u0627\u0626\u062d\u0629 \u062a\u0646\u0641\u064a\u0630 \u0645\u0628\u0627\u062f\u0626 \u0648\u0625\u062c\u0631\u0627\u0621\u0627\u062a \u0627\u0644\u0639\u0642\u0648\u062f \u0639\u0646 \u0628\u0639\u062f\u060c \u0641\u064a\u0645\u0627 \u064a\u062a\u0639\u0644\u0642 \u0628\u0628\u064a\u0639 \u0648\u062a\u0633\u0644\u064a\u0645 \u0627\u0644\u0645\u0646\u062a\u062c \u0627\u0644\u0645\u0628\u0627\u0639 \u0645\u0646 \u0627\u0644\u0628\u0627\u0626\u0639 \u0625\u0644\u0649 \u0627\u0644\u0645\u0634\u062a\u0631\u064a\u060c \u0627\u0644\u0630\u064a \u062a\u0645 \u062a\u062d\u062f\u064a\u062f \u0645\u0624\u0647\u0644\u0627\u062a\u0647 \u0648\u0633\u0639\u0631 \u0627\u0644\u0628\u064a\u0639 \u0623\u062f\u0646\u0627\u0647.<br>\u0627\u0644\u0645\u0627\u062f\u0629 2.1 \u2013 \u0645\u0639\u0644\u0648\u0645\u0627\u062a \u0627\u0644\u0628\u0627\u0626\u0639<br>\u0627\u0644\u0639\u0646\u0648\u0627\u0646:\u062c\u064a\u0632\u064a\u0645 \u0643\u064a\u0634<\/p>\n\n\n\n<p>\u0645\u0639\u0645\u0627\u0631 \u0643\u0645\u0627\u0644\u064a\u062a\u064a\u0646 CAD. 1326 \u0634\u0627\u0631\u0639 \u0631\u0642\u0645 20\u060c \u0637\u0627\u0628\u0642 1\u060c \u0634\u0642\u0629 104\u060c \u0623\u0643\u0633\u0627\u0632 \u0643\u0627\u0631\u062a\u064a\u0633\u060c \u062a\u0634\u0627\u0646\u0643\u0627\u064a\u0627\/\u0625\u0632\u0645\u064a\u0631<\/p>\n\n\n\n<p>SAT\u0130S@G\u0130ZEMK\u0130S.COM<\/p>\n\n\n\n<p>\u0627\u0644\u0645\u0627\u062f\u0629 2.2 \u2013 \u0645\u0639\u0644\u0648\u0645\u0627\u062a \u0627\u0644\u0645\u0634\u062a\u0631\u064a<\/p>\n\n\n\n<p>\u0627\u0644\u0634\u062e\u0635 \u0627\u0644\u0630\u064a \u0647\u0648 \u0639\u0636\u0648 \u0641\u064a \u0645\u0648\u0642\u0639 \u0627\u0644\u062a\u0633\u0648\u0642 www.gizemkis.com \u0643\u0639\u0645\u064a\u0644.<\/p>\n\n\n\n<p>\u0627\u0644\u0639\u0646\u0648\u0627\u0646 \u0648\u0645\u0639\u0644\u0648\u0645\u0627\u062a \u0627\u0644\u0627\u062a\u0635\u0627\u0644 \u0627\u0644\u0645\u0633\u062a\u062e\u062f\u0645\u0629 \u0623\u062b\u0646\u0627\u0621 \u0627\u0644\u0623\u0639\u0636\u0627\u0621 \u0647\u064a \u0627\u0644\u062a\u064a \u062a\u0633\u0648\u062f.<\/p>\n\n\n\n<h2 class=\"wp-block-heading\">\u0627\u0644\u0645\u0627\u062f\u0629 3 - \u0645\u0639\u0644\u0648\u0645\u0627\u062a \u0627\u0644\u0645\u0646\u062a\u062c \u0627\u0644\u062e\u0627\u0636\u0639\u0629 \u0644\u0644\u0639\u0642\u062f<\/h2>\n\n\n\n<p>\u0648\u062a\u062a\u0643\u0648\u0646 \u0645\u0646 \u0646\u0648\u0639 \u0627\u0644\u0628\u0636\u0627\u0626\u0639 \/ \u0627\u0644\u0645\u0646\u062a\u062c\u0627\u062a \/ \u0627\u0644\u062e\u062f\u0645\u0627\u062a\u060c \u0627\u0644\u0643\u0645\u064a\u0629\u060c \u0627\u0644\u0639\u0644\u0627\u0645\u0629 \u0627\u0644\u062a\u062c\u0627\u0631\u064a\u0629 \/ \u0627\u0644\u0645\u0648\u062f\u064a\u0644\u060c \u0627\u0644\u0644\u0648\u0646\u060c \u0627\u0644\u0643\u0645\u064a\u0629\u060c \u0633\u0639\u0631 \u0627\u0644\u0628\u064a\u0639\u060c \u0637\u0631\u064a\u0642\u0629 \u0627\u0644\u062f\u0641\u0639\u060c \u0627\u0644\u0645\u0639\u0644\u0648\u0645\u0627\u062a \u0641\u064a \u0648\u0642\u062a \u0627\u0644\u0627\u0646\u062a\u0647\u0627\u0621 \u0645\u0646 \u0627\u0644\u0637\u0644\u0628.<\/p>\n\n\n\n<h2 class=\"wp-block-heading\">\u0627\u0644\u0645\u0627\u062f\u0629 4 \u2013 \u0623\u062d\u0643\u0627\u0645 \u0639\u0627\u0645\u0629<\/h2>\n\n\n\n<p>4.1 \u2013 \u064a\u0639\u0644\u0646 \u0627\u0644\u0645\u0634\u062a\u0631\u064a \u0623\u0646\u0647 \u0642\u0631\u0623 \u0648\u0623\u0628\u0644\u063a \u0628\u0627\u0644\u062e\u0635\u0627\u0626\u0635 \u0627\u0644\u0623\u0633\u0627\u0633\u064a\u0629 \u0644\u0644\u0645\u0646\u062a\u062c \u0623\u0648 \u0627\u0644\u0645\u0646\u062a\u062c\u0627\u062a \u0627\u0644\u062e\u0627\u0636\u0639\u0629 \u0644\u0644\u0639\u0642\u062f \u0627\u0644\u0645\u062d\u062f\u062f \u0641\u064a \u0627\u0644\u0645\u0627\u062f\u0629 3\u060c \u0648\u0633\u0639\u0631 \u0627\u0644\u0628\u064a\u0639 \u0648\u0637\u0631\u064a\u0642\u0629 \u0627\u0644\u062f\u0641\u0639 \u0648\u062c\u0645\u064a\u0639 \u0627\u0644\u0645\u0639\u0644\u0648\u0645\u0627\u062a \u0627\u0644\u0623\u0648\u0644\u064a\u0629 \u0627\u0644\u0645\u062a\u0639\u0644\u0642\u0629 \u0628\u0627\u0644\u062a\u0633\u0644\u064a\u0645 \u0648\u0642\u062f\u0645 \u0627\u0644\u062a\u0623\u0643\u064a\u062f \u0627\u0644\u0644\u0627\u0632\u0645 \u0625\u0644\u0643\u062a\u0631\u0648\u0646\u064a\u064b\u0627 .<\/p>\n\n\n\n<p>4.2 - \u064a\u062a\u0645 \u062a\u0633\u0644\u064a\u0645 \u0627\u0644\u0645\u0646\u062a\u062c \u0623\u0648 \u0627\u0644\u0645\u0646\u062a\u062c\u0627\u062a \u0627\u0644\u062e\u0627\u0636\u0639\u0629 \u0644\u0644\u0639\u0642\u062f \u0625\u0644\u0649 \u0627\u0644\u0645\u0634\u062a\u0631\u064a \u0623\u0648 \u0627\u0644\u0634\u062e\u0635\/\u0627\u0644\u0645\u0624\u0633\u0633\u0629 \u0639\u0644\u0649 \u0627\u0644\u0639\u0646\u0648\u0627\u0646 \u0627\u0644\u0645\u0648\u0636\u062d \u062e\u0644\u0627\u0644 \u0627\u0644\u0641\u062a\u0631\u0629 \u0627\u0644\u0645\u0648\u0636\u062d\u0629 \u0641\u064a \u0627\u0644\u0645\u0639\u0644\u0648\u0645\u0627\u062a \u0627\u0644\u0623\u0648\u0644\u064a\u0629\u060c \u0627\u0639\u062a\u0645\u0627\u062f\u064b\u0627 \u0639\u0644\u0649 \u0645\u0633\u0627\u0641\u0629 \u0625\u0642\u0627\u0645\u0629 \u0627\u0644\u0645\u0634\u062a\u0631\u064a \u0644\u0643\u0644 \u0645\u0646\u062a\u062c\u060c \u0628\u0634\u0631\u0637 \u0623\u0644\u0627 \u064a\u062a\u0645 \u0630\u0644\u0643 \u062a\u062c\u0627\u0648\u0632 \u0627\u0644\u0645\u062f\u0629 \u0627\u0644\u0642\u0627\u0646\u0648\u0646\u064a\u0629 \u0627\u0644\u0628\u0627\u0644\u063a\u0629 30 \u064a\u0648\u0645\u064b\u0627. \u0648\u064a\u0645\u0643\u0646 \u062a\u0645\u062f\u064a\u062f \u0647\u0630\u0647 \u0627\u0644\u0641\u062a\u0631\u0629 \u0644\u0645\u062f\u0629 \u0623\u0642\u0635\u0627\u0647\u0627 10 \u0623\u064a\u0627\u0645\u060c \u0628\u0634\u0631\u0637 \u0625\u062e\u0637\u0627\u0631 \u0627\u0644\u0645\u0634\u062a\u0631\u064a \u0645\u0633\u0628\u0642\u064b\u0627.<\/p>\n\n\n\n<p>4.3 \u2013 \u0625\u0630\u0627 \u0643\u0627\u0646 \u0633\u064a\u062a\u0645 \u062a\u0633\u0644\u064a\u0645 \u0627\u0644\u0645\u0646\u062a\u062c \u0627\u0644\u062e\u0627\u0636\u0639 \u0644\u0644\u0639\u0642\u062f \u0625\u0644\u0649 \u0634\u062e\u0635\/\u0645\u0624\u0633\u0633\u0629 \u0623\u062e\u0631\u0649 \u063a\u064a\u0631 \u0627\u0644\u0645\u0634\u062a\u0631\u064a\u060c \u0641\u0644\u0627 \u064a\u0645\u0643\u0646 \u062a\u062d\u0645\u064a\u0644 www.gizemkis.com \u0627\u0644\u0645\u0633\u0624\u0648\u0644\u064a\u0629 \u0625\u0630\u0627 \u0644\u0645 \u064a\u0642\u0628\u0644 \u0627\u0644\u0634\u062e\u0635\/\u0627\u0644\u0645\u0624\u0633\u0633\u0629 \u0627\u0644\u062a\u064a \u0633\u064a\u062a\u0645 \u062a\u0633\u0644\u064a\u0645\u0647\u0627 \u0627\u0644\u062a\u0633\u0644\u064a\u0645.<\/p>\n\n\n\n<p>4.4 \u2013 \u0645\u0648\u0642\u0639 www.gizemkis.com \u0647\u0648 \u0627\u0644\u0645\u0633\u0624\u0648\u0644 \u0639\u0646 \u062a\u0633\u0644\u064a\u0645 \u0627\u0644\u0645\u0646\u062a\u062c \u0627\u0644\u062e\u0627\u0636\u0639 \u0644\u0644\u0639\u0642\u062f \u0628\u0637\u0631\u064a\u0642\u0629 \u0633\u0644\u064a\u0645\u0629 \u0648\u0643\u0627\u0645\u0644\u0629\u060c \u0648\u0641\u0642\u0627 \u0644\u0644\u0645\u0624\u0647\u0644\u0627\u062a \u0627\u0644\u0645\u062d\u062f\u062f\u0629 \u0641\u064a \u0627\u0644\u0637\u0644\u0628 \u0648\u0645\u0639 \u0648\u062b\u0627\u0626\u0642 \u0627\u0644\u0636\u0645\u0627\u0646 \u0648\u0623\u062f\u0644\u0629 \u0627\u0644\u0645\u0633\u062a\u062e\u062f\u0645\u060c \u0625\u0646 \u0648\u062c\u062f\u062a.<\/p>\n\n\n\n<p>4.5 - \u0644\u062a\u0633\u0644\u064a\u0645 \u0627\u0644\u0645\u0646\u062a\u062c \u0627\u0644\u062e\u0627\u0636\u0639 \u0644\u0644\u0639\u0642\u062f\u060c \u064a\u062c\u0628 \u062a\u0633\u0644\u064a\u0645 \u0627\u0644\u0646\u0633\u062e\u0629 \u0627\u0644\u0645\u0648\u0642\u0639\u0629 \u0645\u0646 \u0647\u0630\u0627 \u0627\u0644\u0639\u0642\u062f \u0625\u0644\u0649 www.gizemkis.com \u0648\u064a\u062c\u0628 \u062f\u0641\u0639 \u0627\u0644\u0633\u0639\u0631 \u0628\u0637\u0631\u064a\u0642\u0629 \u0627\u0644\u062f\u0641\u0639 \u0627\u0644\u0645\u0641\u0636\u0644\u0629 \u0644\u062f\u0649 \u0627\u0644\u0645\u0634\u062a\u0631\u064a. \u0625\u0630\u0627 \u0644\u0645 \u064a\u062a\u0645 \u062f\u0641\u0639 \u0633\u0639\u0631 \u0627\u0644\u0645\u0646\u062a\u062c \u0644\u0623\u064a \u0633\u0628\u0628 \u0645\u0646 \u0627\u0644\u0623\u0633\u0628\u0627\u0628 \u0623\u0648 \u062a\u0645 \u0625\u0644\u063a\u0627\u0624\u0647 \u0641\u064a \u0627\u0644\u0633\u062c\u0644\u0627\u062a \u0627\u0644\u0645\u0635\u0631\u0641\u064a\u0629\u060c \u0641\u0625\u0646 \u0645\u0648\u0642\u0639 www.gizemkis.com \u064a\u0639\u062a\u0628\u0631 \u0645\u0639\u0641\u064a\u064b\u0627 \u0645\u0646 \u0627\u0644\u0627\u0644\u062a\u0632\u0627\u0645 \u0628\u062a\u0633\u0644\u064a\u0645 \u0627\u0644\u0645\u0646\u062a\u062c.<\/p>\n\n\n\n<p>4.6- \u0628\u0639\u062f \u062a\u0633\u0644\u064a\u0645 \u0627\u0644\u0645\u0646\u062a\u062c\u060c \u0625\u0630\u0627 \u0644\u0645 \u064a\u062f\u0641\u0639 \u0627\u0644\u0628\u0646\u0643 \u0623\u0648 \u0627\u0644\u0645\u0624\u0633\u0633\u0629 \u0627\u0644\u0645\u0627\u0644\u064a\u0629 \u0630\u0627\u062a \u0627\u0644\u0635\u0644\u0629 \u0633\u0639\u0631 \u0627\u0644\u0645\u0646\u062a\u062c \u0625\u0644\u0649 www.gizemkis.com \u0628\u0633\u0628\u0628 \u0627\u0644\u0627\u0633\u062a\u062e\u062f\u0627\u0645 \u063a\u064a\u0631 \u0627\u0644\u0639\u0627\u062f\u0644 \u0623\u0648 \u063a\u064a\u0631 \u0627\u0644\u0642\u0627\u0646\u0648\u0646\u064a \u0644\u0628\u0637\u0627\u0642\u0629 \u0627\u0626\u062a\u0645\u0627\u0646 \u0627\u0644\u0645\u0634\u062a\u0631\u064a \u0645\u0646 \u0642\u0628\u0644 \u0623\u0634\u062e\u0627\u0635 \u063a\u064a\u0631 \u0645\u0635\u0631\u062d \u0644\u0647\u0645\u060c \u0648\u0647\u0648 \u0623\u0645\u0631 \u063a\u064a\u0631 \u0645\u0633\u062a\u062d\u0642 \u0644\u062e\u0637\u0623 \u0627\u0644\u0645\u0634\u062a\u0631\u064a\u060c \u064a\u062c\u0628 \u062a\u0633\u0644\u064a\u0645\u0647 \u0625\u0644\u0649 \u0627\u0644\u0645\u0634\u062a\u0631\u064a \u0648\u064a\u062c\u0628 \u0625\u0631\u0633\u0627\u0644 \u0627\u0644\u0645\u0646\u062a\u062c \u0625\u0644\u0649 www.gizemkis.com \u0641\u064a \u063a\u0636\u0648\u0646 3 \u0623\u064a\u0627\u0645. \u0641\u064a \u0647\u0630\u0647 \u0627\u0644\u062d\u0627\u0644\u0629\u060c \u062a\u0643\u0627\u0644\u064a\u0641 \u0627\u0644\u0634\u062d\u0646 \u062a\u0639\u0648\u062f \u0625\u0644\u0649 \u0627\u0644\u0645\u0634\u062a\u0631\u064a.<\/p>\n\n\n\n<p>4.7- \u0625\u0630\u0627 \u0644\u0645 \u064a\u062a\u0645\u0643\u0646 \u0645\u0648\u0642\u0639 www.gizemkis.com \u0645\u0646 \u062a\u0633\u0644\u064a\u0645 \u0627\u0644\u0645\u0646\u062a\u062c \u0627\u0644\u062e\u0627\u0636\u0639 \u0644\u0644\u0639\u0642\u062f \u062e\u0644\u0627\u0644 \u0627\u0644\u0645\u0648\u0639\u062f \u0627\u0644\u0646\u0647\u0627\u0626\u064a \u0628\u0633\u0628\u0628 \u0642\u0648\u0629 \u0642\u0627\u0647\u0631\u0629 \u0623\u0648 \u0638\u0631\u0648\u0641 \u063a\u064a\u0631 \u0639\u0627\u062f\u064a\u0629 \u0645\u062b\u0644 \u0627\u0644\u0638\u0631\u0648\u0641 \u0627\u0644\u062c\u0648\u064a\u0629 \u0627\u0644\u0633\u064a\u0626\u0629 \u0627\u0644\u062a\u064a \u062a\u0645\u0646\u0639 \u0627\u0644\u0646\u0642\u0644 \u0623\u0648 \u0627\u0646\u0642\u0637\u0627\u0639 \u0627\u0644\u0646\u0642\u0644\u060c \u0641\u0625\u0646\u0647 \u0645\u0644\u0632\u0645 \u0628\u0625\u062e\u0637\u0627\u0631 \u0627\u0644\u0645\u0634\u062a\u0631\u064a \u0628\u0627\u0644\u0645\u0648\u0642\u0641. \u0641\u064a \u0647\u0630\u0647 \u0627\u0644\u062d\u0627\u0644\u0629\u060c \u064a\u062c\u0648\u0632 \u0644\u0644\u0645\u0634\u062a\u0631\u064a \u0645\u0645\u0627\u0631\u0633\u0629 \u0623\u062d\u062f \u0627\u0644\u062d\u0642\u0648\u0642 \u0641\u064a \u0625\u0644\u063a\u0627\u0621 \u0627\u0644\u0637\u0644\u0628\u060c \u0648\u0627\u0633\u062a\u0628\u062f\u0627\u0644 \u0627\u0644\u0645\u0646\u062a\u062c \u0627\u0644\u062e\u0627\u0636\u0639 \u0644\u0644\u0639\u0642\u062f \u0628\u0645\u0646\u062a\u062c \u0645\u0645\u0627\u062b\u0644\u060c \u0625\u0646 \u0648\u062c\u062f\u060c \u0648\/\u0623\u0648 \u062a\u0623\u062c\u064a\u0644 \u0641\u062a\u0631\u0629 \u0627\u0644\u062a\u0633\u0644\u064a\u0645 \u062d\u062a\u0649 \u064a\u062e\u062a\u0641\u064a \u0627\u0644\u0648\u0636\u0639 \u0627\u0644\u0645\u0639\u0648\u0642. \u0625\u0630\u0627 \u0642\u0627\u0645 \u0627\u0644\u0645\u0634\u062a\u0631\u064a \u0628\u0625\u0644\u063a\u0627\u0621 \u0627\u0644\u0637\u0644\u0628\u060c \u0641\u0633\u064a\u062a\u0645 \u062f\u0641\u0639 \u0627\u0644\u0645\u0628\u0644\u063a \u0627\u0644\u0645\u062f\u0641\u0648\u0639 \u0646\u0642\u062f\u064b\u0627 \u0648\u0645\u0628\u0644\u063a \u0645\u0642\u0637\u0648\u0639 \u062e\u0644\u0627\u0644 7 \u0623\u064a\u0627\u0645.<\/p>\n\n\n\n<p>4.8- \u064a\u0645\u0643\u0646 \u0625\u0631\u0633\u0627\u0644 \u0627\u0644\u0645\u0646\u062a\u062c\u0627\u062a \u0627\u0644\u0645\u0639\u064a\u0628\u0629 \u0623\u0648 \u0627\u0644\u0645\u0639\u064a\u0628\u0629\u060c \u0633\u0648\u0627\u0621 \u062a\u0645 \u0628\u064a\u0639\u0647\u0627 \u0628\u0634\u0647\u0627\u062f\u0629 \u0636\u0645\u0627\u0646 \u0623\u0645 \u0644\u0627\u060c \u0625\u0644\u0649 www.gizemkis.com \u0644\u0625\u062c\u0631\u0627\u0621 \u0627\u0644\u0625\u0635\u0644\u0627\u062d\u0627\u062a \u0627\u0644\u0644\u0627\u0632\u0645\u0629 \u0636\u0645\u0646 \u0634\u0631\u0648\u0637 \u0627\u0644\u0636\u0645\u0627\u0646\u060c \u0648\u0641\u064a \u0647\u0630\u0647 \u0627\u0644\u062d\u0627\u0644\u0629 \u0633\u064a\u062a\u0645 \u062a\u063a\u0637\u064a\u0629 \u0645\u0635\u0627\u0631\u064a\u0641 \u0627\u0644\u062a\u0633\u0644\u064a\u0645.<\/p>\n\n\n\n<p>4.9- \u064a\u0635\u0628\u062d \u0647\u0630\u0627 \u0627\u0644\u0639\u0642\u062f \u0633\u0627\u0631\u064a \u0627\u0644\u0645\u0641\u0639\u0648\u0644 \u0628\u0639\u062f \u062a\u0648\u0642\u064a\u0639\u0647 \u0645\u0646 \u0642\u0628\u0644 \u0627\u0644\u0645\u0634\u062a\u0631\u064a \u0648\u062a\u0633\u0644\u064a\u0645\u0647 \u0639\u0628\u0631 \u0627\u0644\u0641\u0627\u0643\u0633 \u0623\u0648 \u0627\u0644\u0628\u0631\u064a\u062f.<\/p>\n\n\n\n<h2 class=\"wp-block-heading\">\u0627\u0644\u0645\u0627\u062f\u0629 6 \u2013 \u0625\u0644\u063a\u0627\u0621 \u0627\u0644\u0637\u0644\u0628<\/h2>\n\n\n\n<p>\u0625\u0630\u0627 \u062a\u0645 \u0625\u0644\u063a\u0627\u0621 \u0627\u0644\u0637\u0644\u0628 \u0628\u0639\u062f \u0625\u0639\u062f\u0627\u062f\u0647\u060c \u0641\u0633\u064a\u062a\u0645 \u062e\u0635\u0645 \u0631\u0633\u0648\u0645 \u0627\u0644\u0645\u0639\u0627\u0644\u062c\u0629. \u0625\u0630\u0627 \u0637\u064f\u0644\u0628 \u0625\u0644\u063a\u0627\u0621 \u0637\u0644\u0628 \u0644\u0645 \u064a\u062a\u0645 \u0636\u0645\u0627\u0646 \u062a\u0627\u0631\u064a\u062e \u062a\u0633\u0644\u064a\u0645\u0647 \u0628\u0633\u0628\u0628 \u0639\u062f\u0645 \u0627\u0644\u062a\u0633\u0644\u064a\u0645\u060c \u0641\u0633\u064a\u062a\u0645 \u062e\u0635\u0645 \u0631\u0633\u0648\u0645 \u0627\u0644\u0645\u0639\u0627\u0644\u062c\u0629. \u0631\u0633\u0648\u0645 \u0627\u0644\u0645\u0639\u0627\u0645\u0644\u0629 \u0644\u0644\u0625\u0644\u063a\u0627\u0621 \u062a\u0639\u0627\u062f\u0644 \u0633\u0639\u0631 \u0627\u0644\u0632\u0647\u0631\u0629. \u0625\u0630\u0627 \u062a\u0645 \u062f\u0641\u0639 \u0627\u0644\u0637\u0644\u0628 \u0639\u0646 \u0637\u0631\u064a\u0642 \u0628\u0637\u0627\u0642\u0629 \u0627\u0644\u0627\u0626\u062a\u0645\u0627\u0646\u060c \u0641\u064a\u062c\u0628 \u062f\u0641\u0639 \u0631\u0633\u0648\u0645 \u0645\u0639\u0627\u0644\u062c\u0629 \u0627\u0644\u0625\u0644\u063a\u0627\u0621 \u0628\u0634\u0643\u0644 \u0645\u0646\u0641\u0635\u0644. \u0644\u0627 \u064a\u062a\u0645 \u0641\u0631\u0636 \u0623\u064a \u0631\u0633\u0648\u0645 \u0645\u0639\u0627\u0645\u0644\u0629 \u0639\u0644\u0649 \u0625\u0644\u063a\u0627\u0621 \u0627\u0644\u0637\u0644\u0628 \u0642\u0628\u0644 \u0625\u0639\u062f\u0627\u062f \u0627\u0644\u0645\u0646\u062a\u062c \u0623\u0648 \u0625\u0644\u063a\u0627\u0621 \u0627\u0644\u0637\u0644\u0628 \u0627\u0644\u0630\u064a \u062a\u0633\u0628\u0628\u0647 \u0627\u0644\u0634\u0631\u0643\u0629. \u0644\u0644\u0625\u0644\u063a\u0627\u0621\u060c \u064a\u062c\u0628 \u0639\u0644\u064a\u0643 \u062a\u0642\u062f\u064a\u0645 \u0637\u0644\u0628\u0643 \u0625\u0644\u0649 \u0645\u0631\u0643\u0632 \u0627\u0644\u0627\u062a\u0635\u0627\u0644 \u0644\u062f\u064a\u0646\u0627 \u0639\u0644\u0649 \u0627\u0644\u0631\u0642\u0645 0232 4022444.<\/p>\n\n\n\n<p>\u0627\u0644\u0637\u0644\u0628\u0627\u062a \u0627\u0644\u0645\u0642\u062f\u0645\u0629 \u0645\u062d\u0644\u064a\u064b\u0627: \u0633\u0627\u0639\u0627\u062a \u0627\u0644\u062a\u0633\u0644\u064a\u0645: \u0623\u064a\u0627\u0645 \u0627\u0644\u0623\u0633\u0628\u0648\u0639 \u0648\u0639\u0637\u0644\u0627\u062a \u0646\u0647\u0627\u064a\u0629 \u0627\u0644\u0623\u0633\u0628\u0648\u0639: 30-08 -18.00 \u0642\u0628\u0648\u0644 \u0627\u0644\u0637\u0644\u0628 \u0648\u0648\u0642\u062a \u0627\u0644\u062a\u0633\u0644\u064a\u0645: \u064a\u062c\u0628 \u0639\u0644\u064a\u0643 \u062a\u0642\u062f\u064a\u0645 \u0627\u0644\u0637\u0644\u0628 \u0642\u0628\u0644 \u0633\u0627\u0639\u062a\u064a\u0646 \u0639\u0644\u0649 \u0627\u0644\u0623\u0642\u0644 \u0645\u0646 \u0627\u0644\u0648\u0642\u062a \u0627\u0644\u0630\u064a \u062a\u0631\u064a\u062f \u062a\u0633\u0644\u064a\u0645\u0647 \u0641\u064a\u0647. \u0642\u062f \u064a\u062e\u062a\u0644\u0641 \u0648\u0642\u062a \u062a\u0633\u0644\u064a\u0645 \u0637\u0644\u0628\u0643 \u062d\u0633\u0628 \u0627\u0644\u0648\u062c\u0647\u0629 \u0648\u0648\u0642\u062a \u0625\u0639\u062f\u0627\u062f \u0627\u0644\u0645\u0646\u062a\u062c \u0648\u0638\u0631\u0648\u0641 \u0627\u0644\u0637\u0631\u064a\u0642. \u0627\u0644\u0637\u0644\u0628\u0627\u062a \u0627\u0644\u0645\u0642\u062f\u0645\u0629 \u0641\u064a \u0627\u0644\u062e\u0627\u0631\u062c:<\/p>\n\n\n\n<h2 class=\"wp-block-heading\">\u0633\u0627\u0639\u0627\u062a \u0627\u0644\u062a\u0633\u0644\u064a\u0645:<\/h2>\n\n\n\n<p>\u064a\u062a\u0645 \u0627\u0644\u062a\u0633\u0644\u064a\u0645 \u0641\u064a \u0623\u064a\u0627\u0645 \u0627\u0644\u0623\u0633\u0628\u0648\u0639 \u0648\u0642\u0628\u0644 \u0627\u0644\u0638\u0647\u0631 \u064a\u0648\u0645 \u0627\u0644\u0633\u0628\u062a. \u0644\u0627 \u064a\u0648\u062c\u062f \u0627\u0644\u062a\u0633\u0644\u064a\u0645 \u0641\u064a \u0627\u0644\u0648\u0642\u062a \u0627\u0644\u0645\u0646\u0627\u0633\u0628. \u064a\u062c\u0628 \u0639\u0644\u064a\u0643 \u0645\u0646\u062d\u0647\u0627 \u064a\u0648\u0645 \u0639\u0645\u0644 \u0648\u0627\u062d\u062f \u0639\u0644\u0649 \u0627\u0644\u0623\u0642\u0644 \u0642\u0628\u0644 \u0627\u0644\u0648\u0642\u062a \u0627\u0644\u0630\u064a \u062a\u0631\u064a\u062f \u062a\u0633\u0644\u064a\u0645\u0647\u0627 \u0641\u064a\u0647. \u0642\u062f \u064a\u062e\u062a\u0644\u0641 \u062a\u0627\u0631\u064a\u062e \u062a\u0633\u0644\u064a\u0645 \u0637\u0644\u0628\u0643 \u062d\u0633\u0628 \u0627\u0644\u0639\u0637\u0644\u0627\u062a \u0648\u0641\u0631\u0648\u0642 \u0627\u0644\u062a\u0648\u0642\u064a\u062a. \u0644\u0627 \u064a\u062a\u0645 \u062a\u0648\u0641\u064a\u0631 \u0645\u0639\u0644\u0648\u0645\u0627\u062a \u0627\u0644\u062a\u0633\u0644\u064a\u0645 \u0644\u0637\u0644\u0628\u0627\u062a\u0643.<\/p>","protected":false},"excerpt":{"rendered":"<p>\u062c\u064a\u0632\u064a\u0645 \u0643\u064a\u0634 \u2013 \u0639\u0642\u062f \u0627\u0644\u0628\u064a\u0639 \u0639\u0646 \u0628\u0639\u062f \u0627\u0644\u0645\u0627\u062f\u0629 1 \u2013 \u0627\u0644\u0645\u0648\u0636\u0648\u0639 \u0645\u0648\u0636\u0648\u0639 \u0647\u0630\u0627 \u0627\u0644\u0639\u0642\u062f \u0647\u0648 \u0627\u0644\u0645\u0646\u062a\u062c \u0627\u0644\u0630\u064a \u064a\u0628\u064a\u0639\u0647 \u0627\u0644\u0628\u0627\u0626\u0639 \u0644\u0644\u0645\u0634\u062a\u0631\u064a\u060c \u0648\u064a\u062a\u0645 \u062a\u062d\u062f\u064a\u062f \u0635\u0641\u0627\u062a\u0647 \u0648\u0633\u0639\u0631 \u0628\u064a\u0639\u0647 \u0623\u062f\u0646\u0627\u0647.<\/p>","protected":false},"author":2,"featured_media":0,"parent":0,"menu_order":0,"comment_status":"closed","ping_status":"closed","template":"","meta":{"footnotes":""},"class_list":["post-1868","page","type-page","status-publish","hentry"],"_links":{"self":[{"href":"https:\/\/gizemkis.com\/ar\/wp-json\/wp\/v2\/pages\/1868","targetHints":{"allow":["GET"]}}],"collection":[{"href":"https:\/\/gizemkis.com\/ar\/wp-json\/wp\/v2\/pages"}],"about":[{"href":"https:\/\/gizemkis.com\/ar\/wp-json\/wp\/v2\/types\/page"}],"author":[{"embeddable":true,"href":"https:\/\/gizemkis.com\/ar\/wp-json\/wp\/v2\/users\/2"}],"replies":[{"embeddable":true,"href":"https:\/\/gizemkis.com\/ar\/wp-json\/wp\/v2\/comments?post=1868"}],"version-history":[{"count":0,"href":"https:\/\/gizemkis.com\/ar\/wp-json\/wp\/v2\/pages\/1868\/revisions"}],"wp:attachment":[{"href":"https:\/\/gizemkis.com\/ar\/wp-json\/wp\/v2\/media?parent=1868"}],"curies":[{"name":"wp","href":"https:\/\/api.w.org\/{rel}","templated":true}]}}