{"id":5499,"date":"2025-07-19T21:20:50","date_gmt":"2025-07-19T18:20:50","guid":{"rendered":"https:\/\/gizemkis.com\/?post_type=product&#038;p=5499"},"modified":"2025-10-12T14:13:54","modified_gmt":"2025-10-12T11:13:54","slug":"9000-lady-abiye","status":"publish","type":"product","link":"https:\/\/gizemkis.com\/ar\/product\/9000-lady-abiye\/","title":{"rendered":"9000 Lady Abiye"},"content":{"rendered":"<p><strong data-start=\"0\" data-end=\"14\" data-is-only-node=\"\">Lady Abiye<\/strong>, \u00f6zel davetler, d\u00fc\u011f\u00fcnler, ni\u015fanlar ve mezuniyet gibi etkinliklerde giyilmek \u00fczere tasarlanm\u0131\u015f \u015f\u0131k ve zarif kad\u0131n elbiselerini ifade eder. Genellikle dantel, t\u00fcl, payet veya ta\u015f i\u015flemeleriyle s\u00fcslenen bu elbiseler; modern, klasik veya g\u00f6steri\u015fli tarzlarda olabilir. Lady Abiye modelleri, kad\u0131nlar\u0131n \u00f6zel g\u00fcnlerde \u015f\u0131kl\u0131\u011f\u0131n\u0131 ve zarafetini \u00f6n plana \u00e7\u0131karmay\u0131 ama\u00e7lar.<\/p>","protected":false},"excerpt":{"rendered":"<p><strong data-start=\"0\" data-end=\"14\" data-is-only-node=\"\">Lady Abiye<\/strong>, \u00f6zel davetler, d\u00fc\u011f\u00fcnler, ni\u015fanlar ve mezuniyet gibi etkinliklerde giyilmek \u00fczere tasarlanm\u0131\u015f \u015f\u0131k ve zarif kad\u0131n elbiselerini ifade eder. Genellikle dantel, t\u00fcl, payet veya ta\u015f i\u015flemeleriyle s\u00fcslenen bu elbiseler; modern, klasik veya g\u00f6steri\u015fli tarzlarda olabilir. Lady Abiye modelleri, kad\u0131nlar\u0131n \u00f6zel g\u00fcnlerde \u015f\u0131kl\u0131\u011f\u0131n\u0131 ve zarafetini \u00f6n plana \u00e7\u0131karmay\u0131 ama\u00e7lar.<\/p>","protected":false},"featured_media":5525,"comment_status":"closed","ping_status":"closed","template":"","meta":[],"product_brand":[],"product_cat":[20,57],"product_tag":[],"class_list":{"0":"post-5499","1":"product","2":"type-product","3":"status-publish","4":"has-post-thumbnail","6":"product_cat-abiye","7":"product_cat-yeni-sezon","9":"first","10":"outofstock","11":"taxable","12":"shipping-taxable","13":"purchasable","14":"product-type-variable","15":"has-default-attributes"},"_links":{"self":[{"href":"https:\/\/gizemkis.com\/ar\/wp-json\/wp\/v2\/product\/5499","targetHints":{"allow":["GET"]}}],"collection":[{"href":"https:\/\/gizemkis.com\/ar\/wp-json\/wp\/v2\/product"}],"about":[{"href":"https:\/\/gizemkis.com\/ar\/wp-json\/wp\/v2\/types\/product"}],"replies":[{"embeddable":true,"href":"https:\/\/gizemkis.com\/ar\/wp-json\/wp\/v2\/comments?post=5499"}],"version-history":[{"count":0,"href":"https:\/\/gizemkis.com\/ar\/wp-json\/wp\/v2\/product\/5499\/revisions"}],"wp:featuredmedia":[{"embeddable":true,"href":"https:\/\/gizemkis.com\/ar\/wp-json\/wp\/v2\/media\/5525"}],"wp:attachment":[{"href":"https:\/\/gizemkis.com\/ar\/wp-json\/wp\/v2\/media?parent=5499"}],"wp:term":[{"taxonomy":"product_brand","embeddable":true,"href":"https:\/\/gizemkis.com\/ar\/wp-json\/wp\/v2\/product_brand?post=5499"},{"taxonomy":"product_cat","embeddable":true,"href":"https:\/\/gizemkis.com\/ar\/wp-json\/wp\/v2\/product_cat?post=5499"},{"taxonomy":"product_tag","embeddable":true,"href":"https:\/\/gizemkis.com\/ar\/wp-json\/wp\/v2\/product_tag?post=5499"}],"curies":[{"name":"wp","href":"https:\/\/api.w.org\/{rel}","templated":true}]}}