{"id":5568,"date":"2025-07-20T15:39:34","date_gmt":"2025-07-20T12:39:34","guid":{"rendered":"https:\/\/gizemkis.com\/?post_type=product&#038;p=5568"},"modified":"2025-10-12T14:20:41","modified_gmt":"2025-10-12T11:20:41","slug":"9001-karel-abiye","status":"publish","type":"product","link":"https:\/\/gizemkis.com\/ar\/product\/9001-karel-abiye\/","title":{"rendered":"9001 Karel Abiye"},"content":{"rendered":"<p><strong data-start=\"74\" data-end=\"89\">Karel Abiye<\/strong><br data-start=\"89\" data-end=\"92\" \/>Karel abiye, \u015f\u0131kl\u0131\u011f\u0131 ve zarafeti bir araya getiren \u00f6zel tasar\u0131mlardan olu\u015fan abiye modelleridir. Genellikle gece davetleri, ni\u015fanlar, d\u00fc\u011f\u00fcnler ve \u00f6zel organizasyonlar i\u00e7in tercih edilen Karel abiyeler; kaliteli kuma\u015f yap\u0131s\u0131, \u00f6zg\u00fcn kesimleri ve modern detaylar\u0131yla dikkat \u00e7eker. V\u00fccut hatlar\u0131n\u0131 zarif bir \u015fekilde vurgulayan bu elbiseler, her ya\u015f ve stile uygun se\u00e7enekler sunar. Sade tasar\u0131mlardan ta\u015fl\u0131 ve dantel detayl\u0131 modellere kadar geni\u015f bir yelpazeye sahip olan Karel abiye koleksiyonu, kad\u0131nlar\u0131n kendilerini \u00f6zel hissetmelerini sa\u011flar.<\/p>","protected":false},"excerpt":{"rendered":"<p><strong data-start=\"74\" data-end=\"89\">Karel Abiye<\/strong><br data-start=\"89\" data-end=\"92\" \/>Karel abiye, \u015f\u0131kl\u0131\u011f\u0131 ve zarafeti bir araya getiren \u00f6zel tasar\u0131mlardan olu\u015fan abiye modelleridir. Genellikle gece davetleri, ni\u015fanlar, d\u00fc\u011f\u00fcnler ve \u00f6zel organizasyonlar i\u00e7in tercih edilen Karel abiyeler; kaliteli kuma\u015f yap\u0131s\u0131, \u00f6zg\u00fcn kesimleri ve modern detaylar\u0131yla dikkat \u00e7eker. V\u00fccut hatlar\u0131n\u0131 zarif bir \u015fekilde vurgulayan bu elbiseler, her ya\u015f ve stile uygun se\u00e7enekler sunar. Sade tasar\u0131mlardan ta\u015fl\u0131 ve dantel detayl\u0131 modellere kadar geni\u015f bir yelpazeye sahip olan Karel abiye koleksiyonu, kad\u0131nlar\u0131n kendilerini \u00f6zel hissetmelerini sa\u011flar.<\/p>","protected":false},"featured_media":5585,"comment_status":"closed","ping_status":"closed","template":"","meta":[],"product_brand":[],"product_cat":[20,57],"product_tag":[],"class_list":{"0":"post-5568","1":"product","2":"type-product","3":"status-publish","4":"has-post-thumbnail","6":"product_cat-abiye","7":"product_cat-yeni-sezon","9":"first","10":"outofstock","11":"taxable","12":"shipping-taxable","13":"purchasable","14":"product-type-variable","15":"has-default-attributes"},"_links":{"self":[{"href":"https:\/\/gizemkis.com\/ar\/wp-json\/wp\/v2\/product\/5568","targetHints":{"allow":["GET"]}}],"collection":[{"href":"https:\/\/gizemkis.com\/ar\/wp-json\/wp\/v2\/product"}],"about":[{"href":"https:\/\/gizemkis.com\/ar\/wp-json\/wp\/v2\/types\/product"}],"replies":[{"embeddable":true,"href":"https:\/\/gizemkis.com\/ar\/wp-json\/wp\/v2\/comments?post=5568"}],"version-history":[{"count":0,"href":"https:\/\/gizemkis.com\/ar\/wp-json\/wp\/v2\/product\/5568\/revisions"}],"wp:featuredmedia":[{"embeddable":true,"href":"https:\/\/gizemkis.com\/ar\/wp-json\/wp\/v2\/media\/5585"}],"wp:attachment":[{"href":"https:\/\/gizemkis.com\/ar\/wp-json\/wp\/v2\/media?parent=5568"}],"wp:term":[{"taxonomy":"product_brand","embeddable":true,"href":"https:\/\/gizemkis.com\/ar\/wp-json\/wp\/v2\/product_brand?post=5568"},{"taxonomy":"product_cat","embeddable":true,"href":"https:\/\/gizemkis.com\/ar\/wp-json\/wp\/v2\/product_cat?post=5568"},{"taxonomy":"product_tag","embeddable":true,"href":"https:\/\/gizemkis.com\/ar\/wp-json\/wp\/v2\/product_tag?post=5568"}],"curies":[{"name":"wp","href":"https:\/\/api.w.org\/{rel}","templated":true}]}}