{"id":5594,"date":"2025-07-21T12:01:55","date_gmt":"2025-07-21T09:01:55","guid":{"rendered":"https:\/\/gizemkis.com\/?post_type=product&#038;p=5594"},"modified":"2026-02-27T17:21:21","modified_gmt":"2026-02-27T14:21:21","slug":"9012-lupin-abiye","status":"publish","type":"product","link":"https:\/\/gizemkis.com\/ar\/product\/9012-lupin-abiye\/","title":{"rendered":"9012 Lupin Abiye"},"content":{"rendered":"<p>G\u00f6z al\u0131c\u0131 detaylarla \u015f\u0131kl\u0131\u011f\u0131 yeniden tan\u0131mlayan <strong data-start=\"191\" data-end=\"206\">Lupin Abiye<\/strong>, \u00f6zel davetlerinizin y\u0131ld\u0131z\u0131 olmaya aday! Simli dokusuyla \u0131\u015f\u0131\u011f\u0131 zarif\u00e7e yans\u0131tan bu tasar\u0131m, her ad\u0131m\u0131n\u0131zda etkileyici bir sil\u00fcet yarat\u0131r.<\/p>","protected":false},"excerpt":{"rendered":"<p>G\u00f6z al\u0131c\u0131 detaylarla \u015f\u0131kl\u0131\u011f\u0131 yeniden tan\u0131mlayan <strong data-start=\"191\" data-end=\"206\">Lupin Abiye<\/strong>, \u00f6zel davetlerinizin y\u0131ld\u0131z\u0131 olmaya aday! Simli dokusuyla \u0131\u015f\u0131\u011f\u0131 zarif\u00e7e yans\u0131tan bu tasar\u0131m, her ad\u0131m\u0131n\u0131zda etkileyici bir sil\u00fcet yarat\u0131r.<\/p>","protected":false},"featured_media":5617,"comment_status":"closed","ping_status":"closed","template":"","meta":[],"product_brand":[],"product_cat":[20,57],"product_tag":[],"class_list":{"0":"post-5594","1":"product","2":"type-product","3":"status-publish","4":"has-post-thumbnail","6":"product_cat-abiye","7":"product_cat-yeni-sezon","9":"first","10":"outofstock","11":"taxable","12":"shipping-taxable","13":"purchasable","14":"product-type-variable","15":"has-default-attributes"},"_links":{"self":[{"href":"https:\/\/gizemkis.com\/ar\/wp-json\/wp\/v2\/product\/5594","targetHints":{"allow":["GET"]}}],"collection":[{"href":"https:\/\/gizemkis.com\/ar\/wp-json\/wp\/v2\/product"}],"about":[{"href":"https:\/\/gizemkis.com\/ar\/wp-json\/wp\/v2\/types\/product"}],"replies":[{"embeddable":true,"href":"https:\/\/gizemkis.com\/ar\/wp-json\/wp\/v2\/comments?post=5594"}],"version-history":[{"count":0,"href":"https:\/\/gizemkis.com\/ar\/wp-json\/wp\/v2\/product\/5594\/revisions"}],"wp:featuredmedia":[{"embeddable":true,"href":"https:\/\/gizemkis.com\/ar\/wp-json\/wp\/v2\/media\/5617"}],"wp:attachment":[{"href":"https:\/\/gizemkis.com\/ar\/wp-json\/wp\/v2\/media?parent=5594"}],"wp:term":[{"taxonomy":"product_brand","embeddable":true,"href":"https:\/\/gizemkis.com\/ar\/wp-json\/wp\/v2\/product_brand?post=5594"},{"taxonomy":"product_cat","embeddable":true,"href":"https:\/\/gizemkis.com\/ar\/wp-json\/wp\/v2\/product_cat?post=5594"},{"taxonomy":"product_tag","embeddable":true,"href":"https:\/\/gizemkis.com\/ar\/wp-json\/wp\/v2\/product_tag?post=5594"}],"curies":[{"name":"wp","href":"https:\/\/api.w.org\/{rel}","templated":true}]}}