{"id":5675,"date":"2025-07-21T14:52:50","date_gmt":"2025-07-21T11:52:50","guid":{"rendered":"https:\/\/gizemkis.com\/?post_type=product&#038;p=5675"},"modified":"2026-01-31T14:06:47","modified_gmt":"2026-01-31T11:06:47","slug":"9016-queen-abiye","status":"publish","type":"product","link":"https:\/\/gizemkis.com\/ar\/product\/9016-queen-abiye\/","title":{"rendered":"9016 Queen Abiye"},"content":{"rendered":"<p><strong data-start=\"0\" data-end=\"15\" data-is-only-node=\"\">Queen Abiye<\/strong>, zarif ve \u015f\u0131k tasar\u0131mlar\u0131yla dikkat \u00e7eken bir abiye modelidir. Genellikle v\u00fccuda oturan kesimi, ta\u015f veya dantel detaylar\u0131, uzun kuyruk veya g\u00f6steri\u015fli etekleriyle \u00f6n plana \u00e7\u0131kar. \u00d6zel davetlerde, ni\u015fan, mezuniyet veya d\u00fc\u011f\u00fcn gibi organizasyonlarda tercih edilir. &#8220;Queen&#8221; ismi, bu abiye modelinin kraliyet \u015f\u0131kl\u0131\u011f\u0131n\u0131 ve ihti\u015fam\u0131n\u0131 yans\u0131tmas\u0131ndan gelir. Ba\u015ftan sona iddial\u0131 bir g\u00f6r\u00fcn\u00fcm sunar.<\/p>","protected":false},"excerpt":{"rendered":"<p><strong data-start=\"0\" data-end=\"15\" data-is-only-node=\"\">Queen Abiye<\/strong>, zarif ve \u015f\u0131k tasar\u0131mlar\u0131yla dikkat \u00e7eken bir abiye modelidir. Genellikle v\u00fccuda oturan kesimi, ta\u015f veya dantel detaylar\u0131, uzun kuyruk veya g\u00f6steri\u015fli etekleriyle \u00f6n plana \u00e7\u0131kar. \u00d6zel davetlerde, ni\u015fan, mezuniyet veya d\u00fc\u011f\u00fcn gibi organizasyonlarda tercih edilir. &#8220;Queen&#8221; ismi, bu abiye modelinin kraliyet \u015f\u0131kl\u0131\u011f\u0131n\u0131 ve ihti\u015fam\u0131n\u0131 yans\u0131tmas\u0131ndan gelir. Ba\u015ftan sona iddial\u0131 bir g\u00f6r\u00fcn\u00fcm sunar.<\/p>","protected":false},"featured_media":5698,"comment_status":"closed","ping_status":"closed","template":"","meta":[],"product_brand":[],"product_cat":[20,57],"product_tag":[],"class_list":{"0":"post-5675","1":"product","2":"type-product","3":"status-publish","4":"has-post-thumbnail","6":"product_cat-abiye","7":"product_cat-yeni-sezon","9":"first","10":"outofstock","11":"taxable","12":"shipping-taxable","13":"purchasable","14":"product-type-variable","15":"has-default-attributes"},"_links":{"self":[{"href":"https:\/\/gizemkis.com\/ar\/wp-json\/wp\/v2\/product\/5675","targetHints":{"allow":["GET"]}}],"collection":[{"href":"https:\/\/gizemkis.com\/ar\/wp-json\/wp\/v2\/product"}],"about":[{"href":"https:\/\/gizemkis.com\/ar\/wp-json\/wp\/v2\/types\/product"}],"replies":[{"embeddable":true,"href":"https:\/\/gizemkis.com\/ar\/wp-json\/wp\/v2\/comments?post=5675"}],"version-history":[{"count":0,"href":"https:\/\/gizemkis.com\/ar\/wp-json\/wp\/v2\/product\/5675\/revisions"}],"wp:featuredmedia":[{"embeddable":true,"href":"https:\/\/gizemkis.com\/ar\/wp-json\/wp\/v2\/media\/5698"}],"wp:attachment":[{"href":"https:\/\/gizemkis.com\/ar\/wp-json\/wp\/v2\/media?parent=5675"}],"wp:term":[{"taxonomy":"product_brand","embeddable":true,"href":"https:\/\/gizemkis.com\/ar\/wp-json\/wp\/v2\/product_brand?post=5675"},{"taxonomy":"product_cat","embeddable":true,"href":"https:\/\/gizemkis.com\/ar\/wp-json\/wp\/v2\/product_cat?post=5675"},{"taxonomy":"product_tag","embeddable":true,"href":"https:\/\/gizemkis.com\/ar\/wp-json\/wp\/v2\/product_tag?post=5675"}],"curies":[{"name":"wp","href":"https:\/\/api.w.org\/{rel}","templated":true}]}}