{"id":5748,"date":"2025-07-21T15:19:51","date_gmt":"2025-07-21T12:19:51","guid":{"rendered":"https:\/\/gizemkis.com\/?post_type=product&#038;p=5748"},"modified":"2025-10-12T15:20:06","modified_gmt":"2025-10-12T12:20:06","slug":"9018-eva-abiye","status":"publish","type":"product","link":"https:\/\/gizemkis.com\/ar\/product\/9018-eva-abiye\/","title":{"rendered":"9018 Eva Abiye"},"content":{"rendered":"<p><strong data-start=\"0\" data-end=\"13\" data-is-only-node=\"\">Eva abiye<\/strong>, sade zarafeti ve modern tasar\u0131m\u0131yla \u00f6ne \u00e7\u0131kan \u015f\u0131k bir abiye modelidir. Genellikle d\u00fcz kesim, minimal detaylar ve ak\u0131c\u0131 kuma\u015flarla tasarlan\u0131r. Abart\u0131dan uzak ama etkileyici bir g\u00f6r\u00fcn\u00fcm sunar. Eva abiye, \u00f6zellikle sade \u015f\u0131kl\u0131\u011f\u0131 sevenlerin tercihi olup ni\u015fan, mezuniyet, s\u00f6z gibi \u00f6zel g\u00fcnlerde rahatl\u0131kla kullan\u0131labilir. Zamans\u0131z bir stil arayanlar i\u00e7in ideal bir se\u00e7enektir.<\/p>","protected":false},"excerpt":{"rendered":"<p><strong data-start=\"0\" data-end=\"13\" data-is-only-node=\"\">Eva abiye<\/strong>, sade zarafeti ve modern tasar\u0131m\u0131yla \u00f6ne \u00e7\u0131kan \u015f\u0131k bir abiye modelidir. Genellikle d\u00fcz kesim, minimal detaylar ve ak\u0131c\u0131 kuma\u015flarla tasarlan\u0131r. Abart\u0131dan uzak ama etkileyici bir g\u00f6r\u00fcn\u00fcm sunar. Eva abiye, \u00f6zellikle sade \u015f\u0131kl\u0131\u011f\u0131 sevenlerin tercihi olup ni\u015fan, mezuniyet, s\u00f6z gibi \u00f6zel g\u00fcnlerde rahatl\u0131kla kullan\u0131labilir. Zamans\u0131z bir stil arayanlar i\u00e7in ideal bir se\u00e7enektir.<\/p>","protected":false},"featured_media":5756,"comment_status":"closed","ping_status":"closed","template":"","meta":[],"product_brand":[],"product_cat":[20,57],"product_tag":[],"class_list":{"0":"post-5748","1":"product","2":"type-product","3":"status-publish","4":"has-post-thumbnail","6":"product_cat-abiye","7":"product_cat-yeni-sezon","9":"first","10":"outofstock","11":"taxable","12":"shipping-taxable","13":"purchasable","14":"product-type-variable"},"_links":{"self":[{"href":"https:\/\/gizemkis.com\/ar\/wp-json\/wp\/v2\/product\/5748","targetHints":{"allow":["GET"]}}],"collection":[{"href":"https:\/\/gizemkis.com\/ar\/wp-json\/wp\/v2\/product"}],"about":[{"href":"https:\/\/gizemkis.com\/ar\/wp-json\/wp\/v2\/types\/product"}],"replies":[{"embeddable":true,"href":"https:\/\/gizemkis.com\/ar\/wp-json\/wp\/v2\/comments?post=5748"}],"version-history":[{"count":0,"href":"https:\/\/gizemkis.com\/ar\/wp-json\/wp\/v2\/product\/5748\/revisions"}],"wp:featuredmedia":[{"embeddable":true,"href":"https:\/\/gizemkis.com\/ar\/wp-json\/wp\/v2\/media\/5756"}],"wp:attachment":[{"href":"https:\/\/gizemkis.com\/ar\/wp-json\/wp\/v2\/media?parent=5748"}],"wp:term":[{"taxonomy":"product_brand","embeddable":true,"href":"https:\/\/gizemkis.com\/ar\/wp-json\/wp\/v2\/product_brand?post=5748"},{"taxonomy":"product_cat","embeddable":true,"href":"https:\/\/gizemkis.com\/ar\/wp-json\/wp\/v2\/product_cat?post=5748"},{"taxonomy":"product_tag","embeddable":true,"href":"https:\/\/gizemkis.com\/ar\/wp-json\/wp\/v2\/product_tag?post=5748"}],"curies":[{"name":"wp","href":"https:\/\/api.w.org\/{rel}","templated":true}]}}