{"id":5782,"date":"2025-07-21T16:28:27","date_gmt":"2025-07-21T13:28:27","guid":{"rendered":"https:\/\/gizemkis.com\/?post_type=product&#038;p=5782"},"modified":"2025-10-12T22:33:21","modified_gmt":"2025-10-12T19:33:21","slug":"9022-jasmine-abiye","status":"publish","type":"product","link":"https:\/\/gizemkis.com\/ar\/product\/9022-jasmine-abiye\/","title":{"rendered":"9022 Jasmine Abiye"},"content":{"rendered":"<p><strong data-start=\"0\" data-end=\"17\" data-is-only-node=\"\">Jasmine abiye<\/strong>, zarif ve feminen tarz\u0131yla \u00f6ne \u00e7\u0131kan, ad\u0131n\u0131 yasemin \u00e7i\u00e7e\u011finin zarafetinden alan \u015f\u0131k bir abiye modelidir. Hafif, d\u00f6k\u00fcml\u00fc kuma\u015flar, \u00e7i\u00e7ek desenleri veya dantel detaylarla s\u00fcslenmi\u015f tasar\u0131m\u0131yla romantik bir hava sunar. Genellikle pastel tonlar, \u00f6zellikle beyaz, krem, pudra ve a\u00e7\u0131k pembe gibi yumu\u015fak renklerle kar\u015f\u0131m\u0131za \u00e7\u0131kar. Jasmine abiye; ni\u015fan, s\u00f6z, k\u0131na veya bahar-yaz davetleri i\u00e7in ideal bir se\u00e7imdir. Zarif ve sade \u015f\u0131kl\u0131\u011f\u0131 bir arada sunar.<\/p>","protected":false},"excerpt":{"rendered":"<p><strong data-start=\"0\" data-end=\"17\" data-is-only-node=\"\">Jasmine abiye<\/strong>, zarif ve feminen tarz\u0131yla \u00f6ne \u00e7\u0131kan, ad\u0131n\u0131 yasemin \u00e7i\u00e7e\u011finin zarafetinden alan \u015f\u0131k bir abiye modelidir. Hafif, d\u00f6k\u00fcml\u00fc kuma\u015flar, \u00e7i\u00e7ek desenleri veya dantel detaylarla s\u00fcslenmi\u015f tasar\u0131m\u0131yla romantik bir hava sunar. Genellikle pastel tonlar, \u00f6zellikle beyaz, krem, pudra ve a\u00e7\u0131k pembe gibi yumu\u015fak renklerle kar\u015f\u0131m\u0131za \u00e7\u0131kar. Jasmine abiye; ni\u015fan, s\u00f6z, k\u0131na veya bahar-yaz davetleri i\u00e7in ideal bir se\u00e7imdir. Zarif ve sade \u015f\u0131kl\u0131\u011f\u0131 bir arada sunar.<\/p>","protected":false},"featured_media":5785,"comment_status":"closed","ping_status":"closed","template":"","meta":[],"product_brand":[],"product_cat":[20,57],"product_tag":[],"class_list":{"0":"post-5782","1":"product","2":"type-product","3":"status-publish","4":"has-post-thumbnail","6":"product_cat-abiye","7":"product_cat-yeni-sezon","9":"first","10":"outofstock","11":"taxable","12":"shipping-taxable","13":"purchasable","14":"product-type-variable","15":"has-default-attributes"},"_links":{"self":[{"href":"https:\/\/gizemkis.com\/ar\/wp-json\/wp\/v2\/product\/5782","targetHints":{"allow":["GET"]}}],"collection":[{"href":"https:\/\/gizemkis.com\/ar\/wp-json\/wp\/v2\/product"}],"about":[{"href":"https:\/\/gizemkis.com\/ar\/wp-json\/wp\/v2\/types\/product"}],"replies":[{"embeddable":true,"href":"https:\/\/gizemkis.com\/ar\/wp-json\/wp\/v2\/comments?post=5782"}],"version-history":[{"count":0,"href":"https:\/\/gizemkis.com\/ar\/wp-json\/wp\/v2\/product\/5782\/revisions"}],"wp:featuredmedia":[{"embeddable":true,"href":"https:\/\/gizemkis.com\/ar\/wp-json\/wp\/v2\/media\/5785"}],"wp:attachment":[{"href":"https:\/\/gizemkis.com\/ar\/wp-json\/wp\/v2\/media?parent=5782"}],"wp:term":[{"taxonomy":"product_brand","embeddable":true,"href":"https:\/\/gizemkis.com\/ar\/wp-json\/wp\/v2\/product_brand?post=5782"},{"taxonomy":"product_cat","embeddable":true,"href":"https:\/\/gizemkis.com\/ar\/wp-json\/wp\/v2\/product_cat?post=5782"},{"taxonomy":"product_tag","embeddable":true,"href":"https:\/\/gizemkis.com\/ar\/wp-json\/wp\/v2\/product_tag?post=5782"}],"curies":[{"name":"wp","href":"https:\/\/api.w.org\/{rel}","templated":true}]}}