{"id":5794,"date":"2025-07-21T17:18:08","date_gmt":"2025-07-21T14:18:08","guid":{"rendered":"https:\/\/gizemkis.com\/?post_type=product&#038;p=5794"},"modified":"2025-10-12T22:34:44","modified_gmt":"2025-10-12T19:34:44","slug":"9034-serena-abiye","status":"publish","type":"product","link":"https:\/\/gizemkis.com\/ar\/product\/9034-serena-abiye\/","title":{"rendered":"9034 Serena Abiye"},"content":{"rendered":"<p><strong data-start=\"0\" data-end=\"17\" data-is-only-node=\"\">Serena elbise<\/strong>, \u015f\u0131kl\u0131\u011f\u0131 ve rahatl\u0131\u011f\u0131 bir arada sunan zarif bir modeldir. Genellikle sade ve ak\u0131c\u0131 kesimleriyle dikkat \u00e7eker, v\u00fccuda ho\u015f bir oturu\u015f sa\u011flar. Minimal detaylar ve kaliteli kuma\u015flarla tasarlan\u0131r, g\u00fcnl\u00fck kullan\u0131mdan \u00f6zel davetlere kadar geni\u015f bir kullan\u0131m alan\u0131 vard\u0131r. Serena elbise, hem klasik hem modern dokunu\u015flar\u0131yla stil sahibi kad\u0131nlar\u0131n favorisi olur. Rahatl\u0131\u011f\u0131 ve \u015f\u0131kl\u0131\u011f\u0131 bir arada isteyenler i\u00e7in ideal bir tercihtir.<\/p>\n<div id=\"gtx-trans\" style=\"position: absolute;left: -6px;top: 1px\">\n<div class=\"gtx-trans-icon\"><\/div>\n<\/div>","protected":false},"excerpt":{"rendered":"<p><strong data-start=\"0\" data-end=\"17\" data-is-only-node=\"\">Serena elbise<\/strong>, \u015f\u0131kl\u0131\u011f\u0131 ve rahatl\u0131\u011f\u0131 bir arada sunan zarif bir modeldir. Genellikle sade ve ak\u0131c\u0131 kesimleriyle dikkat \u00e7eker, v\u00fccuda ho\u015f bir oturu\u015f sa\u011flar. Minimal detaylar ve kaliteli kuma\u015flarla tasarlan\u0131r, g\u00fcnl\u00fck kullan\u0131mdan \u00f6zel davetlere kadar geni\u015f bir kullan\u0131m alan\u0131 vard\u0131r. Serena elbise, hem klasik hem modern dokunu\u015flar\u0131yla stil sahibi kad\u0131nlar\u0131n favorisi olur. Rahatl\u0131\u011f\u0131 ve \u015f\u0131kl\u0131\u011f\u0131 bir arada isteyenler i\u00e7in ideal bir tercihtir.<\/p>","protected":false},"featured_media":5801,"comment_status":"closed","ping_status":"closed","template":"","meta":[],"product_brand":[],"product_cat":[20,57],"product_tag":[],"class_list":{"0":"post-5794","1":"product","2":"type-product","3":"status-publish","4":"has-post-thumbnail","6":"product_cat-abiye","7":"product_cat-yeni-sezon","9":"first","10":"outofstock","11":"taxable","12":"shipping-taxable","13":"purchasable","14":"product-type-variable","15":"has-default-attributes"},"_links":{"self":[{"href":"https:\/\/gizemkis.com\/ar\/wp-json\/wp\/v2\/product\/5794","targetHints":{"allow":["GET"]}}],"collection":[{"href":"https:\/\/gizemkis.com\/ar\/wp-json\/wp\/v2\/product"}],"about":[{"href":"https:\/\/gizemkis.com\/ar\/wp-json\/wp\/v2\/types\/product"}],"replies":[{"embeddable":true,"href":"https:\/\/gizemkis.com\/ar\/wp-json\/wp\/v2\/comments?post=5794"}],"version-history":[{"count":0,"href":"https:\/\/gizemkis.com\/ar\/wp-json\/wp\/v2\/product\/5794\/revisions"}],"wp:featuredmedia":[{"embeddable":true,"href":"https:\/\/gizemkis.com\/ar\/wp-json\/wp\/v2\/media\/5801"}],"wp:attachment":[{"href":"https:\/\/gizemkis.com\/ar\/wp-json\/wp\/v2\/media?parent=5794"}],"wp:term":[{"taxonomy":"product_brand","embeddable":true,"href":"https:\/\/gizemkis.com\/ar\/wp-json\/wp\/v2\/product_brand?post=5794"},{"taxonomy":"product_cat","embeddable":true,"href":"https:\/\/gizemkis.com\/ar\/wp-json\/wp\/v2\/product_cat?post=5794"},{"taxonomy":"product_tag","embeddable":true,"href":"https:\/\/gizemkis.com\/ar\/wp-json\/wp\/v2\/product_tag?post=5794"}],"curies":[{"name":"wp","href":"https:\/\/api.w.org\/{rel}","templated":true}]}}