{"id":6360,"date":"2025-08-31T17:34:05","date_gmt":"2025-08-31T14:34:05","guid":{"rendered":"https:\/\/gizemkis.com\/?post_type=product&#038;p=6360"},"modified":"2025-10-12T22:29:33","modified_gmt":"2025-10-12T19:29:33","slug":"9004-alissa","status":"publish","type":"product","link":"https:\/\/gizemkis.com\/ar\/product\/9004-alissa\/","title":{"rendered":"9004 AL\u0130SSA"},"content":{"rendered":"<p>Gizem k\u0131\u015f taraf\u0131ndan tasarlanan alissa<\/p>\n<p>rahatl\u0131\u011f\u0131n ve zarafetin en g\u00fczel hali<\/p>\n<p>\u00f6zel g\u00fcnlerinizde rahatl\u0131kla kullanaca\u011f\u0131n\u0131z e\u015fsiz bir par\u00e7a<\/p>","protected":false},"excerpt":{"rendered":"<p>Gizem k\u0131\u015f taraf\u0131ndan tasarlanan alissa rahatl\u0131\u011f\u0131n ve zarafetin en g\u00fczel hali \u00f6zel g\u00fcnlerinizde rahatl\u0131kla kullanaca\u011f\u0131n\u0131z e\u015fsiz bir par\u00e7a<\/p>","protected":false},"featured_media":6429,"comment_status":"closed","ping_status":"closed","template":"","meta":[],"product_brand":[],"product_cat":[20],"product_tag":[],"class_list":{"0":"post-6360","1":"product","2":"type-product","3":"status-publish","4":"has-post-thumbnail","6":"product_cat-abiye","8":"first","9":"outofstock","10":"taxable","11":"shipping-taxable","12":"purchasable","13":"product-type-variable"},"_links":{"self":[{"href":"https:\/\/gizemkis.com\/ar\/wp-json\/wp\/v2\/product\/6360","targetHints":{"allow":["GET"]}}],"collection":[{"href":"https:\/\/gizemkis.com\/ar\/wp-json\/wp\/v2\/product"}],"about":[{"href":"https:\/\/gizemkis.com\/ar\/wp-json\/wp\/v2\/types\/product"}],"replies":[{"embeddable":true,"href":"https:\/\/gizemkis.com\/ar\/wp-json\/wp\/v2\/comments?post=6360"}],"version-history":[{"count":0,"href":"https:\/\/gizemkis.com\/ar\/wp-json\/wp\/v2\/product\/6360\/revisions"}],"wp:featuredmedia":[{"embeddable":true,"href":"https:\/\/gizemkis.com\/ar\/wp-json\/wp\/v2\/media\/6429"}],"wp:attachment":[{"href":"https:\/\/gizemkis.com\/ar\/wp-json\/wp\/v2\/media?parent=6360"}],"wp:term":[{"taxonomy":"product_brand","embeddable":true,"href":"https:\/\/gizemkis.com\/ar\/wp-json\/wp\/v2\/product_brand?post=6360"},{"taxonomy":"product_cat","embeddable":true,"href":"https:\/\/gizemkis.com\/ar\/wp-json\/wp\/v2\/product_cat?post=6360"},{"taxonomy":"product_tag","embeddable":true,"href":"https:\/\/gizemkis.com\/ar\/wp-json\/wp\/v2\/product_tag?post=6360"}],"curies":[{"name":"wp","href":"https:\/\/api.w.org\/{rel}","templated":true}]}}