{"id":6368,"date":"2025-08-31T16:57:33","date_gmt":"2025-08-31T13:57:33","guid":{"rendered":"https:\/\/gizemkis.com\/?post_type=product&#038;p=6368"},"modified":"2025-10-12T22:34:07","modified_gmt":"2025-10-12T19:34:07","slug":"9030-liana","status":"publish","type":"product","link":"https:\/\/gizemkis.com\/ar\/product\/9030-liana\/","title":{"rendered":"9030 L\u0130ANA"},"content":{"rendered":"<p>Liana Tesett\u00fcr Abiye<\/p>\n<p>Zarafet ve modern \u015f\u0131kl\u0131\u011f\u0131n bulu\u015ftu\u011fu Gizem K\u0131\u015f Liana Abiye, \u00f6zel g\u00fcnlerde asil ve g\u00f6z al\u0131c\u0131 bir g\u00f6r\u00fcn\u00fcm elde etmek isteyenler i\u00e7in tasarland\u0131.<\/p>\n<p>\u2728 Tasar\u0131m Detaylar\u0131:<\/p>\n<ul>\n<li>V\u00fccuda zarif\u00e7e oturan modern kesimiyle feminen bir siluet olu\u015fturur.<\/li>\n<li>Uzun kollu ve kapal\u0131 yaka detay\u0131yla tesett\u00fcr \u015f\u0131kl\u0131\u011f\u0131n\u0131 yans\u0131t\u0131r.<\/li>\n<li>Bedende ta\u015f ve boncuk i\u015flemeleriyle g\u00f6z kama\u015ft\u0131ran bir ihti\u015fam sunarken, etek k\u0131sm\u0131nda sade d\u00f6k\u00fcml\u00fc tasar\u0131m\u0131yla asil bir duru\u015f sergiler.<\/li>\n<li>Ak\u0131\u015fkan kuma\u015f\u0131, hareket ettik\u00e7e zarif bir \u0131\u015f\u0131lt\u0131 verir ve konforu \u00f6n planda tutar.<\/li>\n<\/ul>","protected":false},"excerpt":{"rendered":"<p>Liana Tesett\u00fcr Abiye Zarafet ve modern \u015f\u0131kl\u0131\u011f\u0131n bulu\u015ftu\u011fu Gizem K\u0131\u015f Liana Abiye, \u00f6zel g\u00fcnlerde asil ve g\u00f6z al\u0131c\u0131 bir g\u00f6r\u00fcn\u00fcm<\/p>","protected":false},"featured_media":6402,"comment_status":"closed","ping_status":"closed","template":"","meta":[],"product_brand":[],"product_cat":[20],"product_tag":[],"class_list":{"0":"post-6368","1":"product","2":"type-product","3":"status-publish","4":"has-post-thumbnail","6":"product_cat-abiye","8":"first","9":"outofstock","10":"taxable","11":"shipping-taxable","12":"purchasable","13":"product-type-variable"},"_links":{"self":[{"href":"https:\/\/gizemkis.com\/ar\/wp-json\/wp\/v2\/product\/6368","targetHints":{"allow":["GET"]}}],"collection":[{"href":"https:\/\/gizemkis.com\/ar\/wp-json\/wp\/v2\/product"}],"about":[{"href":"https:\/\/gizemkis.com\/ar\/wp-json\/wp\/v2\/types\/product"}],"replies":[{"embeddable":true,"href":"https:\/\/gizemkis.com\/ar\/wp-json\/wp\/v2\/comments?post=6368"}],"version-history":[{"count":0,"href":"https:\/\/gizemkis.com\/ar\/wp-json\/wp\/v2\/product\/6368\/revisions"}],"wp:featuredmedia":[{"embeddable":true,"href":"https:\/\/gizemkis.com\/ar\/wp-json\/wp\/v2\/media\/6402"}],"wp:attachment":[{"href":"https:\/\/gizemkis.com\/ar\/wp-json\/wp\/v2\/media?parent=6368"}],"wp:term":[{"taxonomy":"product_brand","embeddable":true,"href":"https:\/\/gizemkis.com\/ar\/wp-json\/wp\/v2\/product_brand?post=6368"},{"taxonomy":"product_cat","embeddable":true,"href":"https:\/\/gizemkis.com\/ar\/wp-json\/wp\/v2\/product_cat?post=6368"},{"taxonomy":"product_tag","embeddable":true,"href":"https:\/\/gizemkis.com\/ar\/wp-json\/wp\/v2\/product_tag?post=6368"}],"curies":[{"name":"wp","href":"https:\/\/api.w.org\/{rel}","templated":true}]}}