{"id":6460,"date":"2025-09-04T14:07:51","date_gmt":"2025-09-04T11:07:51","guid":{"rendered":"https:\/\/gizemkis.com\/?post_type=product&#038;p=6460"},"modified":"2026-01-31T14:10:22","modified_gmt":"2026-01-31T11:10:22","slug":"9011-sabrina","status":"publish","type":"product","link":"https:\/\/gizemkis.com\/ar\/product\/9011-sabrina\/","title":{"rendered":"9011  SABR\u0130NA"},"content":{"rendered":"<p>Gizem k\u0131\u015f tasar\u0131mlar\u0131ndan nefes kesici i\u015flemesi detaylardaki kalite omuzlardan d\u00f6k\u00fclen \u015fifon zarafetinize zarafet katacak tasar\u0131m harikas\u0131d\u0131r<\/p>","protected":false},"excerpt":{"rendered":"<p>Gizem k\u0131\u015f tasar\u0131mlar\u0131ndan nefes kesici i\u015flemesi detaylardaki kalite omuzlardan d\u00f6k\u00fclen \u015fifon zarafetinize zarafet katacak tasar\u0131m harikas\u0131d\u0131r<\/p>","protected":false},"featured_media":6533,"comment_status":"closed","ping_status":"closed","template":"","meta":[],"product_brand":[],"product_cat":[20],"product_tag":[],"class_list":{"0":"post-6460","1":"product","2":"type-product","3":"status-publish","4":"has-post-thumbnail","6":"product_cat-abiye","8":"first","9":"outofstock","10":"taxable","11":"shipping-taxable","12":"product-type-variable"},"_links":{"self":[{"href":"https:\/\/gizemkis.com\/ar\/wp-json\/wp\/v2\/product\/6460","targetHints":{"allow":["GET"]}}],"collection":[{"href":"https:\/\/gizemkis.com\/ar\/wp-json\/wp\/v2\/product"}],"about":[{"href":"https:\/\/gizemkis.com\/ar\/wp-json\/wp\/v2\/types\/product"}],"replies":[{"embeddable":true,"href":"https:\/\/gizemkis.com\/ar\/wp-json\/wp\/v2\/comments?post=6460"}],"version-history":[{"count":0,"href":"https:\/\/gizemkis.com\/ar\/wp-json\/wp\/v2\/product\/6460\/revisions"}],"wp:featuredmedia":[{"embeddable":true,"href":"https:\/\/gizemkis.com\/ar\/wp-json\/wp\/v2\/media\/6533"}],"wp:attachment":[{"href":"https:\/\/gizemkis.com\/ar\/wp-json\/wp\/v2\/media?parent=6460"}],"wp:term":[{"taxonomy":"product_brand","embeddable":true,"href":"https:\/\/gizemkis.com\/ar\/wp-json\/wp\/v2\/product_brand?post=6460"},{"taxonomy":"product_cat","embeddable":true,"href":"https:\/\/gizemkis.com\/ar\/wp-json\/wp\/v2\/product_cat?post=6460"},{"taxonomy":"product_tag","embeddable":true,"href":"https:\/\/gizemkis.com\/ar\/wp-json\/wp\/v2\/product_tag?post=6460"}],"curies":[{"name":"wp","href":"https:\/\/api.w.org\/{rel}","templated":true}]}}