{"id":6579,"date":"2025-09-06T14:35:14","date_gmt":"2025-09-06T11:35:14","guid":{"rendered":"https:\/\/gizemkis.com\/?post_type=product&#038;p=6579"},"modified":"2025-10-12T22:48:19","modified_gmt":"2025-10-12T19:48:19","slug":"tuana-siyah","status":"publish","type":"product","link":"https:\/\/gizemkis.com\/ar\/product\/tuana-siyah\/","title":{"rendered":"TUANA S\u0130YAH"},"content":{"rendered":"<p><strong data-start=\"0\" data-end=\"15\" data-is-only-node=\"\">Tuana abiye<\/strong>, zarif detaylar\u0131 ve modern kesimiyle \u00f6ne \u00e7\u0131kan, feminen ve etkileyici bir abiye modelidir. Genellikle dantel, t\u00fcl veya \u0131\u015f\u0131lt\u0131l\u0131 kuma\u015flarla tasarlan\u0131r; v\u00fccuda oturan formu ve d\u00f6k\u00fcml\u00fc etek yap\u0131s\u0131yla hem \u015f\u0131k hem de romantik bir g\u00f6r\u00fcn\u00fcm sunar. Tuana abiye; ni\u015fan, k\u0131na, mezuniyet veya \u00f6zel davetlerde dikkat \u00e7ekmek isteyenler i\u00e7in ideal bir tercihtir. \u0130sminin ta\u015f\u0131d\u0131\u011f\u0131 zarafet gibi, bu model de sade ama g\u00f6z al\u0131c\u0131 bir stil vadeder.<\/p>","protected":false},"excerpt":{"rendered":"<p>Tuana abiye; ni\u015fan, k\u0131na, mezuniyet veya \u00f6zel davetlerde dikkat \u00e7ekmek isteyenler i\u00e7in ideal bir tercihtir<\/p>","protected":false},"featured_media":6628,"comment_status":"closed","ping_status":"closed","template":"","meta":[],"product_brand":[],"product_cat":[20],"product_tag":[],"class_list":{"0":"post-6579","1":"product","2":"type-product","3":"status-publish","4":"has-post-thumbnail","6":"product_cat-abiye","8":"first","9":"outofstock","10":"taxable","11":"shipping-taxable","12":"purchasable","13":"product-type-variable"},"_links":{"self":[{"href":"https:\/\/gizemkis.com\/ar\/wp-json\/wp\/v2\/product\/6579","targetHints":{"allow":["GET"]}}],"collection":[{"href":"https:\/\/gizemkis.com\/ar\/wp-json\/wp\/v2\/product"}],"about":[{"href":"https:\/\/gizemkis.com\/ar\/wp-json\/wp\/v2\/types\/product"}],"replies":[{"embeddable":true,"href":"https:\/\/gizemkis.com\/ar\/wp-json\/wp\/v2\/comments?post=6579"}],"version-history":[{"count":0,"href":"https:\/\/gizemkis.com\/ar\/wp-json\/wp\/v2\/product\/6579\/revisions"}],"wp:featuredmedia":[{"embeddable":true,"href":"https:\/\/gizemkis.com\/ar\/wp-json\/wp\/v2\/media\/6628"}],"wp:attachment":[{"href":"https:\/\/gizemkis.com\/ar\/wp-json\/wp\/v2\/media?parent=6579"}],"wp:term":[{"taxonomy":"product_brand","embeddable":true,"href":"https:\/\/gizemkis.com\/ar\/wp-json\/wp\/v2\/product_brand?post=6579"},{"taxonomy":"product_cat","embeddable":true,"href":"https:\/\/gizemkis.com\/ar\/wp-json\/wp\/v2\/product_cat?post=6579"},{"taxonomy":"product_tag","embeddable":true,"href":"https:\/\/gizemkis.com\/ar\/wp-json\/wp\/v2\/product_tag?post=6579"}],"curies":[{"name":"wp","href":"https:\/\/api.w.org\/{rel}","templated":true}]}}