{"id":6727,"date":"2026-04-12T20:49:20","date_gmt":"2026-04-12T17:49:20","guid":{"rendered":"https:\/\/gizemkis.com\/?post_type=product&#038;p=6727"},"modified":"2026-04-14T20:43:19","modified_gmt":"2026-04-14T17:43:19","slug":"3012-carina-abiye","status":"publish","type":"product","link":"https:\/\/gizemkis.com\/ar\/product\/3012-carina-abiye\/","title":{"rendered":"3012 Carina Abiye"},"content":{"rendered":"<p>\u0130thal dantelin ince i\u015f\u00e7ili\u011fi ve carolin kuma\u015f\u0131n kaliteli dokusuyla harmanlanm\u0131\u015f, g\u00f6z al\u0131c\u0131 ve elit bir tasar\u0131m.<\/p>","protected":false},"excerpt":{"rendered":"<p>\u0130thal dantelin ince i\u015f\u00e7ili\u011fi ve carolin kuma\u015f\u0131n kaliteli dokusuyla harmanlanm\u0131\u015f, g\u00f6z al\u0131c\u0131 ve elit bir tasar\u0131m.<\/p>","protected":false},"featured_media":6729,"comment_status":"closed","ping_status":"closed","template":"","meta":[],"product_brand":[],"product_cat":[20],"product_tag":[],"class_list":{"0":"post-6727","1":"product","2":"type-product","3":"status-publish","4":"has-post-thumbnail","6":"product_cat-abiye","8":"first","9":"instock","10":"taxable","11":"shipping-taxable","12":"purchasable","13":"product-type-variable","14":"has-default-attributes"},"_links":{"self":[{"href":"https:\/\/gizemkis.com\/ar\/wp-json\/wp\/v2\/product\/6727","targetHints":{"allow":["GET"]}}],"collection":[{"href":"https:\/\/gizemkis.com\/ar\/wp-json\/wp\/v2\/product"}],"about":[{"href":"https:\/\/gizemkis.com\/ar\/wp-json\/wp\/v2\/types\/product"}],"replies":[{"embeddable":true,"href":"https:\/\/gizemkis.com\/ar\/wp-json\/wp\/v2\/comments?post=6727"}],"version-history":[{"count":2,"href":"https:\/\/gizemkis.com\/ar\/wp-json\/wp\/v2\/product\/6727\/revisions"}],"predecessor-version":[{"id":7346,"href":"https:\/\/gizemkis.com\/ar\/wp-json\/wp\/v2\/product\/6727\/revisions\/7346"}],"wp:featuredmedia":[{"embeddable":true,"href":"https:\/\/gizemkis.com\/ar\/wp-json\/wp\/v2\/media\/6729"}],"wp:attachment":[{"href":"https:\/\/gizemkis.com\/ar\/wp-json\/wp\/v2\/media?parent=6727"}],"wp:term":[{"taxonomy":"product_brand","embeddable":true,"href":"https:\/\/gizemkis.com\/ar\/wp-json\/wp\/v2\/product_brand?post=6727"},{"taxonomy":"product_cat","embeddable":true,"href":"https:\/\/gizemkis.com\/ar\/wp-json\/wp\/v2\/product_cat?post=6727"},{"taxonomy":"product_tag","embeddable":true,"href":"https:\/\/gizemkis.com\/ar\/wp-json\/wp\/v2\/product_tag?post=6727"}],"curies":[{"name":"wp","href":"https:\/\/api.w.org\/{rel}","templated":true}]}}