{"id":6817,"date":"2026-04-12T23:10:27","date_gmt":"2026-04-12T20:10:27","guid":{"rendered":"https:\/\/gizemkis.com\/?post_type=product&#038;p=6817"},"modified":"2026-04-14T20:44:00","modified_gmt":"2026-04-14T17:44:00","slug":"3002-abiye","status":"publish","type":"product","link":"https:\/\/gizemkis.com\/ar\/product\/3002-abiye\/","title":{"rendered":"3002 Abiye"},"content":{"rendered":"<p>\u0130thal dantelin asaletini klasik satenin vazge\u00e7ilmez p\u00fcr\u00fczs\u00fczl\u00fc\u011f\u00fcyle birle\u015ftiren zamans\u0131z bir \u015f\u0131kl\u0131k.<\/p>","protected":false},"excerpt":{"rendered":"<p>\u0130thal dantelin asaletini klasik satenin vazge\u00e7ilmez p\u00fcr\u00fczs\u00fczl\u00fc\u011f\u00fcyle birle\u015ftiren zamans\u0131z bir \u015f\u0131kl\u0131k.<\/p>","protected":false},"featured_media":6823,"comment_status":"closed","ping_status":"closed","template":"","meta":[],"product_brand":[],"product_cat":[20],"product_tag":[],"class_list":{"0":"post-6817","1":"product","2":"type-product","3":"status-publish","4":"has-post-thumbnail","6":"product_cat-abiye","8":"first","9":"instock","10":"taxable","11":"shipping-taxable","12":"purchasable","13":"product-type-variable"},"_links":{"self":[{"href":"https:\/\/gizemkis.com\/ar\/wp-json\/wp\/v2\/product\/6817","targetHints":{"allow":["GET"]}}],"collection":[{"href":"https:\/\/gizemkis.com\/ar\/wp-json\/wp\/v2\/product"}],"about":[{"href":"https:\/\/gizemkis.com\/ar\/wp-json\/wp\/v2\/types\/product"}],"replies":[{"embeddable":true,"href":"https:\/\/gizemkis.com\/ar\/wp-json\/wp\/v2\/comments?post=6817"}],"version-history":[{"count":3,"href":"https:\/\/gizemkis.com\/ar\/wp-json\/wp\/v2\/product\/6817\/revisions"}],"predecessor-version":[{"id":7351,"href":"https:\/\/gizemkis.com\/ar\/wp-json\/wp\/v2\/product\/6817\/revisions\/7351"}],"wp:featuredmedia":[{"embeddable":true,"href":"https:\/\/gizemkis.com\/ar\/wp-json\/wp\/v2\/media\/6823"}],"wp:attachment":[{"href":"https:\/\/gizemkis.com\/ar\/wp-json\/wp\/v2\/media?parent=6817"}],"wp:term":[{"taxonomy":"product_brand","embeddable":true,"href":"https:\/\/gizemkis.com\/ar\/wp-json\/wp\/v2\/product_brand?post=6817"},{"taxonomy":"product_cat","embeddable":true,"href":"https:\/\/gizemkis.com\/ar\/wp-json\/wp\/v2\/product_cat?post=6817"},{"taxonomy":"product_tag","embeddable":true,"href":"https:\/\/gizemkis.com\/ar\/wp-json\/wp\/v2\/product_tag?post=6817"}],"curies":[{"name":"wp","href":"https:\/\/api.w.org\/{rel}","templated":true}]}}