{"id":6874,"date":"2026-04-14T20:45:12","date_gmt":"2026-04-14T17:45:12","guid":{"rendered":"https:\/\/gizemkis.com\/?post_type=product&#038;p=6874"},"modified":"2026-04-14T20:45:12","modified_gmt":"2026-04-14T17:45:12","slug":"3005-abiye","status":"publish","type":"product","link":"https:\/\/gizemkis.com\/ar\/product\/3005-abiye\/","title":{"rendered":"3005 Abiye"},"content":{"rendered":"<p>\u00dcst bedendeki ithal dantel \u015f\u0131kl\u0131\u011f\u0131n\u0131, anjelika kuma\u015f\u0131n zarif ve u\u00e7u\u015f u\u00e7u\u015f d\u00f6k\u00fcm\u00fcyle tamamlayan b\u00fcy\u00fcleyici bir par\u00e7a.<\/p>","protected":false},"excerpt":{"rendered":"<p>\u00dcst bedendeki ithal dantel \u015f\u0131kl\u0131\u011f\u0131n\u0131, anjelika kuma\u015f\u0131n zarif ve u\u00e7u\u015f u\u00e7u\u015f d\u00f6k\u00fcm\u00fcyle tamamlayan b\u00fcy\u00fcleyici bir par\u00e7a.<\/p>","protected":false},"featured_media":7341,"comment_status":"closed","ping_status":"closed","template":"","meta":[],"product_brand":[],"product_cat":[20],"product_tag":[],"class_list":{"0":"post-6874","1":"product","2":"type-product","3":"status-publish","4":"has-post-thumbnail","6":"product_cat-abiye","8":"first","9":"instock","10":"taxable","11":"shipping-taxable","12":"purchasable","13":"product-type-variable"},"_links":{"self":[{"href":"https:\/\/gizemkis.com\/ar\/wp-json\/wp\/v2\/product\/6874","targetHints":{"allow":["GET"]}}],"collection":[{"href":"https:\/\/gizemkis.com\/ar\/wp-json\/wp\/v2\/product"}],"about":[{"href":"https:\/\/gizemkis.com\/ar\/wp-json\/wp\/v2\/types\/product"}],"replies":[{"embeddable":true,"href":"https:\/\/gizemkis.com\/ar\/wp-json\/wp\/v2\/comments?post=6874"}],"version-history":[{"count":1,"href":"https:\/\/gizemkis.com\/ar\/wp-json\/wp\/v2\/product\/6874\/revisions"}],"predecessor-version":[{"id":7360,"href":"https:\/\/gizemkis.com\/ar\/wp-json\/wp\/v2\/product\/6874\/revisions\/7360"}],"wp:featuredmedia":[{"embeddable":true,"href":"https:\/\/gizemkis.com\/ar\/wp-json\/wp\/v2\/media\/7341"}],"wp:attachment":[{"href":"https:\/\/gizemkis.com\/ar\/wp-json\/wp\/v2\/media?parent=6874"}],"wp:term":[{"taxonomy":"product_brand","embeddable":true,"href":"https:\/\/gizemkis.com\/ar\/wp-json\/wp\/v2\/product_brand?post=6874"},{"taxonomy":"product_cat","embeddable":true,"href":"https:\/\/gizemkis.com\/ar\/wp-json\/wp\/v2\/product_cat?post=6874"},{"taxonomy":"product_tag","embeddable":true,"href":"https:\/\/gizemkis.com\/ar\/wp-json\/wp\/v2\/product_tag?post=6874"}],"curies":[{"name":"wp","href":"https:\/\/api.w.org\/{rel}","templated":true}]}}