{"id":7021,"date":"2026-04-13T18:53:36","date_gmt":"2026-04-13T15:53:36","guid":{"rendered":"https:\/\/gizemkis.com\/?post_type=product&#038;p=7021"},"modified":"2026-04-14T20:42:32","modified_gmt":"2026-04-14T17:42:32","slug":"3017-abiye","status":"publish","type":"product","link":"https:\/\/gizemkis.com\/ar\/product\/3017-abiye\/","title":{"rendered":"3017 Abiye"},"content":{"rendered":"<p>Anjelika kuma\u015f\u0131n yumu\u015fak dokusu ve m\u00fckemmel d\u00f6k\u00fcm\u00fc sayesinde hem \u00e7ok \u015f\u0131k hem de gece boyu konforlu hissettiren bir abiye.<\/p>","protected":false},"excerpt":{"rendered":"<p>Anjelika kuma\u015f\u0131n yumu\u015fak dokusu ve m\u00fckemmel d\u00f6k\u00fcm\u00fc sayesinde hem \u00e7ok \u015f\u0131k hem de gece boyu konforlu hissettiren bir abiye.<\/p>","protected":false},"featured_media":7034,"comment_status":"closed","ping_status":"closed","template":"","meta":[],"product_brand":[],"product_cat":[20],"product_tag":[],"class_list":{"0":"post-7021","1":"product","2":"type-product","3":"status-publish","4":"has-post-thumbnail","6":"product_cat-abiye","8":"first","9":"instock","10":"taxable","11":"shipping-taxable","12":"purchasable","13":"product-type-variable"},"_links":{"self":[{"href":"https:\/\/gizemkis.com\/ar\/wp-json\/wp\/v2\/product\/7021","targetHints":{"allow":["GET"]}}],"collection":[{"href":"https:\/\/gizemkis.com\/ar\/wp-json\/wp\/v2\/product"}],"about":[{"href":"https:\/\/gizemkis.com\/ar\/wp-json\/wp\/v2\/types\/product"}],"replies":[{"embeddable":true,"href":"https:\/\/gizemkis.com\/ar\/wp-json\/wp\/v2\/comments?post=7021"}],"version-history":[{"count":3,"href":"https:\/\/gizemkis.com\/ar\/wp-json\/wp\/v2\/product\/7021\/revisions"}],"predecessor-version":[{"id":7343,"href":"https:\/\/gizemkis.com\/ar\/wp-json\/wp\/v2\/product\/7021\/revisions\/7343"}],"wp:featuredmedia":[{"embeddable":true,"href":"https:\/\/gizemkis.com\/ar\/wp-json\/wp\/v2\/media\/7034"}],"wp:attachment":[{"href":"https:\/\/gizemkis.com\/ar\/wp-json\/wp\/v2\/media?parent=7021"}],"wp:term":[{"taxonomy":"product_brand","embeddable":true,"href":"https:\/\/gizemkis.com\/ar\/wp-json\/wp\/v2\/product_brand?post=7021"},{"taxonomy":"product_cat","embeddable":true,"href":"https:\/\/gizemkis.com\/ar\/wp-json\/wp\/v2\/product_cat?post=7021"},{"taxonomy":"product_tag","embeddable":true,"href":"https:\/\/gizemkis.com\/ar\/wp-json\/wp\/v2\/product_tag?post=7021"}],"curies":[{"name":"wp","href":"https:\/\/api.w.org\/{rel}","templated":true}]}}