{"id":7102,"date":"2026-04-13T19:08:41","date_gmt":"2026-04-13T16:08:41","guid":{"rendered":"https:\/\/gizemkis.com\/?post_type=product&#038;p=7102"},"modified":"2026-04-14T20:40:09","modified_gmt":"2026-04-14T17:40:09","slug":"3025-abiye","status":"publish","type":"product","link":"https:\/\/gizemkis.com\/ar\/product\/3025-abiye\/","title":{"rendered":"3025 Abiye"},"content":{"rendered":"<p>Sendroma saten kuma\u015f\u0131n p\u00fcr\u00fczs\u00fcz dokusu ve ak\u0131c\u0131 d\u00f6k\u00fcm\u00fcyle, geceye zarif ve parlak bir imza b\u0131rakmak isteyenler i\u00e7in kusursuz bir tercih.<\/p>","protected":false},"excerpt":{"rendered":"<p>Sendroma saten kuma\u015f\u0131n p\u00fcr\u00fczs\u00fcz dokusu ve ak\u0131c\u0131 d\u00f6k\u00fcm\u00fcyle, geceye zarif ve parlak bir imza b\u0131rakmak isteyenler i\u00e7in kusursuz bir tercih.<\/p>","protected":false},"featured_media":7129,"comment_status":"closed","ping_status":"closed","template":"","meta":[],"product_brand":[],"product_cat":[20],"product_tag":[],"class_list":{"0":"post-7102","1":"product","2":"type-product","3":"status-publish","4":"has-post-thumbnail","6":"product_cat-abiye","8":"first","9":"instock","10":"taxable","11":"shipping-taxable","12":"purchasable","13":"product-type-variable"},"_links":{"self":[{"href":"https:\/\/gizemkis.com\/ar\/wp-json\/wp\/v2\/product\/7102","targetHints":{"allow":["GET"]}}],"collection":[{"href":"https:\/\/gizemkis.com\/ar\/wp-json\/wp\/v2\/product"}],"about":[{"href":"https:\/\/gizemkis.com\/ar\/wp-json\/wp\/v2\/types\/product"}],"replies":[{"embeddable":true,"href":"https:\/\/gizemkis.com\/ar\/wp-json\/wp\/v2\/comments?post=7102"}],"version-history":[{"count":2,"href":"https:\/\/gizemkis.com\/ar\/wp-json\/wp\/v2\/product\/7102\/revisions"}],"predecessor-version":[{"id":7334,"href":"https:\/\/gizemkis.com\/ar\/wp-json\/wp\/v2\/product\/7102\/revisions\/7334"}],"wp:featuredmedia":[{"embeddable":true,"href":"https:\/\/gizemkis.com\/ar\/wp-json\/wp\/v2\/media\/7129"}],"wp:attachment":[{"href":"https:\/\/gizemkis.com\/ar\/wp-json\/wp\/v2\/media?parent=7102"}],"wp:term":[{"taxonomy":"product_brand","embeddable":true,"href":"https:\/\/gizemkis.com\/ar\/wp-json\/wp\/v2\/product_brand?post=7102"},{"taxonomy":"product_cat","embeddable":true,"href":"https:\/\/gizemkis.com\/ar\/wp-json\/wp\/v2\/product_cat?post=7102"},{"taxonomy":"product_tag","embeddable":true,"href":"https:\/\/gizemkis.com\/ar\/wp-json\/wp\/v2\/product_tag?post=7102"}],"curies":[{"name":"wp","href":"https:\/\/api.w.org\/{rel}","templated":true}]}}