{"id":1733,"date":"2024-04-12T14:46:39","date_gmt":"2024-04-12T11:46:39","guid":{"rendered":"https:\/\/gizemkis.com\/?page_id=1733"},"modified":"2024-10-08T20:45:11","modified_gmt":"2024-10-08T17:45:11","slug":"toptan-satis","status":"publish","type":"page","link":"https:\/\/gizemkis.com\/en\/wholesale\/","title":{"rendered":"Hijab Evening Dress Wholesale"},"content":{"rendered":"<div data-elementor-type=\"wp-page\" data-elementor-id=\"1733\" class=\"elementor elementor-1733\" data-elementor-post-type=\"page\">\n\t\t\t\t<div class=\"wd-negative-gap elementor-element elementor-element-cf259e1 wd-section-stretch e-flex e-con-boxed e-con e-parent\" data-id=\"cf259e1\" data-element_type=\"container\" data-e-type=\"container\">\n\t\t\t\t\t<div class=\"e-con-inner\">\n\t\t<div class=\"elementor-element elementor-element-9445c21 e-con-full e-flex e-con e-child\" data-id=\"9445c21\" data-element_type=\"container\" data-e-type=\"container\">\n\t\t\t\t<div class=\"elementor-element elementor-element-4b9fdc2 wd-width-100 elementor-widget elementor-widget-wd_title\" data-id=\"4b9fdc2\" data-element_type=\"widget\" data-e-type=\"widget\" data-widget_type=\"wd_title.default\">\n\t\t\t\t<div class=\"elementor-widget-container\">\n\t\t\t\t\t\t\t<div class=\"title-wrapper wd-set-mb reset-last-child wd-title-color-primary wd-title-style-default wd-title-size-large text-center\">\n\n\t\t\t\t\t\t\t\t\t\t\t<div class=\"title-subtitle subtitle-color-primary subtitle-style-default wd-fontsize-xs\">\n\t\t\t\t\tWholesale\t\t\t\t<\/div>\n\t\t\t\n\t\t\t<div class=\"liner-continer\">\n\t\t\t\t<h4 class=\"woodmart-title-container title wd-fontsize-xxl\">Our Strategy is to Provide Quality Products to Our Customers<\/h4> \n\t\t\t\t\t\t\t<\/div>\n\n\t\t\t\t\t<\/div>\n\t\t\t\t\t\t<\/div>\n\t\t\t\t<\/div>\n\t\t\t\t<div class=\"elementor-element elementor-element-7531ad5 elementor-widget elementor-widget-wd_text_block\" data-id=\"7531ad5\" data-element_type=\"widget\" data-e-type=\"widget\" data-widget_type=\"wd_text_block.default\">\n\t\t\t\t<div class=\"elementor-widget-container\">\n\t\t\t\t\t\t\t<div class=\"wd-text-block reset-last-child text-center\">\n\t\t\t\n\t\t\t<p>We offer an excellent selection of wholesale evening dresses for your business. Our collection consists of a unique combination of modern and classic designs and offers variety to suit every taste. Our product range includes eye-catching embroideries, quality fabrics and contemporary cuts that prioritize elegance and elegance.<\/p>\n\t\t\t\t\t<\/div>\n\t\t\t\t\t\t<\/div>\n\t\t\t\t<\/div>\n\t\t\t\t<div class=\"elementor-element elementor-element-a9a3e52 elementor-widget elementor-widget-wd_text_block\" data-id=\"a9a3e52\" data-element_type=\"widget\" data-e-type=\"widget\" data-widget_type=\"wd_text_block.default\">\n\t\t\t\t<div class=\"elementor-widget-container\">\n\t\t\t\t\t\t\t<div class=\"wd-text-block reset-last-child text-center\">\n\t\t\t\n\t\t\tEach dress is made with carefully selected materials and superior craftsmanship, so your customers can look stunning on their most special day. We have a wide range of products, from minimalist elegance to opulent designs, each reflecting the latest trends on the fashion scene.\n\t\t\t\t\t<\/div>\n\t\t\t\t\t\t<\/div>\n\t\t\t\t<\/div>\n\t\t\t\t<\/div>\n\t\t\t\t\t<\/div>\n\t\t\t\t<\/div>\n\t\t<div class=\"wd-negative-gap elementor-element elementor-element-caf393c wd-section-stretch-content e-flex e-con-boxed e-con e-parent\" data-id=\"caf393c\" data-element_type=\"container\" data-e-type=\"container\">\n\t\t\t\t\t<div class=\"e-con-inner\">\n\t\t<div class=\"elementor-element elementor-element-c98eacc e-con-full e-flex e-con e-child\" data-id=\"c98eacc\" data-element_type=\"container\" data-e-type=\"container\">\n\t\t\t\t<div class=\"elementor-element elementor-element-0e19d21 wd-width-100 elementor-widget elementor-widget-wd_images_gallery\" data-id=\"0e19d21\" data-element_type=\"widget\" data-e-type=\"widget\" data-widget_type=\"wd_images_gallery.default\">\n\t\t\t\t<div class=\"elementor-widget-container\">\n\t\t\t\t\t\t\t<div class=\"wd-images-gallery photoswipe-images\" style=\"--wd-align-items:center; --wd-justify-content:center;\">\n\t\t\t\t\t\t<div class=\"wd-masonry wd-grid-f-col\" style=\"--wd-col-lg:4;--wd-col-md:4;--wd-col-sm:1;--wd-gap-lg:20px;--wd-gap-sm:10px;\" >\n\t\t\t\t\t\t\t\t\t\t\t\t\t\t\t\t\t\t<div class=\"wd-gallery-item wd-col\">\n\t\t\t\t\t\t\t\t\t\t\t\t\t<a  href=\"https:\/\/gizemkis.com\/wp-content\/uploads\/2024\/04\/DALL\u00b7E-2024-04-12-17.28.15-A-sophisticated-evening-dress-wholesale-showroom.-The-interior-is-elegantly-designed-with-high-end-lighting-and-mirrored-walls-reflecting-a-collectio.webp\" data-width=\"1792\" data-height=\"1024\" data-index=\"1\" data-elementor-open-lightbox=\"no\">\n\t\t\t\t\t\t\n\t\t\t\t\t\t<img loading=\"lazy\" decoding=\"async\" width=\"1792\" height=\"1024\" src=\"https:\/\/gizemkis.com\/wp-content\/uploads\/2024\/04\/DALL\u00b7E-2024-04-12-17.28.15-A-sophisticated-evening-dress-wholesale-showroom.-The-interior-is-elegantly-designed-with-high-end-lighting-and-mirrored-walls-reflecting-a-collectio.webp\" class=\"attachment-full size-full\" alt=\"DALL\u00b7E 2024-04-12 17.28.15 - A sophisticated evening dress wholesale showroom. The interior is elegantly designed with high-end lighting and mirrored walls, reflecting a collectio\" srcset=\"https:\/\/gizemkis.com\/wp-content\/uploads\/2024\/04\/DALL\u00b7E-2024-04-12-17.28.15-A-sophisticated-evening-dress-wholesale-showroom.-The-interior-is-elegantly-designed-with-high-end-lighting-and-mirrored-walls-reflecting-a-collectio.webp 1792w, https:\/\/gizemkis.com\/wp-content\/uploads\/2024\/04\/DALL\u00b7E-2024-04-12-17.28.15-A-sophisticated-evening-dress-wholesale-showroom.-The-interior-is-elegantly-designed-with-high-end-lighting-and-mirrored-walls-reflecting-a-collectio-150x86.webp 150w, https:\/\/gizemkis.com\/wp-content\/uploads\/2024\/04\/DALL\u00b7E-2024-04-12-17.28.15-A-sophisticated-evening-dress-wholesale-showroom.-The-interior-is-elegantly-designed-with-high-end-lighting-and-mirrored-walls-reflecting-a-collectio-1200x686.webp 1200w, https:\/\/gizemkis.com\/wp-content\/uploads\/2024\/04\/DALL\u00b7E-2024-04-12-17.28.15-A-sophisticated-evening-dress-wholesale-showroom.-The-interior-is-elegantly-designed-with-high-end-lighting-and-mirrored-walls-reflecting-a-collectio-300x171.webp 300w, https:\/\/gizemkis.com\/wp-content\/uploads\/2024\/04\/DALL\u00b7E-2024-04-12-17.28.15-A-sophisticated-evening-dress-wholesale-showroom.-The-interior-is-elegantly-designed-with-high-end-lighting-and-mirrored-walls-reflecting-a-collectio-1024x585.webp 1024w, https:\/\/gizemkis.com\/wp-content\/uploads\/2024\/04\/DALL\u00b7E-2024-04-12-17.28.15-A-sophisticated-evening-dress-wholesale-showroom.-The-interior-is-elegantly-designed-with-high-end-lighting-and-mirrored-walls-reflecting-a-collectio-768x439.webp 768w, https:\/\/gizemkis.com\/wp-content\/uploads\/2024\/04\/DALL\u00b7E-2024-04-12-17.28.15-A-sophisticated-evening-dress-wholesale-showroom.-The-interior-is-elegantly-designed-with-high-end-lighting-and-mirrored-walls-reflecting-a-collectio-1536x878.webp 1536w, https:\/\/gizemkis.com\/wp-content\/uploads\/2024\/04\/DALL\u00b7E-2024-04-12-17.28.15-A-sophisticated-evening-dress-wholesale-showroom.-The-interior-is-elegantly-designed-with-high-end-lighting-and-mirrored-walls-reflecting-a-collectio-18x10.webp 18w\" sizes=\"auto, (max-width: 1792px) 100vw, 1792px\" \/>\n\t\t\t\t\t\t\t\t\t\t\t\t\t<\/a>\n\t\t\t\t\t\t\t\t\t\t\t<\/div>\n\t\t\t\t\t\t\t\t\t\t\t\t\t\t\t<div class=\"wd-gallery-item wd-col\">\n\t\t\t\t\t\t\t\t\t\t\t\t\t<a  href=\"https:\/\/gizemkis.com\/wp-content\/uploads\/2024\/04\/DALL\u00b7E-2024-04-12-17.25.22-An-outdoor-evening-dress-wholesale-market.-The-setting-is-under-a-large-tent-with-rows-of-stalls-each-draped-with-luxurious-evening-dresses-of-variou.webp\" data-width=\"1792\" data-height=\"1024\" data-index=\"2\" data-elementor-open-lightbox=\"no\">\n\t\t\t\t\t\t\n\t\t\t\t\t\t<img loading=\"lazy\" decoding=\"async\" width=\"1792\" height=\"1024\" src=\"https:\/\/gizemkis.com\/wp-content\/uploads\/2024\/04\/DALL\u00b7E-2024-04-12-17.25.22-An-outdoor-evening-dress-wholesale-market.-The-setting-is-under-a-large-tent-with-rows-of-stalls-each-draped-with-luxurious-evening-dresses-of-variou.webp\" class=\"attachment-full size-full\" alt=\"DALL\u00b7E 2024-04-12 17.25.22 - An outdoor evening dress wholesale market. The setting is under a large tent with rows of stalls, each draped with luxurious evening dresses of variou\" srcset=\"https:\/\/gizemkis.com\/wp-content\/uploads\/2024\/04\/DALL\u00b7E-2024-04-12-17.25.22-An-outdoor-evening-dress-wholesale-market.-The-setting-is-under-a-large-tent-with-rows-of-stalls-each-draped-with-luxurious-evening-dresses-of-variou.webp 1792w, https:\/\/gizemkis.com\/wp-content\/uploads\/2024\/04\/DALL\u00b7E-2024-04-12-17.25.22-An-outdoor-evening-dress-wholesale-market.-The-setting-is-under-a-large-tent-with-rows-of-stalls-each-draped-with-luxurious-evening-dresses-of-variou-150x86.webp 150w, https:\/\/gizemkis.com\/wp-content\/uploads\/2024\/04\/DALL\u00b7E-2024-04-12-17.25.22-An-outdoor-evening-dress-wholesale-market.-The-setting-is-under-a-large-tent-with-rows-of-stalls-each-draped-with-luxurious-evening-dresses-of-variou-1200x686.webp 1200w, https:\/\/gizemkis.com\/wp-content\/uploads\/2024\/04\/DALL\u00b7E-2024-04-12-17.25.22-An-outdoor-evening-dress-wholesale-market.-The-setting-is-under-a-large-tent-with-rows-of-stalls-each-draped-with-luxurious-evening-dresses-of-variou-300x171.webp 300w, https:\/\/gizemkis.com\/wp-content\/uploads\/2024\/04\/DALL\u00b7E-2024-04-12-17.25.22-An-outdoor-evening-dress-wholesale-market.-The-setting-is-under-a-large-tent-with-rows-of-stalls-each-draped-with-luxurious-evening-dresses-of-variou-1024x585.webp 1024w, https:\/\/gizemkis.com\/wp-content\/uploads\/2024\/04\/DALL\u00b7E-2024-04-12-17.25.22-An-outdoor-evening-dress-wholesale-market.-The-setting-is-under-a-large-tent-with-rows-of-stalls-each-draped-with-luxurious-evening-dresses-of-variou-768x439.webp 768w, https:\/\/gizemkis.com\/wp-content\/uploads\/2024\/04\/DALL\u00b7E-2024-04-12-17.25.22-An-outdoor-evening-dress-wholesale-market.-The-setting-is-under-a-large-tent-with-rows-of-stalls-each-draped-with-luxurious-evening-dresses-of-variou-1536x878.webp 1536w, https:\/\/gizemkis.com\/wp-content\/uploads\/2024\/04\/DALL\u00b7E-2024-04-12-17.25.22-An-outdoor-evening-dress-wholesale-market.-The-setting-is-under-a-large-tent-with-rows-of-stalls-each-draped-with-luxurious-evening-dresses-of-variou-18x10.webp 18w\" sizes=\"auto, (max-width: 1792px) 100vw, 1792px\" \/>\n\t\t\t\t\t\t\t\t\t\t\t\t\t<\/a>\n\t\t\t\t\t\t\t\t\t\t\t<\/div>\n\t\t\t\t\t\t\t\t\t\t\t\t\t\t\t<div class=\"wd-gallery-item wd-col\">\n\t\t\t\t\t\t\t\t\t\t\t\t\t<a  href=\"https:\/\/gizemkis.com\/wp-content\/uploads\/2024\/04\/DALL\u00b7E-2024-04-12-17.24.42-A-bustling-wholesale-evening-dress-market-scene.-Several-vendors-with-diverse-appearances-are-displaying-a-wide-variety-of-elegant-evening-gowns-rang.webp\" data-width=\"1792\" data-height=\"1024\" data-index=\"3\" data-elementor-open-lightbox=\"no\">\n\t\t\t\t\t\t\n\t\t\t\t\t\t<img loading=\"lazy\" decoding=\"async\" width=\"1792\" height=\"1024\" src=\"https:\/\/gizemkis.com\/wp-content\/uploads\/2024\/04\/DALL\u00b7E-2024-04-12-17.24.42-A-bustling-wholesale-evening-dress-market-scene.-Several-vendors-with-diverse-appearances-are-displaying-a-wide-variety-of-elegant-evening-gowns-rang.webp\" class=\"attachment-full size-full\" alt=\"DALL\u00b7E 2024-04-12 17.24.42 - A bustling wholesale evening dress market scene. Several vendors with diverse appearances are displaying a wide variety of elegant evening gowns, rang\" srcset=\"https:\/\/gizemkis.com\/wp-content\/uploads\/2024\/04\/DALL\u00b7E-2024-04-12-17.24.42-A-bustling-wholesale-evening-dress-market-scene.-Several-vendors-with-diverse-appearances-are-displaying-a-wide-variety-of-elegant-evening-gowns-rang.webp 1792w, https:\/\/gizemkis.com\/wp-content\/uploads\/2024\/04\/DALL\u00b7E-2024-04-12-17.24.42-A-bustling-wholesale-evening-dress-market-scene.-Several-vendors-with-diverse-appearances-are-displaying-a-wide-variety-of-elegant-evening-gowns-rang-150x86.webp 150w, https:\/\/gizemkis.com\/wp-content\/uploads\/2024\/04\/DALL\u00b7E-2024-04-12-17.24.42-A-bustling-wholesale-evening-dress-market-scene.-Several-vendors-with-diverse-appearances-are-displaying-a-wide-variety-of-elegant-evening-gowns-rang-1200x686.webp 1200w, https:\/\/gizemkis.com\/wp-content\/uploads\/2024\/04\/DALL\u00b7E-2024-04-12-17.24.42-A-bustling-wholesale-evening-dress-market-scene.-Several-vendors-with-diverse-appearances-are-displaying-a-wide-variety-of-elegant-evening-gowns-rang-300x171.webp 300w, https:\/\/gizemkis.com\/wp-content\/uploads\/2024\/04\/DALL\u00b7E-2024-04-12-17.24.42-A-bustling-wholesale-evening-dress-market-scene.-Several-vendors-with-diverse-appearances-are-displaying-a-wide-variety-of-elegant-evening-gowns-rang-1024x585.webp 1024w, https:\/\/gizemkis.com\/wp-content\/uploads\/2024\/04\/DALL\u00b7E-2024-04-12-17.24.42-A-bustling-wholesale-evening-dress-market-scene.-Several-vendors-with-diverse-appearances-are-displaying-a-wide-variety-of-elegant-evening-gowns-rang-768x439.webp 768w, https:\/\/gizemkis.com\/wp-content\/uploads\/2024\/04\/DALL\u00b7E-2024-04-12-17.24.42-A-bustling-wholesale-evening-dress-market-scene.-Several-vendors-with-diverse-appearances-are-displaying-a-wide-variety-of-elegant-evening-gowns-rang-1536x878.webp 1536w, https:\/\/gizemkis.com\/wp-content\/uploads\/2024\/04\/DALL\u00b7E-2024-04-12-17.24.42-A-bustling-wholesale-evening-dress-market-scene.-Several-vendors-with-diverse-appearances-are-displaying-a-wide-variety-of-elegant-evening-gowns-rang-18x10.webp 18w\" sizes=\"auto, (max-width: 1792px) 100vw, 1792px\" \/>\n\t\t\t\t\t\t\t\t\t\t\t\t\t<\/a>\n\t\t\t\t\t\t\t\t\t\t\t<\/div>\n\t\t\t\t\t\t\t\t\t\t\t\t\t\t\t\t\t\t<\/div>\n\t\t\t\t\t<\/div>\n\t\t\t\t\t\t<\/div>\n\t\t\t\t<\/div>\n\t\t\t\t<\/div>\n\t\t\t\t\t<\/div>\n\t\t\t\t<\/div>\n\t\t<div class=\"elementor-element elementor-element-2f74434 e-flex e-con-boxed e-con e-parent\" data-id=\"2f74434\" data-element_type=\"container\" data-e-type=\"container\">\n\t\t\t\t\t<div class=\"e-con-inner\">\n\t\t<div class=\"elementor-element elementor-element-efd33aa e-con-full e-flex e-con e-child\" data-id=\"efd33aa\" data-element_type=\"container\" data-e-type=\"container\">\n\t\t\t\t<div class=\"elementor-element elementor-element-e2e5a89 wd-width-100 elementor-widget elementor-widget-wd_title\" data-id=\"e2e5a89\" data-element_type=\"widget\" data-e-type=\"widget\" data-widget_type=\"wd_title.default\">\n\t\t\t\t<div class=\"elementor-widget-container\">\n\t\t\t\t\t\t\t<div class=\"title-wrapper wd-set-mb reset-last-child wd-title-color-primary wd-title-style-default wd-title-size-large text-center\">\n\n\t\t\t\n\t\t\t<div class=\"liner-continer\">\n\t\t\t\t<h4 class=\"woodmart-title-container title wd-fontsize-xxl\">Frequently Asked Questions<\/h4> \n\t\t\t\t\t\t\t<\/div>\n\n\t\t\t\t\t<\/div>\n\t\t\t\t\t\t<\/div>\n\t\t\t\t<\/div>\n\t\t\t\t<div class=\"elementor-element elementor-element-33cce8f elementor-widget elementor-widget-wd_accordion\" data-id=\"33cce8f\" data-element_type=\"widget\" data-e-type=\"widget\" data-widget_type=\"wd_accordion.default\">\n\t\t\t\t<div class=\"elementor-widget-container\">\n\t\t\t\t\t\n\t\t<div class=\"wd-accordion wd-style-default wd-titles-left wd-opener-pos-right wd-opener-style-arrow\" data-state=\"all_closed\">\n\t\t\t\t\t\t\t\n\t\t\t\t<div class=\"wd-accordion-item\">\n\t\t\t\t\t<div class=\"wd-accordion-title wd-role-btn\" data-accordion-index=\"0\" tabindex=\"0\">\n\t\t\t\t\t\t<div class=\"wd-accordion-title-text\">\n\t\t\t\t\t\t\t\t\t\t\t\t\t\t<span>\n\t\t\t\t\t\t\t\tWhat is your minimum order quantity?\t\t\t\t\t\t\t<\/span>\n\t\t\t\t\t\t<\/div>\n\t\t\t\t\t\t<span class=\"wd-accordion-opener\"><\/span>\n\t\t\t\t\t<\/div>\n\n\t\t\t\t\t<div class=\"wd-accordion-content wd-entry-content\" data-accordion-index=\"0\">\n\t\t\t\t\t\t\t\t\t\t\t\t\t\n\t\t\t\t\t\t\tOur minimum order quantity is 10 pieces per model. We can make special arrangements for bulk orders of different models.\n\t\t\t\t\t\t\t\t\t\t\t\t\t\t\t\t\t\t<\/div>\n\t\t\t\t<\/div>\n\t\t\t\t\t\t\t\n\t\t\t\t<div class=\"wd-accordion-item\">\n\t\t\t\t\t<div class=\"wd-accordion-title wd-role-btn\" data-accordion-index=\"1\" tabindex=\"0\">\n\t\t\t\t\t\t<div class=\"wd-accordion-title-text\">\n\t\t\t\t\t\t\t\t\t\t\t\t\t\t<span>\n\t\t\t\t\t\t\t\tCan I order different sizes and colors?\t\t\t\t\t\t\t<\/span>\n\t\t\t\t\t\t<\/div>\n\t\t\t\t\t\t<span class=\"wd-accordion-opener\"><\/span>\n\t\t\t\t\t<\/div>\n\n\t\t\t\t\t<div class=\"wd-accordion-content wd-entry-content\" data-accordion-index=\"1\">\n\t\t\t\t\t\t\t\t\t\t\t\t\t\n\t\t\t\t\t\t\tYes, our collections are available in a variety of colors and sizes. You can order any combination you want.\n\t\t\t\t\t\t\t\t\t\t\t\t\t\t\t\t\t\t<\/div>\n\t\t\t\t<\/div>\n\t\t\t\t\t\t\t\n\t\t\t\t<div class=\"wd-accordion-item\">\n\t\t\t\t\t<div class=\"wd-accordion-title wd-role-btn\" data-accordion-index=\"2\" tabindex=\"0\">\n\t\t\t\t\t\t<div class=\"wd-accordion-title-text\">\n\t\t\t\t\t\t\t\t\t\t\t\t\t\t<span>\n\t\t\t\t\t\t\t\tWhat are the fabric types of your products?\t\t\t\t\t\t\t<\/span>\n\t\t\t\t\t\t<\/div>\n\t\t\t\t\t\t<span class=\"wd-accordion-opener\"><\/span>\n\t\t\t\t\t<\/div>\n\n\t\t\t\t\t<div class=\"wd-accordion-content wd-entry-content\" data-accordion-index=\"2\">\n\t\t\t\t\t\t\t\t\t\t\t\t\t\n\t\t\t\t\t\t\tWe use high quality fabrics such as satin, chiffon, tulle and lace in our products. Each fabric type has been carefully selected for durability and elegance.\n\t\t\t\t\t\t\t\t\t\t\t\t\t\t\t\t\t\t<\/div>\n\t\t\t\t<\/div>\n\t\t\t\t\t\t\t\n\t\t\t\t<div class=\"wd-accordion-item\">\n\t\t\t\t\t<div class=\"wd-accordion-title wd-role-btn\" data-accordion-index=\"3\" tabindex=\"0\">\n\t\t\t\t\t\t<div class=\"wd-accordion-title-text\">\n\t\t\t\t\t\t\t\t\t\t\t\t\t\t<span>\n\t\t\t\t\t\t\t\tCan you make customized designs?\t\t\t\t\t\t\t<\/span>\n\t\t\t\t\t\t<\/div>\n\t\t\t\t\t\t<span class=\"wd-accordion-opener\"><\/span>\n\t\t\t\t\t<\/div>\n\n\t\t\t\t\t<div class=\"wd-accordion-content wd-entry-content\" data-accordion-index=\"3\">\n\t\t\t\t\t\t\t\t\t\t\t\t\t\n\t\t\t\t\t\t\tYes, we have customized design options for wholesale orders. Please contact us for details and minimum order requirements.\n\t\t\t\t\t\t\t\t\t\t\t\t\t\t\t\t\t\t<\/div>\n\t\t\t\t<\/div>\n\t\t\t\t\t\t\t\n\t\t\t\t<div class=\"wd-accordion-item\">\n\t\t\t\t\t<div class=\"wd-accordion-title wd-role-btn\" data-accordion-index=\"4\" tabindex=\"0\">\n\t\t\t\t\t\t<div class=\"wd-accordion-title-text\">\n\t\t\t\t\t\t\t\t\t\t\t\t\t\t<span>\n\t\t\t\t\t\t\t\tHow long does the order process take?\t\t\t\t\t\t\t<\/span>\n\t\t\t\t\t\t<\/div>\n\t\t\t\t\t\t<span class=\"wd-accordion-opener\"><\/span>\n\t\t\t\t\t<\/div>\n\n\t\t\t\t\t<div class=\"wd-accordion-content wd-entry-content\" data-accordion-index=\"4\">\n\t\t\t\t\t\t\t\t\t\t\t\t\t\n\t\t\t\t\t\t\tYour orders are usually prepared and shipped within 4-6 weeks after confirmation. This time may vary depending on order quantity and customization needs.\n\t\t\t\t\t\t\t\t\t\t\t\t\t\t\t\t\t\t<\/div>\n\t\t\t\t<\/div>\n\t\t\t\t\t\t\t\n\t\t\t\t<div class=\"wd-accordion-item\">\n\t\t\t\t\t<div class=\"wd-accordion-title wd-role-btn\" data-accordion-index=\"5\" tabindex=\"0\">\n\t\t\t\t\t\t<div class=\"wd-accordion-title-text\">\n\t\t\t\t\t\t\t\t\t\t\t\t\t\t<span>\n\t\t\t\t\t\t\t\tWhat is your return and exchange policy?\t\t\t\t\t\t\t<\/span>\n\t\t\t\t\t\t<\/div>\n\t\t\t\t\t\t<span class=\"wd-accordion-opener\"><\/span>\n\t\t\t\t\t<\/div>\n\n\t\t\t\t\t<div class=\"wd-accordion-content wd-entry-content\" data-accordion-index=\"5\">\n\t\t\t\t\t\t\t\t\t\t\t\t\t\n\t\t\t\t\t\t\tIn wholesale purchases, returns or exchanges of products are accepted only in case of manufacturing defects. We recommend that you examine product samples before purchasing.\n\t\t\t\t\t\t\t\t\t\t\t\t\t\t\t\t\t\t<\/div>\n\t\t\t\t<\/div>\n\t\t\t\t\t\t\t\n\t\t\t\t<div class=\"wd-accordion-item\">\n\t\t\t\t\t<div class=\"wd-accordion-title wd-role-btn\" data-accordion-index=\"6\" tabindex=\"0\">\n\t\t\t\t\t\t<div class=\"wd-accordion-title-text\">\n\t\t\t\t\t\t\t\t\t\t\t\t\t\t<span>\n\t\t\t\t\t\t\t\tWhat are the payment terms?\t\t\t\t\t\t\t<\/span>\n\t\t\t\t\t\t<\/div>\n\t\t\t\t\t\t<span class=\"wd-accordion-opener\"><\/span>\n\t\t\t\t\t<\/div>\n\n\t\t\t\t\t<div class=\"wd-accordion-content wd-entry-content\" data-accordion-index=\"6\">\n\t\t\t\t\t\t\t\t\t\t\t\t\t\n\t\t\t\t\t\t\t\u00d6deme ko\u015fullar\u0131m\u0131z, sipari\u015f tutar\u0131n\u0131n %50'sinin sipari\u015f s\u0131ras\u0131nda, kalan %50'sinin ise \u00fcr\u00fcn tesliminden \u00f6nce \u00f6denmesini gerektirir. Banka havalesi ve kredi kart\u0131 ile \u00f6deme kabul ediyoruz.\n\t\t\t\t\t\t\t\t\t\t\t\t\t\t\t\t\t\t<\/div>\n\t\t\t\t<\/div>\n\t\t\t\t\t\t\t\n\t\t\t\t<div class=\"wd-accordion-item\">\n\t\t\t\t\t<div class=\"wd-accordion-title wd-role-btn\" data-accordion-index=\"7\" tabindex=\"0\">\n\t\t\t\t\t\t<div class=\"wd-accordion-title-text\">\n\t\t\t\t\t\t\t\t\t\t\t\t\t\t<span>\n\t\t\t\t\t\t\t\tDo you ship internationally?\t\t\t\t\t\t\t<\/span>\n\t\t\t\t\t\t<\/div>\n\t\t\t\t\t\t<span class=\"wd-accordion-opener\"><\/span>\n\t\t\t\t\t<\/div>\n\n\t\t\t\t\t<div class=\"wd-accordion-content wd-entry-content\" data-accordion-index=\"7\">\n\t\t\t\t\t\t\t\t\t\t\t\t\t\n\t\t\t\t\t\t\tYes, we ship to many countries around the world. Please contact us for more information about shipping costs and times.\n\t\t\t\t\t\t\t\t\t\t\t\t\t\t\t\t\t\t<\/div>\n\t\t\t\t<\/div>\n\t\t\t\t\t<\/div>\n\t\t\t\t\t\t<\/div>\n\t\t\t\t<\/div>\n\t\t\t\t<\/div>\n\t\t\t\t\t<\/div>\n\t\t\t\t<\/div>\n\t\t<div class=\"wd-negative-gap elementor-element elementor-element-2dc3823 wd-section-stretch e-flex e-con-boxed e-con e-parent\" data-id=\"2dc3823\" data-element_type=\"container\" data-e-type=\"container\" data-settings=\"{&quot;background_background&quot;:&quot;classic&quot;}\">\n\t\t\t\t\t<div class=\"e-con-inner\">\n\t\t<div class=\"elementor-element elementor-element-4cb8c96 e-con-full e-flex e-con e-child\" data-id=\"4cb8c96\" data-element_type=\"container\" data-e-type=\"container\">\n\t\t\t\t<div class=\"elementor-element elementor-element-a8d66d3 wd-width-100 elementor-widget elementor-widget-wd_title\" data-id=\"a8d66d3\" data-element_type=\"widget\" data-e-type=\"widget\" data-widget_type=\"wd_title.default\">\n\t\t\t\t<div class=\"elementor-widget-container\">\n\t\t\t\t\t\t\t<div class=\"title-wrapper wd-set-mb reset-last-child wd-title-color-primary wd-title-style-default wd-title-size-default text-center\">\n\n\t\t\t\t\t\t\t\t\t\t\t<div class=\"title-subtitle subtitle-color-primary subtitle-style-default wd-fontsize-xs\">\n\t\t\t\t\tWhatsApp Wholesale\t\t\t\t<\/div>\n\t\t\t\n\t\t\t<div class=\"liner-continer\">\n\t\t\t\t<h4 class=\"woodmart-title-container title wd-fontsize-l\">Contact Now<\/h4> \n\t\t\t\t\t\t\t<\/div>\n\n\t\t\t\t\t\t\t<div class=\"title-after_title reset-last-child wd-fontsize-xs\">\n\t\t\t\t\tTo get more information about our evening dress collection, place a special order or ask any questions, click the WhatsApp button below. Our experienced sales team is ready to respond to you as soon as possible!\t\t\t\t<\/div>\n\t\t\t\t\t<\/div>\n\t\t\t\t\t\t<\/div>\n\t\t\t\t<\/div>\n\t\t\t\t<div class=\"elementor-element elementor-element-0de095b elementor-widget elementor-widget-wd_button\" data-id=\"0de095b\" data-element_type=\"widget\" data-e-type=\"widget\" data-widget_type=\"wd_button.default\">\n\t\t\t\t<div class=\"elementor-widget-container\">\n\t\t\t\t\t\t\t<div class=\"wd-button-wrapper text-center\" >\n\t\t\t<a class=\"btn btn-style-default btn-shape-semi-round btn-size-large btn-icon-pos-left\" href=\"https:\/\/wa.me\/905466291831?text=Merhaba%2C%20toptan%20sat%C4%B1%C5%9F%20i%C3%A7in%20bilgi%20alabilir%20miyim%3F\" target=\"_blank\" style=\"--btn-color:#fff;\" rel=\"noopener\">\n\t\t\t\t<span class=\"wd-btn-text\" data-elementor-setting-key=\"text\">\n\t\t\t\t\tReach on WhatsApp\t\t\t\t<\/span>\n\n\t\t\t\t\t\t\t\t\t<span class=\"wd-btn-icon\">\n\t\t\t\t\t\t<svg class=\"wd-icon e-font-icon-svg e-fab-whatsapp\" viewbox=\"0 0 448 512\" xmlns=\"http:\/\/www.w3.org\/2000\/svg\"><path d=\"M380.9 97.1C339 55.1 283.2 32 223.9 32c-122.4 0-222 99.6-222 222 0 39.1 10.2 77.3 29.6 111L0 480l117.7-30.9c32.4 17.7 68.9 27 106.1 27h.1c122.3 0 224.1-99.6 224.1-222 0-59.3-25.2-115-67.1-157zm-157 341.6c-33.2 0-65.7-8.9-94-25.7l-6.7-4-69.8 18.3L72 359.2l-4.4-7c-18.5-29.4-28.2-63.3-28.2-98.2 0-101.7 82.8-184.5 184.6-184.5 49.3 0 95.6 19.2 130.4 54.1 34.8 34.9 56.2 81.2 56.1 130.5 0 101.8-84.9 184.6-186.6 184.6zm101.2-138.2c-5.5-2.8-32.8-16.2-37.9-18-5.1-1.9-8.8-2.8-12.5 2.8-3.7 5.6-14.3 18-17.6 21.8-3.2 3.7-6.5 4.2-12 1.4-32.6-16.3-54-29.1-75.5-66-5.7-9.8 5.7-9.1 16.3-30.3 1.8-3.7.9-6.9-.5-9.7-1.4-2.8-12.5-30.1-17.1-41.2-4.5-10.8-9.1-9.3-12.5-9.5-3.2-.2-6.9-.2-10.6-.2-3.7 0-9.7 1.4-14.8 6.9-5.1 5.6-19.4 19-19.4 46.3 0 27.3 19.9 53.7 22.6 57.4 2.8 3.7 39.1 59.7 94.8 83.8 35.2 15.2 49 16.5 66.6 13.9 10.7-1.6 32.8-13.4 37.4-26.4 4.6-13 4.6-24.1 3.2-26.4-1.3-2.5-5-3.9-10.5-6.6z\"><\/path><\/svg>\t\t\t\t\t<\/span>\n\t\t\t\t\t\t\t<\/a>\n\t\t<\/div>\n\t\t\t\t\t\t<\/div>\n\t\t\t\t<\/div>\n\t\t\t\t<\/div>\n\t\t\t\t\t<\/div>\n\t\t\t\t<\/div>\n\t\t\t\t<\/div>","protected":false},"excerpt":{"rendered":"<p>Our Wholesale Strategy is to Provide Quality Products to Our Customers We offer an excellent selection of wholesale evening dresses for your business. Our collection includes modern and classic designs.<\/p>","protected":false},"author":2,"featured_media":0,"parent":0,"menu_order":0,"comment_status":"closed","ping_status":"closed","template":"","meta":{"footnotes":""},"class_list":["post-1733","page","type-page","status-publish","hentry"],"_links":{"self":[{"href":"https:\/\/gizemkis.com\/en\/wp-json\/wp\/v2\/pages\/1733","targetHints":{"allow":["GET"]}}],"collection":[{"href":"https:\/\/gizemkis.com\/en\/wp-json\/wp\/v2\/pages"}],"about":[{"href":"https:\/\/gizemkis.com\/en\/wp-json\/wp\/v2\/types\/page"}],"author":[{"embeddable":true,"href":"https:\/\/gizemkis.com\/en\/wp-json\/wp\/v2\/users\/2"}],"replies":[{"embeddable":true,"href":"https:\/\/gizemkis.com\/en\/wp-json\/wp\/v2\/comments?post=1733"}],"version-history":[{"count":0,"href":"https:\/\/gizemkis.com\/en\/wp-json\/wp\/v2\/pages\/1733\/revisions"}],"wp:attachment":[{"href":"https:\/\/gizemkis.com\/en\/wp-json\/wp\/v2\/media?parent=1733"}],"curies":[{"name":"wp","href":"https:\/\/api.w.org\/{rel}","templated":true}]}}