{"id":6366,"date":"2025-08-31T17:23:21","date_gmt":"2025-08-31T14:23:21","guid":{"rendered":"https:\/\/gizemkis.com\/?post_type=product&#038;p=6366"},"modified":"2025-10-12T22:34:31","modified_gmt":"2025-10-12T19:34:31","slug":"9033-elenor","status":"publish","type":"product","link":"https:\/\/gizemkis.com\/en\/product\/9033-elenor\/","title":{"rendered":"9033 ELENOR"},"content":{"rendered":"<p>Gizem K\u0131\u015f Moda\u2019n\u0131n zarif tasar\u0131m\u0131 9033 Elenor Tesett\u00fcr Abiye ile \u015f\u0131kl\u0131\u011f\u0131 ve konforu kusursuz \u015fekilde yakalay\u0131n:<\/p>\n<ul>\n<li>Modern &amp; Fonksiyonel Yap\u0131: Krep kuma\u015f ile haz\u0131rlanm\u0131\u015f abiyemiz, \u00fczerinde yer alan \u00e7\u0131kar\u0131labilir pelerin sayesinde hem klasik hem g\u00fcncel bir g\u00f6r\u00fcn\u00fcm sunar. \u00d6zellikle tercihe g\u00f6re pelerinle veya pelerin olmadan farkl\u0131 tarzlara uyum sa\u011flar.<span class=\"Apple-converted-space\">\u00a0<\/span><\/li>\n<li>Kolay Kullan\u0131m: Pelerinin arkas\u0131ndaki fermuar, giymeyi ve \u00e7\u0131karmay\u0131 son derece pratik hale getirir.<span class=\"Apple-converted-space\">\u00a0<\/span><\/li>\n<\/ul>","protected":false},"excerpt":{"rendered":"<p>Gizem K\u0131\u015f Moda\u2019n\u0131n zarif tasar\u0131m\u0131 9033 Elenor Tesett\u00fcr Abiye ile \u015f\u0131kl\u0131\u011f\u0131 ve konforu kusursuz \u015fekilde yakalay\u0131n: Modern &amp; Fonksiyonel Yap\u0131:<\/p>","protected":false},"featured_media":6416,"comment_status":"closed","ping_status":"closed","template":"","meta":[],"product_brand":[],"product_cat":[20],"product_tag":[],"class_list":{"0":"post-6366","1":"product","2":"type-product","3":"status-publish","4":"has-post-thumbnail","6":"product_cat-abiye","8":"first","9":"outofstock","10":"taxable","11":"shipping-taxable","12":"purchasable","13":"product-type-variable"},"_links":{"self":[{"href":"https:\/\/gizemkis.com\/en\/wp-json\/wp\/v2\/product\/6366","targetHints":{"allow":["GET"]}}],"collection":[{"href":"https:\/\/gizemkis.com\/en\/wp-json\/wp\/v2\/product"}],"about":[{"href":"https:\/\/gizemkis.com\/en\/wp-json\/wp\/v2\/types\/product"}],"replies":[{"embeddable":true,"href":"https:\/\/gizemkis.com\/en\/wp-json\/wp\/v2\/comments?post=6366"}],"version-history":[{"count":0,"href":"https:\/\/gizemkis.com\/en\/wp-json\/wp\/v2\/product\/6366\/revisions"}],"wp:featuredmedia":[{"embeddable":true,"href":"https:\/\/gizemkis.com\/en\/wp-json\/wp\/v2\/media\/6416"}],"wp:attachment":[{"href":"https:\/\/gizemkis.com\/en\/wp-json\/wp\/v2\/media?parent=6366"}],"wp:term":[{"taxonomy":"product_brand","embeddable":true,"href":"https:\/\/gizemkis.com\/en\/wp-json\/wp\/v2\/product_brand?post=6366"},{"taxonomy":"product_cat","embeddable":true,"href":"https:\/\/gizemkis.com\/en\/wp-json\/wp\/v2\/product_cat?post=6366"},{"taxonomy":"product_tag","embeddable":true,"href":"https:\/\/gizemkis.com\/en\/wp-json\/wp\/v2\/product_tag?post=6366"}],"curies":[{"name":"wp","href":"https:\/\/api.w.org\/{rel}","templated":true}]}}