{"id":6370,"date":"2025-08-31T17:54:45","date_gmt":"2025-08-31T14:54:45","guid":{"rendered":"https:\/\/gizemkis.com\/?post_type=product&#038;p=6370"},"modified":"2026-02-24T17:29:16","modified_gmt":"2026-02-24T14:29:16","slug":"9015-mathilda","status":"publish","type":"product","link":"https:\/\/gizemkis.com\/en\/product\/9015-mathilda\/","title":{"rendered":"9015 MATH\u0130LDA"},"content":{"rendered":"<p>9015 Matilda Tesett\u00fcr Abiye<\/p>\n<p>\u015e\u0131kl\u0131\u011f\u0131 zarafetle harmanlayan Matilda Abiye, \u00f6zg\u00fcn detaylar\u0131yla koleksiyonun dikkat \u00e7eken par\u00e7alar\u0131ndan biridir.<\/p>\n<p>\ud83c\udf39 Tasar\u0131m \u00d6zellikleri:<\/p>\n<ul>\n<li>G\u00f6steri\u015fli duru\u015funu, ince i\u015f\u00e7ilikle haz\u0131rlanm\u0131\u015f zarif ta\u015f s\u00fcslemeleriyle ta\u00e7land\u0131r\u0131r.<\/li>\n<li>Bel k\u0131sm\u0131ndaki \u015f\u0131k ge\u00e7i\u015fler, bedene zarif bir form kazand\u0131r\u0131r ve dengeli bir siluet olu\u015fturur.<\/li>\n<li>Uzun kollu tasar\u0131m ve kapal\u0131 yaka detay\u0131yla tesett\u00fcr abiye \u015f\u0131kl\u0131\u011f\u0131n\u0131 en modern haliyle sunar.<\/li>\n<li>Etek k\u0131sm\u0131ndaki ak\u0131c\u0131 kuma\u015f d\u00f6k\u00fcm\u00fc, y\u00fcr\u00fcy\u00fc\u015f\u00fcn\u00fcze zarafet katar.<\/li>\n<\/ul>","protected":false},"excerpt":{"rendered":"<p>9015 Matilda Tesett\u00fcr Abiye \u015e\u0131kl\u0131\u011f\u0131 zarafetle harmanlayan Matilda Abiye, \u00f6zg\u00fcn detaylar\u0131yla koleksiyonun dikkat \u00e7eken par\u00e7alar\u0131ndan biridir. \ud83c\udf39 Tasar\u0131m \u00d6zellikleri: G\u00f6steri\u015fli<\/p>","protected":false},"featured_media":6442,"comment_status":"closed","ping_status":"closed","template":"","meta":[],"product_brand":[],"product_cat":[20],"product_tag":[],"class_list":{"0":"post-6370","1":"product","2":"type-product","3":"status-publish","4":"has-post-thumbnail","6":"product_cat-abiye","8":"first","9":"outofstock","10":"taxable","11":"shipping-taxable","12":"purchasable","13":"product-type-variable"},"_links":{"self":[{"href":"https:\/\/gizemkis.com\/en\/wp-json\/wp\/v2\/product\/6370","targetHints":{"allow":["GET"]}}],"collection":[{"href":"https:\/\/gizemkis.com\/en\/wp-json\/wp\/v2\/product"}],"about":[{"href":"https:\/\/gizemkis.com\/en\/wp-json\/wp\/v2\/types\/product"}],"replies":[{"embeddable":true,"href":"https:\/\/gizemkis.com\/en\/wp-json\/wp\/v2\/comments?post=6370"}],"version-history":[{"count":0,"href":"https:\/\/gizemkis.com\/en\/wp-json\/wp\/v2\/product\/6370\/revisions"}],"wp:featuredmedia":[{"embeddable":true,"href":"https:\/\/gizemkis.com\/en\/wp-json\/wp\/v2\/media\/6442"}],"wp:attachment":[{"href":"https:\/\/gizemkis.com\/en\/wp-json\/wp\/v2\/media?parent=6370"}],"wp:term":[{"taxonomy":"product_brand","embeddable":true,"href":"https:\/\/gizemkis.com\/en\/wp-json\/wp\/v2\/product_brand?post=6370"},{"taxonomy":"product_cat","embeddable":true,"href":"https:\/\/gizemkis.com\/en\/wp-json\/wp\/v2\/product_cat?post=6370"},{"taxonomy":"product_tag","embeddable":true,"href":"https:\/\/gizemkis.com\/en\/wp-json\/wp\/v2\/product_tag?post=6370"}],"curies":[{"name":"wp","href":"https:\/\/api.w.org\/{rel}","templated":true}]}}