{"id":6445,"date":"2025-08-31T20:49:16","date_gmt":"2025-08-31T17:49:16","guid":{"rendered":"https:\/\/gizemkis.com\/?post_type=product&#038;p=6445"},"modified":"2025-10-12T22:33:31","modified_gmt":"2025-10-12T19:33:31","slug":"9023-ariel","status":"publish","type":"product","link":"https:\/\/gizemkis.com\/en\/product\/9023-ariel\/","title":{"rendered":"9023 AR\u0130EL"},"content":{"rendered":"<p>\u2728 Gizem K\u0131\u015f Moda 9023 Ariel Abiye \u2728<\/p>\n<p>Zarafetin ve \u015f\u0131kl\u0131\u011f\u0131n bulu\u015ftu\u011fu Ariel modeli, \u00f6zel g\u00fcnlerinizde sizi bir ad\u0131m \u00f6ne ta\u015f\u0131yor. \u00d6zenle tasarlanm\u0131\u015f detaylar\u0131 ve modern kesimi ile g\u00f6z al\u0131c\u0131 bir g\u00f6r\u00fcn\u00fcm sunar.<\/p>\n<p>\ud83c\udf80 Ariel modeli, \u00f6zel davetlerden ni\u015fan ve d\u00fc\u011f\u00fcnlere kadar t\u00fcm \u015f\u0131kl\u0131k gerektiren anlar\u0131n\u0131z i\u00e7in tasarland\u0131. Kendinizi \u00f6zel hissetmek ve her bak\u0131\u015fta fark edilmek i\u00e7in ideal bir se\u00e7im!<\/p>","protected":false},"excerpt":{"rendered":"<p>\u2728 Gizem K\u0131\u015f Moda 9023 Ariel Abiye \u2728 Zarafetin ve \u015f\u0131kl\u0131\u011f\u0131n bulu\u015ftu\u011fu Ariel modeli, \u00f6zel g\u00fcnlerinizde sizi bir ad\u0131m \u00f6ne<\/p>","protected":false},"featured_media":6502,"comment_status":"closed","ping_status":"closed","template":"","meta":[],"product_brand":[],"product_cat":[20],"product_tag":[],"class_list":{"0":"post-6445","1":"product","2":"type-product","3":"status-publish","4":"has-post-thumbnail","6":"product_cat-abiye","8":"first","9":"outofstock","10":"taxable","11":"shipping-taxable","12":"purchasable","13":"product-type-variable"},"_links":{"self":[{"href":"https:\/\/gizemkis.com\/en\/wp-json\/wp\/v2\/product\/6445","targetHints":{"allow":["GET"]}}],"collection":[{"href":"https:\/\/gizemkis.com\/en\/wp-json\/wp\/v2\/product"}],"about":[{"href":"https:\/\/gizemkis.com\/en\/wp-json\/wp\/v2\/types\/product"}],"replies":[{"embeddable":true,"href":"https:\/\/gizemkis.com\/en\/wp-json\/wp\/v2\/comments?post=6445"}],"version-history":[{"count":0,"href":"https:\/\/gizemkis.com\/en\/wp-json\/wp\/v2\/product\/6445\/revisions"}],"wp:featuredmedia":[{"embeddable":true,"href":"https:\/\/gizemkis.com\/en\/wp-json\/wp\/v2\/media\/6502"}],"wp:attachment":[{"href":"https:\/\/gizemkis.com\/en\/wp-json\/wp\/v2\/media?parent=6445"}],"wp:term":[{"taxonomy":"product_brand","embeddable":true,"href":"https:\/\/gizemkis.com\/en\/wp-json\/wp\/v2\/product_brand?post=6445"},{"taxonomy":"product_cat","embeddable":true,"href":"https:\/\/gizemkis.com\/en\/wp-json\/wp\/v2\/product_cat?post=6445"},{"taxonomy":"product_tag","embeddable":true,"href":"https:\/\/gizemkis.com\/en\/wp-json\/wp\/v2\/product_tag?post=6445"}],"curies":[{"name":"wp","href":"https:\/\/api.w.org\/{rel}","templated":true}]}}