{"id":6463,"date":"2025-09-04T14:58:53","date_gmt":"2025-09-04T11:58:53","guid":{"rendered":"https:\/\/gizemkis.com\/?post_type=product&#038;p=6463"},"modified":"2025-10-12T22:35:01","modified_gmt":"2025-10-12T19:35:01","slug":"9036-asen","status":"publish","type":"product","link":"https:\/\/gizemkis.com\/en\/product\/9036-asen\/","title":{"rendered":"9036 ASEN"},"content":{"rendered":"<ul>\n<li>E\u015fsiz Zarafet: Klasik \u00e7izgisi ve v\u00fccut hatlar\u0131n\u0131z\u0131 zarif\u00e7e saran kesimiyle her ortamda g\u00f6z al\u0131c\u0131 bir \u015f\u0131kl\u0131k sunar.<\/li>\n<li>Konforlu Krepe Kuma\u015f: Yumu\u015fac\u0131k dokusuyla g\u00fcn boyu rahat bir kullan\u0131m sunar, hafif yap\u0131s\u0131 ise \u00f6zg\u00fcrce hareket etmenize olanak tan\u0131r.<\/li>\n<li>\u00d6zg\u00fcn \u0130\u015flemeler: \u0130thal malzeme yerine ger\u00e7ek el i\u015f\u00e7ili\u011fiyle s\u00fcslenen motifler, elbiseye benzersiz bir zarafet katar.<\/li>\n<li>\u00d6zel Gecelerin Y\u0131ld\u0131z\u0131: Zarif ve g\u00f6z al\u0131c\u0131 tasar\u0131m\u0131yla \u00f6zel davetlerde t\u00fcm bak\u0131\u015flar\u0131 \u00fczerinizde toplar, kendinizi bir y\u0131ld\u0131z gibi hissettirir.<\/li>\n<\/ul>","protected":false},"excerpt":{"rendered":"<p>E\u015fsiz Zarafet: Klasik \u00e7izgisi ve v\u00fccut hatlar\u0131n\u0131z\u0131 zarif\u00e7e saran kesimiyle her ortamda g\u00f6z al\u0131c\u0131 bir \u015f\u0131kl\u0131k sunar. Konforlu Krepe Kuma\u015f:<\/p>","protected":false},"featured_media":6574,"comment_status":"closed","ping_status":"closed","template":"","meta":[],"product_brand":[],"product_cat":[20],"product_tag":[],"class_list":{"0":"post-6463","1":"product","2":"type-product","3":"status-publish","4":"has-post-thumbnail","6":"product_cat-abiye","8":"first","9":"outofstock","10":"taxable","11":"shipping-taxable","12":"purchasable","13":"product-type-variable"},"_links":{"self":[{"href":"https:\/\/gizemkis.com\/en\/wp-json\/wp\/v2\/product\/6463","targetHints":{"allow":["GET"]}}],"collection":[{"href":"https:\/\/gizemkis.com\/en\/wp-json\/wp\/v2\/product"}],"about":[{"href":"https:\/\/gizemkis.com\/en\/wp-json\/wp\/v2\/types\/product"}],"replies":[{"embeddable":true,"href":"https:\/\/gizemkis.com\/en\/wp-json\/wp\/v2\/comments?post=6463"}],"version-history":[{"count":0,"href":"https:\/\/gizemkis.com\/en\/wp-json\/wp\/v2\/product\/6463\/revisions"}],"wp:featuredmedia":[{"embeddable":true,"href":"https:\/\/gizemkis.com\/en\/wp-json\/wp\/v2\/media\/6574"}],"wp:attachment":[{"href":"https:\/\/gizemkis.com\/en\/wp-json\/wp\/v2\/media?parent=6463"}],"wp:term":[{"taxonomy":"product_brand","embeddable":true,"href":"https:\/\/gizemkis.com\/en\/wp-json\/wp\/v2\/product_brand?post=6463"},{"taxonomy":"product_cat","embeddable":true,"href":"https:\/\/gizemkis.com\/en\/wp-json\/wp\/v2\/product_cat?post=6463"},{"taxonomy":"product_tag","embeddable":true,"href":"https:\/\/gizemkis.com\/en\/wp-json\/wp\/v2\/product_tag?post=6463"}],"curies":[{"name":"wp","href":"https:\/\/api.w.org\/{rel}","templated":true}]}}