{"id":6589,"date":"2025-09-12T22:42:11","date_gmt":"2025-09-12T19:42:11","guid":{"rendered":"https:\/\/gizemkis.com\/?post_type=product&#038;p=6589"},"modified":"2025-10-12T22:50:36","modified_gmt":"2025-10-12T19:50:36","slug":"violet-haki","status":"publish","type":"product","link":"https:\/\/gizemkis.com\/en\/product\/violet-haki\/","title":{"rendered":"V\u0130OLET HAK\u0130"},"content":{"rendered":"<p><strong data-start=\"0\" data-end=\"16\" data-is-only-node=\"\">Violet abiye<\/strong>, ad\u0131n\u0131 ald\u0131\u011f\u0131 menek\u015fe (violet) renginin asaletini yans\u0131tan zarif bir abiye modelidir. Genellikle mor, lavanta veya leylak tonlar\u0131nda tasarlan\u0131r ve romantik, sofistike bir hava ta\u015f\u0131r. T\u00fcl, saten ya da dantel gibi feminen kuma\u015flarla zenginle\u015ftirilir. Violet abiye; ni\u015fan, d\u00fc\u011f\u00fcn, mezuniyet veya \u00f6zel davetlerde fark edilmek isteyenler i\u00e7in ideal bir tercihtir. Hem klasik hem modern detaylar\u0131yla dikkat \u00e7eker.<\/p>","protected":false},"excerpt":{"rendered":"<p>Violet abiye; ni\u015fan, d\u00fc\u011f\u00fcn, mezuniyet veya \u00f6zel davetlerde fark edilmek isteyenler i\u00e7in ideal bir tercihtir. Hem klasik hem modern detaylar\u0131yla dikkat \u00e7eker.<\/p>","protected":false},"featured_media":6637,"comment_status":"closed","ping_status":"closed","template":"","meta":[],"product_brand":[],"product_cat":[20],"product_tag":[],"class_list":{"0":"post-6589","1":"product","2":"type-product","3":"status-publish","4":"has-post-thumbnail","6":"product_cat-abiye","8":"first","9":"outofstock","10":"taxable","11":"shipping-taxable","12":"purchasable","13":"product-type-variable"},"_links":{"self":[{"href":"https:\/\/gizemkis.com\/en\/wp-json\/wp\/v2\/product\/6589","targetHints":{"allow":["GET"]}}],"collection":[{"href":"https:\/\/gizemkis.com\/en\/wp-json\/wp\/v2\/product"}],"about":[{"href":"https:\/\/gizemkis.com\/en\/wp-json\/wp\/v2\/types\/product"}],"replies":[{"embeddable":true,"href":"https:\/\/gizemkis.com\/en\/wp-json\/wp\/v2\/comments?post=6589"}],"version-history":[{"count":0,"href":"https:\/\/gizemkis.com\/en\/wp-json\/wp\/v2\/product\/6589\/revisions"}],"wp:featuredmedia":[{"embeddable":true,"href":"https:\/\/gizemkis.com\/en\/wp-json\/wp\/v2\/media\/6637"}],"wp:attachment":[{"href":"https:\/\/gizemkis.com\/en\/wp-json\/wp\/v2\/media?parent=6589"}],"wp:term":[{"taxonomy":"product_brand","embeddable":true,"href":"https:\/\/gizemkis.com\/en\/wp-json\/wp\/v2\/product_brand?post=6589"},{"taxonomy":"product_cat","embeddable":true,"href":"https:\/\/gizemkis.com\/en\/wp-json\/wp\/v2\/product_cat?post=6589"},{"taxonomy":"product_tag","embeddable":true,"href":"https:\/\/gizemkis.com\/en\/wp-json\/wp\/v2\/product_tag?post=6589"}],"curies":[{"name":"wp","href":"https:\/\/api.w.org\/{rel}","templated":true}]}}