{"id":6846,"date":"2026-04-12T23:15:11","date_gmt":"2026-04-12T20:15:11","guid":{"rendered":"https:\/\/gizemkis.com\/?post_type=product&#038;p=6846"},"modified":"2026-04-14T20:44:30","modified_gmt":"2026-04-14T17:44:30","slug":"3004-abiye","status":"publish","type":"product","link":"https:\/\/gizemkis.com\/en\/product\/3004-abiye\/","title":{"rendered":"3004 Abiye"},"content":{"rendered":"<p>\u0130thal dantelin narin g\u00f6r\u00fcn\u00fcm\u00fc ile omega kuma\u015f\u0131n g\u00fc\u00e7l\u00fc ve tok duru\u015funu dengeleyen, son derece modern bir sil\u00fcet.<\/p>","protected":false},"excerpt":{"rendered":"<p>\u0130thal dantelin narin g\u00f6r\u00fcn\u00fcm\u00fc ile omega kuma\u015f\u0131n g\u00fc\u00e7l\u00fc ve tok duru\u015funu dengeleyen, son derece modern bir sil\u00fcet.<\/p>","protected":false},"featured_media":6870,"comment_status":"closed","ping_status":"closed","template":"","meta":[],"product_brand":[],"product_cat":[20],"product_tag":[],"class_list":{"0":"post-6846","1":"product","2":"type-product","3":"status-publish","4":"has-post-thumbnail","6":"product_cat-abiye","8":"first","9":"instock","10":"taxable","11":"shipping-taxable","12":"purchasable","13":"product-type-variable"},"_links":{"self":[{"href":"https:\/\/gizemkis.com\/en\/wp-json\/wp\/v2\/product\/6846","targetHints":{"allow":["GET"]}}],"collection":[{"href":"https:\/\/gizemkis.com\/en\/wp-json\/wp\/v2\/product"}],"about":[{"href":"https:\/\/gizemkis.com\/en\/wp-json\/wp\/v2\/types\/product"}],"replies":[{"embeddable":true,"href":"https:\/\/gizemkis.com\/en\/wp-json\/wp\/v2\/comments?post=6846"}],"version-history":[{"count":2,"href":"https:\/\/gizemkis.com\/en\/wp-json\/wp\/v2\/product\/6846\/revisions"}],"predecessor-version":[{"id":7354,"href":"https:\/\/gizemkis.com\/en\/wp-json\/wp\/v2\/product\/6846\/revisions\/7354"}],"wp:featuredmedia":[{"embeddable":true,"href":"https:\/\/gizemkis.com\/en\/wp-json\/wp\/v2\/media\/6870"}],"wp:attachment":[{"href":"https:\/\/gizemkis.com\/en\/wp-json\/wp\/v2\/media?parent=6846"}],"wp:term":[{"taxonomy":"product_brand","embeddable":true,"href":"https:\/\/gizemkis.com\/en\/wp-json\/wp\/v2\/product_brand?post=6846"},{"taxonomy":"product_cat","embeddable":true,"href":"https:\/\/gizemkis.com\/en\/wp-json\/wp\/v2\/product_cat?post=6846"},{"taxonomy":"product_tag","embeddable":true,"href":"https:\/\/gizemkis.com\/en\/wp-json\/wp\/v2\/product_tag?post=6846"}],"curies":[{"name":"wp","href":"https:\/\/api.w.org\/{rel}","templated":true}]}}