{"id":6905,"date":"2026-04-13T18:15:41","date_gmt":"2026-04-13T15:15:41","guid":{"rendered":"https:\/\/gizemkis.com\/?post_type=product&#038;p=6905"},"modified":"2026-04-14T20:43:35","modified_gmt":"2026-04-14T17:43:35","slug":"3006-abiye","status":"publish","type":"product","link":"https:\/\/gizemkis.com\/en\/product\/3006-abiye\/","title":{"rendered":"3006 Abiye"},"content":{"rendered":"<p>\u0130thal dantel detaylar\u0131yla zenginle\u015ftirilmi\u015f club satenin ekstra parlak ve g\u00f6z al\u0131c\u0131 yap\u0131s\u0131yla, \u00f6zel gecelerin y\u0131ld\u0131z\u0131 olman\u0131z\u0131 sa\u011flar.<\/p>","protected":false},"excerpt":{"rendered":"<p>\u0130thal dantel detaylar\u0131yla zenginle\u015ftirilmi\u015f club satenin ekstra parlak ve g\u00f6z al\u0131c\u0131 yap\u0131s\u0131yla, \u00f6zel gecelerin y\u0131ld\u0131z\u0131 olman\u0131z\u0131 sa\u011flar.<\/p>","protected":false},"featured_media":6921,"comment_status":"closed","ping_status":"closed","template":"","meta":[],"product_brand":[],"product_cat":[20],"product_tag":[],"class_list":{"0":"post-6905","1":"product","2":"type-product","3":"status-publish","4":"has-post-thumbnail","6":"product_cat-abiye","8":"first","9":"instock","10":"taxable","11":"shipping-taxable","12":"purchasable","13":"product-type-variable"},"_links":{"self":[{"href":"https:\/\/gizemkis.com\/en\/wp-json\/wp\/v2\/product\/6905","targetHints":{"allow":["GET"]}}],"collection":[{"href":"https:\/\/gizemkis.com\/en\/wp-json\/wp\/v2\/product"}],"about":[{"href":"https:\/\/gizemkis.com\/en\/wp-json\/wp\/v2\/types\/product"}],"replies":[{"embeddable":true,"href":"https:\/\/gizemkis.com\/en\/wp-json\/wp\/v2\/comments?post=6905"}],"version-history":[{"count":2,"href":"https:\/\/gizemkis.com\/en\/wp-json\/wp\/v2\/product\/6905\/revisions"}],"predecessor-version":[{"id":7348,"href":"https:\/\/gizemkis.com\/en\/wp-json\/wp\/v2\/product\/6905\/revisions\/7348"}],"wp:featuredmedia":[{"embeddable":true,"href":"https:\/\/gizemkis.com\/en\/wp-json\/wp\/v2\/media\/6921"}],"wp:attachment":[{"href":"https:\/\/gizemkis.com\/en\/wp-json\/wp\/v2\/media?parent=6905"}],"wp:term":[{"taxonomy":"product_brand","embeddable":true,"href":"https:\/\/gizemkis.com\/en\/wp-json\/wp\/v2\/product_brand?post=6905"},{"taxonomy":"product_cat","embeddable":true,"href":"https:\/\/gizemkis.com\/en\/wp-json\/wp\/v2\/product_cat?post=6905"},{"taxonomy":"product_tag","embeddable":true,"href":"https:\/\/gizemkis.com\/en\/wp-json\/wp\/v2\/product_tag?post=6905"}],"curies":[{"name":"wp","href":"https:\/\/api.w.org\/{rel}","templated":true}]}}