{"id":7010,"date":"2026-04-13T18:47:43","date_gmt":"2026-04-13T15:47:43","guid":{"rendered":"https:\/\/gizemkis.com\/?post_type=product&#038;p=7010"},"modified":"2026-04-14T20:42:50","modified_gmt":"2026-04-14T17:42:50","slug":"3016-abiye","status":"publish","type":"product","link":"https:\/\/gizemkis.com\/en\/product\/3016-abiye\/","title":{"rendered":"3016 Abiye"},"content":{"rendered":"<p>Omega kuma\u015f\u0131n tok ve net duru\u015fuyla hatlar\u0131 belirginle\u015ftiren, modern ve iddial\u0131 bir g\u00f6r\u00fcn\u00fcm.<\/p>","protected":false},"excerpt":{"rendered":"<p>Omega kuma\u015f\u0131n tok ve net duru\u015fuyla hatlar\u0131 belirginle\u015ftiren, modern ve iddial\u0131 bir g\u00f6r\u00fcn\u00fcm.<\/p>","protected":false},"featured_media":7015,"comment_status":"closed","ping_status":"closed","template":"","meta":[],"product_brand":[],"product_cat":[20],"product_tag":[],"class_list":{"0":"post-7010","1":"product","2":"type-product","3":"status-publish","4":"has-post-thumbnail","6":"product_cat-abiye","8":"first","9":"instock","10":"taxable","11":"shipping-taxable","12":"purchasable","13":"product-type-variable"},"_links":{"self":[{"href":"https:\/\/gizemkis.com\/en\/wp-json\/wp\/v2\/product\/7010","targetHints":{"allow":["GET"]}}],"collection":[{"href":"https:\/\/gizemkis.com\/en\/wp-json\/wp\/v2\/product"}],"about":[{"href":"https:\/\/gizemkis.com\/en\/wp-json\/wp\/v2\/types\/product"}],"replies":[{"embeddable":true,"href":"https:\/\/gizemkis.com\/en\/wp-json\/wp\/v2\/comments?post=7010"}],"version-history":[{"count":3,"href":"https:\/\/gizemkis.com\/en\/wp-json\/wp\/v2\/product\/7010\/revisions"}],"predecessor-version":[{"id":7344,"href":"https:\/\/gizemkis.com\/en\/wp-json\/wp\/v2\/product\/7010\/revisions\/7344"}],"wp:featuredmedia":[{"embeddable":true,"href":"https:\/\/gizemkis.com\/en\/wp-json\/wp\/v2\/media\/7015"}],"wp:attachment":[{"href":"https:\/\/gizemkis.com\/en\/wp-json\/wp\/v2\/media?parent=7010"}],"wp:term":[{"taxonomy":"product_brand","embeddable":true,"href":"https:\/\/gizemkis.com\/en\/wp-json\/wp\/v2\/product_brand?post=7010"},{"taxonomy":"product_cat","embeddable":true,"href":"https:\/\/gizemkis.com\/en\/wp-json\/wp\/v2\/product_cat?post=7010"},{"taxonomy":"product_tag","embeddable":true,"href":"https:\/\/gizemkis.com\/en\/wp-json\/wp\/v2\/product_tag?post=7010"}],"curies":[{"name":"wp","href":"https:\/\/api.w.org\/{rel}","templated":true}]}}