{"id":7136,"date":"2026-04-13T19:14:33","date_gmt":"2026-04-13T16:14:33","guid":{"rendered":"https:\/\/gizemkis.com\/?post_type=product&#038;p=7136"},"modified":"2026-04-14T20:40:47","modified_gmt":"2026-04-14T17:40:47","slug":"3026-abiye","status":"publish","type":"product","link":"https:\/\/gizemkis.com\/en\/product\/3026-abiye\/","title":{"rendered":"3026 Abiye"},"content":{"rendered":"<p>\u0130thal dantelin romantik zarafetini, lora organzenin hafif ve hacimli yap\u0131s\u0131yla bulu\u015fturan, dikkat \u00e7ekici ve masals\u0131 bir tasar\u0131m.<\/p>","protected":false},"excerpt":{"rendered":"<p>\u0130thal dantelin romantik zarafetini, lora organzenin hafif ve hacimli yap\u0131s\u0131yla bulu\u015fturan, dikkat \u00e7ekici ve masals\u0131 bir tasar\u0131m.<\/p>","protected":false},"featured_media":7162,"comment_status":"closed","ping_status":"closed","template":"","meta":[],"product_brand":[],"product_cat":[20],"product_tag":[],"class_list":{"0":"post-7136","1":"product","2":"type-product","3":"status-publish","4":"has-post-thumbnail","6":"product_cat-abiye","8":"first","9":"instock","10":"taxable","11":"shipping-taxable","12":"purchasable","13":"product-type-variable"},"_links":{"self":[{"href":"https:\/\/gizemkis.com\/en\/wp-json\/wp\/v2\/product\/7136","targetHints":{"allow":["GET"]}}],"collection":[{"href":"https:\/\/gizemkis.com\/en\/wp-json\/wp\/v2\/product"}],"about":[{"href":"https:\/\/gizemkis.com\/en\/wp-json\/wp\/v2\/types\/product"}],"replies":[{"embeddable":true,"href":"https:\/\/gizemkis.com\/en\/wp-json\/wp\/v2\/comments?post=7136"}],"version-history":[{"count":2,"href":"https:\/\/gizemkis.com\/en\/wp-json\/wp\/v2\/product\/7136\/revisions"}],"predecessor-version":[{"id":7335,"href":"https:\/\/gizemkis.com\/en\/wp-json\/wp\/v2\/product\/7136\/revisions\/7335"}],"wp:featuredmedia":[{"embeddable":true,"href":"https:\/\/gizemkis.com\/en\/wp-json\/wp\/v2\/media\/7162"}],"wp:attachment":[{"href":"https:\/\/gizemkis.com\/en\/wp-json\/wp\/v2\/media?parent=7136"}],"wp:term":[{"taxonomy":"product_brand","embeddable":true,"href":"https:\/\/gizemkis.com\/en\/wp-json\/wp\/v2\/product_brand?post=7136"},{"taxonomy":"product_cat","embeddable":true,"href":"https:\/\/gizemkis.com\/en\/wp-json\/wp\/v2\/product_cat?post=7136"},{"taxonomy":"product_tag","embeddable":true,"href":"https:\/\/gizemkis.com\/en\/wp-json\/wp\/v2\/product_tag?post=7136"}],"curies":[{"name":"wp","href":"https:\/\/api.w.org\/{rel}","templated":true}]}}